{"id":24354,"date":"2025-11-20T12:51:38","date_gmt":"2025-11-20T12:51:38","guid":{"rendered":"https:\/\/thaissl.com\/?post_type=product&#038;p=24354"},"modified":"2025-12-03T08:17:19","modified_gmt":"2025-12-03T08:17:19","slug":"kit-calefaccion","status":"publish","type":"product","link":"https:\/\/thaissl.com\/fr\/boutique\/accesorios-camper\/kit-calefaccion\/","title":{"rendered":"Kit Calefacci\u00f3n"},"content":{"rendered":"<p>Sistema de prolongaci\u00f3n del aire caliente de la calefacci\u00f3n estacionaria a la parte superior de la furgo ayud\u00e1ndo a repartir equitativamente el calor.<\/p>\n<p>Muy r\u00e1pido y f\u00e1cil de instalar, simplemente a presi\u00f3n sobre la rejilla del aire.<\/p>\n","protected":false},"excerpt":{"rendered":"<p>Sistema de prolongaci\u00f3n del aire caliente de la calefacci\u00f3n estacionaria a la parte superior de la furgo ayud\u00e1ndo a repartir equitativamente el calor. Muy r\u00e1pido&#8230;<\/p>\n","protected":false},"featured_media":24358,"template":"","meta":[],"etheme_brands":[],"product_brand":[],"product_cat":[116,15],"product_tag":[],"class_list":{"0":"post-24354","1":"product","2":"type-product","3":"status-publish","4":"has-post-thumbnail","6":"product_cat-accesorios-camper","7":"product_cat-thais","8":"product_shipping_class-standard-c2","10":"first","11":"instock","12":"taxable","13":"shipping-taxable","14":"purchasable","15":"product-type-variable"},"_links":{"self":[{"href":"https:\/\/thaissl.com\/fr\/wp-json\/wp\/v2\/product\/24354","targetHints":{"allow":["GET"]}}],"collection":[{"href":"https:\/\/thaissl.com\/fr\/wp-json\/wp\/v2\/product"}],"about":[{"href":"https:\/\/thaissl.com\/fr\/wp-json\/wp\/v2\/types\/product"}],"version-history":[{"count":2,"href":"https:\/\/thaissl.com\/fr\/wp-json\/wp\/v2\/product\/24354\/revisions"}],"predecessor-version":[{"id":24534,"href":"https:\/\/thaissl.com\/fr\/wp-json\/wp\/v2\/product\/24354\/revisions\/24534"}],"wp:featuredmedia":[{"embeddable":true,"href":"https:\/\/thaissl.com\/fr\/wp-json\/wp\/v2\/media\/24358"}],"wp:attachment":[{"href":"https:\/\/thaissl.com\/fr\/wp-json\/wp\/v2\/media?parent=24354"}],"wp:term":[{"taxonomy":"brand","embeddable":true,"href":"https:\/\/thaissl.com\/fr\/wp-json\/wp\/v2\/etheme_brands?post=24354"},{"taxonomy":"product_brand","embeddable":true,"href":"https:\/\/thaissl.com\/fr\/wp-json\/wp\/v2\/product_brand?post=24354"},{"taxonomy":"product_cat","embeddable":true,"href":"https:\/\/thaissl.com\/fr\/wp-json\/wp\/v2\/product_cat?post=24354"},{"taxonomy":"product_tag","embeddable":true,"href":"https:\/\/thaissl.com\/fr\/wp-json\/wp\/v2\/product_tag?post=24354"}],"curies":[{"name":"wp","href":"https:\/\/api.w.org\/{rel}","templated":true}]}}