{"id":13727,"date":"2023-05-11T14:22:29","date_gmt":"2023-05-11T14:22:29","guid":{"rendered":"https:\/\/thais.miempresa.online\/producto\/base-pour-refrigerateur-vw\/"},"modified":"2024-02-19T12:03:27","modified_gmt":"2024-02-19T12:03:27","slug":"base-refrigerateur-vw","status":"publish","type":"product","link":"https:\/\/thaissl.com\/fr\/boutique\/accessoires-pour-fourgons-camper\/base-refrigerateur-vw\/","title":{"rendered":"Base pour r\u00e9frig\u00e9rateur VW"},"content":{"rendered":"<p>Dometic CFX45 Dimensions int\u00e9rieures de la base : 63*41cm<\/p>\n<p>Dometic CFX40 Dimensions int\u00e9rieures de la base: 61*38cm<\/p>\n<p>Dometic CFX28\/36 Dimensions int\u00e9rieures de la base: 54*32cm<\/p>\n<p>Indel TB 51\/41\/31 Dimensions int\u00e9rieures de la base: 34*57cm<\/p>\n<p>Mobicool 40Dimensions int\u00e9rieures de la base: 56*33,5cm<\/p>\n","protected":false},"excerpt":{"rendered":"<p>Base en aluminium peinte en gris clair pour fixer le r\u00e9frig\u00e9rateur aux rails des California et Multivan.<\/p>\n<p><span style=\"color: #800000;\">Uniquement compatible avec le mod\u00e8le California Beach Camper (avec cuisini\u00e8re) dans la position indiqu\u00e9e sur la photo.<\/span><\/p>\n","protected":false},"featured_media":11597,"template":"","meta":[],"etheme_brands":[],"product_brand":[],"product_cat":[123],"product_tag":[],"class_list":{"0":"post-13727","1":"product","2":"type-product","3":"status-publish","4":"has-post-thumbnail","6":"product_cat-accessoires-pour-fourgons-camper","7":"product_shipping_class-standard-c3-fr","9":"first","10":"instock","11":"taxable","12":"shipping-taxable","13":"purchasable","14":"product-type-variable"},"_links":{"self":[{"href":"https:\/\/thaissl.com\/fr\/wp-json\/wp\/v2\/product\/13727","targetHints":{"allow":["GET"]}}],"collection":[{"href":"https:\/\/thaissl.com\/fr\/wp-json\/wp\/v2\/product"}],"about":[{"href":"https:\/\/thaissl.com\/fr\/wp-json\/wp\/v2\/types\/product"}],"version-history":[{"count":1,"href":"https:\/\/thaissl.com\/fr\/wp-json\/wp\/v2\/product\/13727\/revisions"}],"predecessor-version":[{"id":16678,"href":"https:\/\/thaissl.com\/fr\/wp-json\/wp\/v2\/product\/13727\/revisions\/16678"}],"wp:featuredmedia":[{"embeddable":true,"href":"https:\/\/thaissl.com\/fr\/wp-json\/wp\/v2\/media\/11597"}],"wp:attachment":[{"href":"https:\/\/thaissl.com\/fr\/wp-json\/wp\/v2\/media?parent=13727"}],"wp:term":[{"taxonomy":"brand","embeddable":true,"href":"https:\/\/thaissl.com\/fr\/wp-json\/wp\/v2\/etheme_brands?post=13727"},{"taxonomy":"product_brand","embeddable":true,"href":"https:\/\/thaissl.com\/fr\/wp-json\/wp\/v2\/product_brand?post=13727"},{"taxonomy":"product_cat","embeddable":true,"href":"https:\/\/thaissl.com\/fr\/wp-json\/wp\/v2\/product_cat?post=13727"},{"taxonomy":"product_tag","embeddable":true,"href":"https:\/\/thaissl.com\/fr\/wp-json\/wp\/v2\/product_tag?post=13727"}],"curies":[{"name":"wp","href":"https:\/\/api.w.org\/{rel}","templated":true}]}}