{"id":13724,"date":"2023-05-11T15:23:19","date_gmt":"2023-05-11T15:23:19","guid":{"rendered":"https:\/\/thais.miempresa.online\/producto\/etagere-laterale-pour-vw-california\/"},"modified":"2024-02-19T14:11:55","modified_gmt":"2024-02-19T14:11:55","slug":"etagere-laterale-vw-california","status":"publish","type":"product","link":"https:\/\/thaissl.com\/fr\/boutique\/accessoires-pour-fourgons-camper\/etagere-laterale-vw-california\/","title":{"rendered":"\u00c9tag\u00e8re lat\u00e9rale pour VW California"},"content":{"rendered":"<p>Dimensions : 118*15*9cm (hauteur) Capacit\u00e9 de stockage : 16L<\/p>\n<p>Id\u00e9ale pour le rangement de papier de cuisine, d&rsquo;\u00e9pices, de collations, de chiffons, de serviettes, etc.<\/p>\n<p>Pack de 3 crochets en option.<\/p>\n<p><iframe loading=\"lazy\" title=\"\u00c9tag\u00e8re\" src=\"https:\/\/www.youtube.com\/embed\/9RzZIvwyywY\" width=\"949\" height=\"534\" frameborder=\"0\" allowfullscreen=\"allowfullscreen\"><\/iframe><\/p>\n","protected":false},"excerpt":{"rendered":"<p>Disponible pour VW T5\/T6\/T6.1 California Beach\/Ocean\/Confortline<\/p>\n<p>\u00c9tag\u00e8re fabriqu\u00e9e en aluminium peint en gris clair.<\/p>\n<p>S&rsquo;installe en 5 secondes, aucun mat\u00e9riel de fixation n\u00e9cessaire.<\/p>\n","protected":false},"featured_media":11782,"template":"","meta":[],"etheme_brands":[],"product_brand":[],"product_cat":[123],"product_tag":[],"class_list":{"0":"post-13724","1":"product","2":"type-product","3":"status-publish","4":"has-post-thumbnail","6":"product_cat-accessoires-pour-fourgons-camper","7":"product_shipping_class-standard-c5-fr","9":"first","10":"instock","11":"taxable","12":"shipping-taxable","13":"purchasable","14":"product-type-variable"},"_links":{"self":[{"href":"https:\/\/thaissl.com\/fr\/wp-json\/wp\/v2\/product\/13724","targetHints":{"allow":["GET"]}}],"collection":[{"href":"https:\/\/thaissl.com\/fr\/wp-json\/wp\/v2\/product"}],"about":[{"href":"https:\/\/thaissl.com\/fr\/wp-json\/wp\/v2\/types\/product"}],"version-history":[{"count":1,"href":"https:\/\/thaissl.com\/fr\/wp-json\/wp\/v2\/product\/13724\/revisions"}],"predecessor-version":[{"id":16718,"href":"https:\/\/thaissl.com\/fr\/wp-json\/wp\/v2\/product\/13724\/revisions\/16718"}],"wp:featuredmedia":[{"embeddable":true,"href":"https:\/\/thaissl.com\/fr\/wp-json\/wp\/v2\/media\/11782"}],"wp:attachment":[{"href":"https:\/\/thaissl.com\/fr\/wp-json\/wp\/v2\/media?parent=13724"}],"wp:term":[{"taxonomy":"brand","embeddable":true,"href":"https:\/\/thaissl.com\/fr\/wp-json\/wp\/v2\/etheme_brands?post=13724"},{"taxonomy":"product_brand","embeddable":true,"href":"https:\/\/thaissl.com\/fr\/wp-json\/wp\/v2\/product_brand?post=13724"},{"taxonomy":"product_cat","embeddable":true,"href":"https:\/\/thaissl.com\/fr\/wp-json\/wp\/v2\/product_cat?post=13724"},{"taxonomy":"product_tag","embeddable":true,"href":"https:\/\/thaissl.com\/fr\/wp-json\/wp\/v2\/product_tag?post=13724"}],"curies":[{"name":"wp","href":"https:\/\/api.w.org\/{rel}","templated":true}]}}