{"id":13721,"date":"2023-05-11T15:30:47","date_gmt":"2023-05-11T15:30:47","guid":{"rendered":"https:\/\/thais.miempresa.online\/producto\/base-porte-potti\/"},"modified":"2024-02-19T14:14:53","modified_gmt":"2024-02-19T14:14:53","slug":"base-porte-potti","status":"publish","type":"product","link":"https:\/\/thaissl.com\/fr\/boutique\/accessoires-pour-fourgons-camper\/base-porte-potti\/","title":{"rendered":"Base Porte Potti"},"content":{"rendered":"<p><span style=\"color: #800000;\">Pour VW California Camper T6.1 avec gaz : certains mod\u00e8les ne peuvent pas \u00eatre plac\u00e9s derri\u00e8re le si\u00e8ge du conducteur car l&rsquo;espace pour la bouteille de gaz est tr\u00e8s proche du rail.<\/span><\/p>\n<p>Compatible avec les nouveaux mod\u00e8les Thedford.<\/p>\n<p><span style=\"color: #800000;\">Optionnel : Sangle velcro anti-renversement.<\/span><\/p>\n<p><iframe loading=\"lazy\" title=\"BASE pour Porte Potti\" src=\"https:\/\/www.youtube.com\/embed\/mr8Wlx1XCT0\" width=\"949\" height=\"534\" frameborder=\"0\" allowfullscreen=\"allowfullscreen\"><\/iframe><\/p>\n","protected":false},"excerpt":{"rendered":"<p>Base en aluminium peinte en gris clair pour fixer le Potti aux rails des California, Multivan ou Mercedes Marco Polo.<\/p>\n<p><span style=\"color: #800000;\">IMPORTANT : Veuillez v\u00e9rifier les dimensions.<\/span><\/p>\n","protected":false},"featured_media":11798,"template":"","meta":[],"etheme_brands":[],"product_brand":[],"product_cat":[123],"product_tag":[],"class_list":{"0":"post-13721","1":"product","2":"type-product","3":"status-publish","4":"has-post-thumbnail","6":"product_cat-accessoires-pour-fourgons-camper","7":"product_shipping_class-standard-c3-fr","9":"first","10":"instock","11":"taxable","12":"shipping-taxable","13":"purchasable","14":"product-type-variable"},"_links":{"self":[{"href":"https:\/\/thaissl.com\/fr\/wp-json\/wp\/v2\/product\/13721","targetHints":{"allow":["GET"]}}],"collection":[{"href":"https:\/\/thaissl.com\/fr\/wp-json\/wp\/v2\/product"}],"about":[{"href":"https:\/\/thaissl.com\/fr\/wp-json\/wp\/v2\/types\/product"}],"version-history":[{"count":1,"href":"https:\/\/thaissl.com\/fr\/wp-json\/wp\/v2\/product\/13721\/revisions"}],"predecessor-version":[{"id":16736,"href":"https:\/\/thaissl.com\/fr\/wp-json\/wp\/v2\/product\/13721\/revisions\/16736"}],"wp:featuredmedia":[{"embeddable":true,"href":"https:\/\/thaissl.com\/fr\/wp-json\/wp\/v2\/media\/11798"}],"wp:attachment":[{"href":"https:\/\/thaissl.com\/fr\/wp-json\/wp\/v2\/media?parent=13721"}],"wp:term":[{"taxonomy":"brand","embeddable":true,"href":"https:\/\/thaissl.com\/fr\/wp-json\/wp\/v2\/etheme_brands?post=13721"},{"taxonomy":"product_brand","embeddable":true,"href":"https:\/\/thaissl.com\/fr\/wp-json\/wp\/v2\/product_brand?post=13721"},{"taxonomy":"product_cat","embeddable":true,"href":"https:\/\/thaissl.com\/fr\/wp-json\/wp\/v2\/product_cat?post=13721"},{"taxonomy":"product_tag","embeddable":true,"href":"https:\/\/thaissl.com\/fr\/wp-json\/wp\/v2\/product_tag?post=13721"}],"curies":[{"name":"wp","href":"https:\/\/api.w.org\/{rel}","templated":true}]}}