{"id":13717,"date":"2023-05-12T13:10:02","date_gmt":"2023-05-12T13:10:02","guid":{"rendered":"https:\/\/thais.miempresa.online\/producto\/housse-pour-pot-de-chambre-potti\/"},"modified":"2024-02-19T14:30:47","modified_gmt":"2024-02-19T14:30:47","slug":"housse-potti","status":"publish","type":"product","link":"https:\/\/thaissl.com\/fr\/boutique\/accessoires-pour-fourgons-camper\/housse-potti\/","title":{"rendered":"Housse pour pot de chambre (Potti)"},"content":{"rendered":"","protected":false},"excerpt":{"rendered":"<p>Housse fabriqu\u00e9e en cuir synth\u00e9tique et mousse de densit\u00e9 30 kg HR, avec une fermeture \u00e9clair \u00e0 l&rsquo;arri\u00e8re pour un meilleur ajustement.<\/p>\n","protected":false},"featured_media":11885,"template":"","meta":[],"etheme_brands":[],"product_brand":[],"product_cat":[123],"product_tag":[],"class_list":{"0":"post-13717","1":"product","2":"type-product","3":"status-publish","4":"has-post-thumbnail","6":"product_cat-accessoires-pour-fourgons-camper","7":"product_shipping_class-standard-c3-fr","9":"first","10":"instock","11":"taxable","12":"shipping-taxable","13":"purchasable","14":"product-type-variable"},"_links":{"self":[{"href":"https:\/\/thaissl.com\/fr\/wp-json\/wp\/v2\/product\/13717","targetHints":{"allow":["GET"]}}],"collection":[{"href":"https:\/\/thaissl.com\/fr\/wp-json\/wp\/v2\/product"}],"about":[{"href":"https:\/\/thaissl.com\/fr\/wp-json\/wp\/v2\/types\/product"}],"version-history":[{"count":1,"href":"https:\/\/thaissl.com\/fr\/wp-json\/wp\/v2\/product\/13717\/revisions"}],"predecessor-version":[{"id":16871,"href":"https:\/\/thaissl.com\/fr\/wp-json\/wp\/v2\/product\/13717\/revisions\/16871"}],"wp:featuredmedia":[{"embeddable":true,"href":"https:\/\/thaissl.com\/fr\/wp-json\/wp\/v2\/media\/11885"}],"wp:attachment":[{"href":"https:\/\/thaissl.com\/fr\/wp-json\/wp\/v2\/media?parent=13717"}],"wp:term":[{"taxonomy":"brand","embeddable":true,"href":"https:\/\/thaissl.com\/fr\/wp-json\/wp\/v2\/etheme_brands?post=13717"},{"taxonomy":"product_brand","embeddable":true,"href":"https:\/\/thaissl.com\/fr\/wp-json\/wp\/v2\/product_brand?post=13717"},{"taxonomy":"product_cat","embeddable":true,"href":"https:\/\/thaissl.com\/fr\/wp-json\/wp\/v2\/product_cat?post=13717"},{"taxonomy":"product_tag","embeddable":true,"href":"https:\/\/thaissl.com\/fr\/wp-json\/wp\/v2\/product_tag?post=13717"}],"curies":[{"name":"wp","href":"https:\/\/api.w.org\/{rel}","templated":true}]}}