{"id":13703,"date":"2023-05-12T13:24:45","date_gmt":"2023-05-12T13:24:45","guid":{"rendered":"https:\/\/thais.miempresa.online\/producto\/meuble-evier-auxiliaire\/"},"modified":"2024-02-19T14:30:04","modified_gmt":"2024-02-19T14:30:04","slug":"meuble-evier-auxiliaire","status":"publish","type":"product","link":"https:\/\/thaissl.com\/fr\/boutique\/accessoires-pour-fourgons-camper\/meuble-evier-auxiliaire\/","title":{"rendered":"Meuble \u00e9vier auxiliaire"},"content":{"rendered":"<p>Il dispose d&rsquo;un \u00e9vier rectangulaire Dometic 4237 (42*37cm) avec un robinet actionn\u00e9 par une pompe 12V, deux r\u00e9servoirs de 13L chacun et un plateau lat\u00e9ral rabattable.<\/p>\n<p>R\u00e9frig\u00e9rateur non inclus. (con\u00e7u pour le r\u00e9frig\u00e9rateur Dometic CRE 50 ou CRX 50.)<\/p>\n<p>Dimensions : 75cm de longueur * 44cm de largeur * 76cm de hauteur<\/p>\n<p>Options :<\/p>\n<p>1 &#8211; Possibilit\u00e9 de choisir avec un espace pour le r\u00e9frig\u00e9rateur en bas et un tiroir rabattable en haut.<\/p>\n<p>2 &#8211; Si le r\u00e9frig\u00e9rateur n&rsquo;est pas n\u00e9cessaire, l&rsquo;option \u00e0 choisir serait avec une seule porte et deux \u00e9tag\u00e8res interm\u00e9diaires. L&rsquo;une d&rsquo;entre elles peut \u00eatre utilis\u00e9e pour le pot de chambre (potty).<\/p>\n<p>3 &#8211; Nous proposons \u00e9galement un kit de douche qui s&rsquo;adapte au robinet pour pouvoir l&rsquo;utiliser comme douche ext\u00e9rieure ou int\u00e9rieure.<\/p>\n<p>Livr\u00e9 sur palette \u00e0 domicile, livraison en bordure de rue.<\/p>\n<p>NON COMPATIBLE AVEC LE BEACH CAMPER T6.1<\/p>\n<p><iframe loading=\"lazy\" title=\"Meuble auxiliaire pour VW California ou Multivan\" src=\"https:\/\/www.youtube.com\/embed\/7cPSJA9BhKY\" width=\"917\" height=\"516\" frameborder=\"0\" allowfullscreen=\"allowfullscreen\"><\/iframe><\/p>\n","protected":false},"excerpt":{"rendered":"<p>Meuble con\u00e7u pour \u00eatre install\u00e9 sur les rails du VW California ou Multivan T5\/T6.<\/p>\n<p>Fabriqu\u00e9 en contreplaqu\u00e9 de peuplier et lamin\u00e9 en gris clair.<\/p>\n","protected":false},"featured_media":11944,"template":"","meta":[],"etheme_brands":[],"product_brand":[],"product_cat":[123],"product_tag":[],"class_list":{"0":"post-13703","1":"product","2":"type-product","3":"status-publish","4":"has-post-thumbnail","6":"product_cat-accessoires-pour-fourgons-camper","7":"product_shipping_class-palet-fr","9":"first","10":"instock","11":"taxable","12":"shipping-taxable","13":"purchasable","14":"product-type-variable"},"_links":{"self":[{"href":"https:\/\/thaissl.com\/fr\/wp-json\/wp\/v2\/product\/13703","targetHints":{"allow":["GET"]}}],"collection":[{"href":"https:\/\/thaissl.com\/fr\/wp-json\/wp\/v2\/product"}],"about":[{"href":"https:\/\/thaissl.com\/fr\/wp-json\/wp\/v2\/types\/product"}],"version-history":[{"count":1,"href":"https:\/\/thaissl.com\/fr\/wp-json\/wp\/v2\/product\/13703\/revisions"}],"predecessor-version":[{"id":16863,"href":"https:\/\/thaissl.com\/fr\/wp-json\/wp\/v2\/product\/13703\/revisions\/16863"}],"wp:featuredmedia":[{"embeddable":true,"href":"https:\/\/thaissl.com\/fr\/wp-json\/wp\/v2\/media\/11944"}],"wp:attachment":[{"href":"https:\/\/thaissl.com\/fr\/wp-json\/wp\/v2\/media?parent=13703"}],"wp:term":[{"taxonomy":"brand","embeddable":true,"href":"https:\/\/thaissl.com\/fr\/wp-json\/wp\/v2\/etheme_brands?post=13703"},{"taxonomy":"product_brand","embeddable":true,"href":"https:\/\/thaissl.com\/fr\/wp-json\/wp\/v2\/product_brand?post=13703"},{"taxonomy":"product_cat","embeddable":true,"href":"https:\/\/thaissl.com\/fr\/wp-json\/wp\/v2\/product_cat?post=13703"},{"taxonomy":"product_tag","embeddable":true,"href":"https:\/\/thaissl.com\/fr\/wp-json\/wp\/v2\/product_tag?post=13703"}],"curies":[{"name":"wp","href":"https:\/\/api.w.org\/{rel}","templated":true}]}}