{"id":13700,"date":"2023-05-12T13:31:41","date_gmt":"2023-05-12T13:31:41","guid":{"rendered":"https:\/\/thais.miempresa.online\/producto\/housse-de-protection-pour-les-sieges-arriere-vw-t6\/"},"modified":"2024-02-19T14:29:39","modified_gmt":"2024-02-19T14:29:39","slug":"housse-protection-sieges-arriere-vw-t6","status":"publish","type":"product","link":"https:\/\/thaissl.com\/fr\/boutique\/accessoires-pour-fourgons-camper\/housse-protection-sieges-arriere-vw-t6\/","title":{"rendered":"Housse de protection pour les si\u00e8ges arri\u00e8re VW T6."},"content":{"rendered":"<p>Tr\u00e8s facile \u00e0 installer et lavable !<\/p>\n<p>Id\u00e9ale si vous voyagez avec des enfants, des animaux de compagnie, etc.<\/p>\n<p><span style=\"color: #800000;\">ISOFIX : Les housses sont pr\u00e9par\u00e9es avec les ouvertures pour l&rsquo;installation des si\u00e8ges de b\u00e9b\u00e9.<\/span><\/p>\n<p>Les appuie-t\u00eate ne sont pas inclus.<\/p>\n<p>En option, vous pouvez ajouter la housse de si\u00e8ge imperm\u00e9able qui est plac\u00e9e en dessous de la housse pour servir de protection imperm\u00e9able.<\/p>\n","protected":false},"excerpt":{"rendered":"<p>La housse de si\u00e8ge est confectionn\u00e9e avec un tissu automobile d&rsquo;origine, sur mesure pour le VW California Beach avec une banquette de trois places.<\/p>\n<p>La housse est d&rsquo;une seule pi\u00e8ce et couvre les trois si\u00e8ges.<\/p>\n","protected":false},"featured_media":11981,"template":"","meta":[],"etheme_brands":[],"product_brand":[],"product_cat":[123],"product_tag":[],"class_list":{"0":"post-13700","1":"product","2":"type-product","3":"status-publish","4":"has-post-thumbnail","6":"product_cat-accessoires-pour-fourgons-camper","7":"product_shipping_class-standard-c3-fr","9":"first","10":"instock","11":"taxable","12":"shipping-taxable","13":"purchasable","14":"product-type-variable"},"_links":{"self":[{"href":"https:\/\/thaissl.com\/fr\/wp-json\/wp\/v2\/product\/13700","targetHints":{"allow":["GET"]}}],"collection":[{"href":"https:\/\/thaissl.com\/fr\/wp-json\/wp\/v2\/product"}],"about":[{"href":"https:\/\/thaissl.com\/fr\/wp-json\/wp\/v2\/types\/product"}],"version-history":[{"count":1,"href":"https:\/\/thaissl.com\/fr\/wp-json\/wp\/v2\/product\/13700\/revisions"}],"predecessor-version":[{"id":16855,"href":"https:\/\/thaissl.com\/fr\/wp-json\/wp\/v2\/product\/13700\/revisions\/16855"}],"wp:featuredmedia":[{"embeddable":true,"href":"https:\/\/thaissl.com\/fr\/wp-json\/wp\/v2\/media\/11981"}],"wp:attachment":[{"href":"https:\/\/thaissl.com\/fr\/wp-json\/wp\/v2\/media?parent=13700"}],"wp:term":[{"taxonomy":"brand","embeddable":true,"href":"https:\/\/thaissl.com\/fr\/wp-json\/wp\/v2\/etheme_brands?post=13700"},{"taxonomy":"product_brand","embeddable":true,"href":"https:\/\/thaissl.com\/fr\/wp-json\/wp\/v2\/product_brand?post=13700"},{"taxonomy":"product_cat","embeddable":true,"href":"https:\/\/thaissl.com\/fr\/wp-json\/wp\/v2\/product_cat?post=13700"},{"taxonomy":"product_tag","embeddable":true,"href":"https:\/\/thaissl.com\/fr\/wp-json\/wp\/v2\/product_tag?post=13700"}],"curies":[{"name":"wp","href":"https:\/\/api.w.org\/{rel}","templated":true}]}}