{"id":13698,"date":"2023-05-12T13:39:22","date_gmt":"2023-05-12T13:39:22","guid":{"rendered":"https:\/\/thais.miempresa.online\/producto\/range-chaussures-suspendu\/"},"modified":"2024-02-19T14:17:25","modified_gmt":"2024-02-19T14:17:25","slug":"range-chaussures-suspendu","status":"publish","type":"product","link":"https:\/\/thaissl.com\/fr\/boutique\/accessoires-pour-fourgons-camper\/range-chaussures-suspendu\/","title":{"rendered":"Range-chaussures suspendu"},"content":{"rendered":"<p>Pochette de rangement pour le c\u00f4t\u00e9 gauche (c\u00f4t\u00e9 passager).<\/p>\n<p>Si vous avez une double porte et que vous en avez besoin pour le c\u00f4t\u00e9 conducteur, veuillez nous envoyer un e-mail.<\/p>\n<p><iframe loading=\"lazy\" title=\"Range-chaussures suspendu VW\" src=\"https:\/\/www.youtube.com\/embed\/624YkzTdf0E\" width=\"949\" height=\"534\" frameborder=\"0\" allowfullscreen=\"allowfullscreen\"><\/iframe><\/p>\n","protected":false},"excerpt":{"rendered":"<p>Range-chaussures con\u00e7u sur mesure avec un tissu automobile.<br \/>\nId\u00e9al pour ranger des tongs, des baskets, des chaussures d&rsquo;eau, etc.<br \/>\nFacile \u00e0 installer, il suffit de fixer deux ou trois crochets sur le si\u00e8ge passager.<\/p>\n","protected":false},"featured_media":12023,"template":"","meta":[],"etheme_brands":[],"product_brand":[],"product_cat":[123],"product_tag":[],"class_list":{"0":"post-13698","1":"product","2":"type-product","3":"status-publish","4":"has-post-thumbnail","6":"product_cat-accessoires-pour-fourgons-camper","7":"product_shipping_class-standard-c4-fr","9":"first","10":"instock","11":"taxable","12":"shipping-taxable","13":"purchasable","14":"product-type-variable"},"_links":{"self":[{"href":"https:\/\/thaissl.com\/fr\/wp-json\/wp\/v2\/product\/13698","targetHints":{"allow":["GET"]}}],"collection":[{"href":"https:\/\/thaissl.com\/fr\/wp-json\/wp\/v2\/product"}],"about":[{"href":"https:\/\/thaissl.com\/fr\/wp-json\/wp\/v2\/types\/product"}],"version-history":[{"count":1,"href":"https:\/\/thaissl.com\/fr\/wp-json\/wp\/v2\/product\/13698\/revisions"}],"predecessor-version":[{"id":16748,"href":"https:\/\/thaissl.com\/fr\/wp-json\/wp\/v2\/product\/13698\/revisions\/16748"}],"wp:featuredmedia":[{"embeddable":true,"href":"https:\/\/thaissl.com\/fr\/wp-json\/wp\/v2\/media\/12023"}],"wp:attachment":[{"href":"https:\/\/thaissl.com\/fr\/wp-json\/wp\/v2\/media?parent=13698"}],"wp:term":[{"taxonomy":"brand","embeddable":true,"href":"https:\/\/thaissl.com\/fr\/wp-json\/wp\/v2\/etheme_brands?post=13698"},{"taxonomy":"product_brand","embeddable":true,"href":"https:\/\/thaissl.com\/fr\/wp-json\/wp\/v2\/product_brand?post=13698"},{"taxonomy":"product_cat","embeddable":true,"href":"https:\/\/thaissl.com\/fr\/wp-json\/wp\/v2\/product_cat?post=13698"},{"taxonomy":"product_tag","embeddable":true,"href":"https:\/\/thaissl.com\/fr\/wp-json\/wp\/v2\/product_tag?post=13698"}],"curies":[{"name":"wp","href":"https:\/\/api.w.org\/{rel}","templated":true}]}}