{"id":13696,"date":"2023-05-12T13:46:31","date_gmt":"2023-05-12T13:46:31","guid":{"rendered":"https:\/\/thais.miempresa.online\/producto\/etagere-pour-mezzanine-thais\/"},"modified":"2023-05-12T13:46:31","modified_gmt":"2023-05-12T13:46:31","slug":"etagere-mezzanine-thais","status":"publish","type":"product","link":"https:\/\/thaissl.com\/fr\/boutique\/accessoires-pour-fourgons-camper\/etagere-mezzanine-thais\/","title":{"rendered":"\u00c9tag\u00e8re pour Mezzanine THAIS"},"content":{"rendered":"<p><span style=\"color: #800000;\">Capacit\u00e9 de 12L<\/span><\/p>\n","protected":false},"excerpt":{"rendered":"<p>\u00c9tag\u00e8re fabriqu\u00e9e en bois de 5 mm d&rsquo;\u00e9paisseur, laqu\u00e9e en gris clair, elle comprend des \u00e9lastiques anti-chute et des vis pour l&rsquo;installation sur la mezzanine THAIS.<\/p>\n<p>Id\u00e9ale pour le rangement de torchons, papier essuie-tout, huile, sel, \u00e9pices, gel douche, shampoing, etc.<\/p>\n","protected":false},"featured_media":12072,"template":"","meta":[],"etheme_brands":[],"product_brand":[],"product_cat":[123],"product_tag":[],"class_list":{"0":"post-13696","1":"product","2":"type-product","3":"status-publish","4":"has-post-thumbnail","6":"product_cat-accessoires-pour-fourgons-camper","7":"product_shipping_class-standard-c4-fr","9":"first","10":"instock","11":"taxable","12":"shipping-taxable","13":"purchasable","14":"product-type-simple"},"_links":{"self":[{"href":"https:\/\/thaissl.com\/fr\/wp-json\/wp\/v2\/product\/13696","targetHints":{"allow":["GET"]}}],"collection":[{"href":"https:\/\/thaissl.com\/fr\/wp-json\/wp\/v2\/product"}],"about":[{"href":"https:\/\/thaissl.com\/fr\/wp-json\/wp\/v2\/types\/product"}],"version-history":[{"count":0,"href":"https:\/\/thaissl.com\/fr\/wp-json\/wp\/v2\/product\/13696\/revisions"}],"wp:featuredmedia":[{"embeddable":true,"href":"https:\/\/thaissl.com\/fr\/wp-json\/wp\/v2\/media\/12072"}],"wp:attachment":[{"href":"https:\/\/thaissl.com\/fr\/wp-json\/wp\/v2\/media?parent=13696"}],"wp:term":[{"taxonomy":"brand","embeddable":true,"href":"https:\/\/thaissl.com\/fr\/wp-json\/wp\/v2\/etheme_brands?post=13696"},{"taxonomy":"product_brand","embeddable":true,"href":"https:\/\/thaissl.com\/fr\/wp-json\/wp\/v2\/product_brand?post=13696"},{"taxonomy":"product_cat","embeddable":true,"href":"https:\/\/thaissl.com\/fr\/wp-json\/wp\/v2\/product_cat?post=13696"},{"taxonomy":"product_tag","embeddable":true,"href":"https:\/\/thaissl.com\/fr\/wp-json\/wp\/v2\/product_tag?post=13696"}],"curies":[{"name":"wp","href":"https:\/\/api.w.org\/{rel}","templated":true}]}}