{"id":13695,"date":"2023-05-12T13:48:53","date_gmt":"2023-05-12T13:48:53","guid":{"rendered":"https:\/\/thais.miempresa.online\/producto\/etendoir\/"},"modified":"2023-05-12T13:48:53","modified_gmt":"2023-05-12T13:48:53","slug":"etendoir","status":"publish","type":"product","link":"https:\/\/thaissl.com\/fr\/boutique\/accessoires-pour-fourgons-camper\/etendoir\/","title":{"rendered":"\u00c9tendoir"},"content":{"rendered":"<p>*Valable pour les rails VW.<\/p>\n<p><iframe loading=\"lazy\" title=\"\u00c9TENDOIR\" src=\"https:\/\/www.youtube.com\/embed\/1a6NI7KR3M0\" width=\"560\" height=\"315\" frameborder=\"0\" allowfullscreen=\"allowfullscreen\"><\/iframe><\/p>\n","protected":false},"excerpt":{"rendered":"<p>\u00c9tendoir en aluminium laqu\u00e9 noir.<br \/>\nIl est fix\u00e9 aux rails du v\u00e9hicule avec deux pi\u00e8ces en forme de T et des bouchons filet\u00e9s.<\/p>\n","protected":false},"featured_media":12086,"template":"","meta":[],"etheme_brands":[],"product_brand":[],"product_cat":[123],"product_tag":[1136],"class_list":{"0":"post-13695","1":"product","2":"type-product","3":"status-publish","4":"has-post-thumbnail","6":"product_cat-accessoires-pour-fourgons-camper","7":"product_tag-eueu","8":"product_shipping_class-standard-c3-fr","10":"first","11":"instock","12":"taxable","13":"shipping-taxable","14":"purchasable","15":"product-type-variable"},"_links":{"self":[{"href":"https:\/\/thaissl.com\/fr\/wp-json\/wp\/v2\/product\/13695","targetHints":{"allow":["GET"]}}],"collection":[{"href":"https:\/\/thaissl.com\/fr\/wp-json\/wp\/v2\/product"}],"about":[{"href":"https:\/\/thaissl.com\/fr\/wp-json\/wp\/v2\/types\/product"}],"version-history":[{"count":0,"href":"https:\/\/thaissl.com\/fr\/wp-json\/wp\/v2\/product\/13695\/revisions"}],"wp:featuredmedia":[{"embeddable":true,"href":"https:\/\/thaissl.com\/fr\/wp-json\/wp\/v2\/media\/12086"}],"wp:attachment":[{"href":"https:\/\/thaissl.com\/fr\/wp-json\/wp\/v2\/media?parent=13695"}],"wp:term":[{"taxonomy":"brand","embeddable":true,"href":"https:\/\/thaissl.com\/fr\/wp-json\/wp\/v2\/etheme_brands?post=13695"},{"taxonomy":"product_brand","embeddable":true,"href":"https:\/\/thaissl.com\/fr\/wp-json\/wp\/v2\/product_brand?post=13695"},{"taxonomy":"product_cat","embeddable":true,"href":"https:\/\/thaissl.com\/fr\/wp-json\/wp\/v2\/product_cat?post=13695"},{"taxonomy":"product_tag","embeddable":true,"href":"https:\/\/thaissl.com\/fr\/wp-json\/wp\/v2\/product_tag?post=13695"}],"curies":[{"name":"wp","href":"https:\/\/api.w.org\/{rel}","templated":true}]}}