{"id":13690,"date":"2023-05-12T13:58:18","date_gmt":"2023-05-12T13:58:18","guid":{"rendered":"https:\/\/thais.miempresa.online\/producto\/plateau-extractible-pour-vw-california\/"},"modified":"2024-02-22T12:46:31","modified_gmt":"2024-02-22T12:46:31","slug":"plateau-extractible-vw-california","status":"publish","type":"product","link":"https:\/\/thaissl.com\/fr\/boutique\/accessoires-pour-fourgons-camper\/plateau-extractible-vw-california\/","title":{"rendered":"Plateau extractible pour VW California"},"content":{"rendered":"<p>La hauteur int\u00e9rieure jusqu&rsquo;au Multiflex est de 46 cm. Le r\u00e9frig\u00e9rateur INDEL TB 49 s&rsquo;adapte parfaitement !<\/p>\n<p>Disponible pour California Beach ou Multivan.<\/p>\n<p>Dimensions : 104 * 82 cm.<\/p>\n<p><span style=\"color: #ff0000;\">Avertissement : Les glissi\u00e8res supportent jusqu&rsquo;\u00e0 120 kg, mais \u00e9tant donn\u00e9 leur \u00e9cartement de 102 cm et leur \u00e9paisseur en aluminium de 3 mm, il est conseill\u00e9 de r\u00e9partir le poids en pla\u00e7ant, par exemple, les r\u00e9frig\u00e9rateurs d&rsquo;un c\u00f4t\u00e9.<\/span><\/p>\n<p><span style=\"color: #800000;\">Optionnel : Moquette grise.<\/span><\/p>\n<p>Nous proposons \u00e9galement un plateau extractible pour la California Ocean\/Comfortline. <span style=\"color: #0000ff;\"><\/span><\/p>\n<p>Fabriqu\u00e9 en aluminium peint en gris clair de 94 * 70 cm.<\/p>\n<p><span style=\"color: #ff0000;\">Avertissement : Sur le plateau pour l&rsquo;Ocean, il est conseill\u00e9 de placer les objets les plus lourds du c\u00f4t\u00e9 droit (c\u00f4t\u00e9 passager), car il est plus proche de la glissi\u00e8re et r\u00e9siste mieux au poids.<\/span><\/p>\n<p><a href=\"\/wp-content\/uploads\/2023\/06\/INSTRUCCIONES-DE-MONTAJE-1.pdf\"><img loading=\"lazy\" loading=\"lazy\" decoding=\"async\" class=\"\" src=\"\/wp-content\/uploads\/2023\/05\/kisspng-pdf-computer-icons-vector-graphics-clip-art-adobe-deputycop-software-features-opg-form-completion-5b74f3b1754248.0526403715343912174803-300x300.png\" alt=\"\" width=\"45\" height=\"45\" title=\"|\"><\/a><a href=\"\/wp-content\/uploads\/2023\/06\/INSTRUCCIONES-DE-MONTAJE-1.pdf\"> <\/a><strong style=\"vertical-align: -webkit-baseline-middle;\"><a href=\"\/wp-content\/uploads\/2023\/06\/INSTRUCCIONES-DE-MONTAJE-1.pdf\">Instrucciones de Montaje<\/a><\/strong><\/p>\n<p><iframe loading=\"lazy\" title=\"Plateau extractible pour VW California Beach\" src=\"https:\/\/www.youtube.com\/embed\/wzqXdJt6_54\" width=\"100%\" height=\"600\" frameborder=\"0\" allowfullscreen=\"allowfullscreen\"><\/iframe><\/p>\n","protected":false},"excerpt":{"rendered":"<p>Plateau extractible avec glissi\u00e8res extensibles de 80 cm pour California BEACH\/MULTIVAN <span style=\"color: #0000ff;\"><\/span><\/p>\n<p>Fabriqu\u00e9 en aluminium peint en gris clair.<\/p>\n<p>Tr\u00e8s facile \u00e0 installer, il suffit de retirer et de remplacer les deux pi\u00e8ces du Multiflex par celles que nous fournissons.<\/p>\n<p>&nbsp;<\/p>\n","protected":false},"featured_media":12104,"template":"","meta":[],"etheme_brands":[],"product_brand":[],"product_cat":[123],"product_tag":[],"class_list":{"0":"post-13690","1":"product","2":"type-product","3":"status-publish","4":"has-post-thumbnail","6":"product_cat-accessoires-pour-fourgons-camper","7":"product_shipping_class-standard-c11-fr","9":"first","10":"instock","11":"taxable","12":"shipping-taxable","13":"purchasable","14":"product-type-variable"},"_links":{"self":[{"href":"https:\/\/thaissl.com\/fr\/wp-json\/wp\/v2\/product\/13690","targetHints":{"allow":["GET"]}}],"collection":[{"href":"https:\/\/thaissl.com\/fr\/wp-json\/wp\/v2\/product"}],"about":[{"href":"https:\/\/thaissl.com\/fr\/wp-json\/wp\/v2\/types\/product"}],"version-history":[{"count":1,"href":"https:\/\/thaissl.com\/fr\/wp-json\/wp\/v2\/product\/13690\/revisions"}],"predecessor-version":[{"id":16730,"href":"https:\/\/thaissl.com\/fr\/wp-json\/wp\/v2\/product\/13690\/revisions\/16730"}],"wp:featuredmedia":[{"embeddable":true,"href":"https:\/\/thaissl.com\/fr\/wp-json\/wp\/v2\/media\/12104"}],"wp:attachment":[{"href":"https:\/\/thaissl.com\/fr\/wp-json\/wp\/v2\/media?parent=13690"}],"wp:term":[{"taxonomy":"brand","embeddable":true,"href":"https:\/\/thaissl.com\/fr\/wp-json\/wp\/v2\/etheme_brands?post=13690"},{"taxonomy":"product_brand","embeddable":true,"href":"https:\/\/thaissl.com\/fr\/wp-json\/wp\/v2\/product_brand?post=13690"},{"taxonomy":"product_cat","embeddable":true,"href":"https:\/\/thaissl.com\/fr\/wp-json\/wp\/v2\/product_cat?post=13690"},{"taxonomy":"product_tag","embeddable":true,"href":"https:\/\/thaissl.com\/fr\/wp-json\/wp\/v2\/product_tag?post=13690"}],"curies":[{"name":"wp","href":"https:\/\/api.w.org\/{rel}","templated":true}]}}