{"id":13688,"date":"2023-05-12T14:05:39","date_gmt":"2023-05-12T14:05:39","guid":{"rendered":"https:\/\/thais.miempresa.online\/producto\/sac-de-porte-arriere-vw-california\/"},"modified":"2024-02-19T14:16:12","modified_gmt":"2024-02-19T14:16:12","slug":"sac-porte-arriere-vw-california","status":"publish","type":"product","link":"https:\/\/thaissl.com\/fr\/boutique\/accessoires-pour-fourgons-camper\/sac-porte-arriere-vw-california\/","title":{"rendered":"Sac de porte arri\u00e8re VW California"},"content":{"rendered":"<p>Il s&rsquo;installe avec des velcros adh\u00e9sifs et quatre crochets viss\u00e9s \u00e0 la base en plastique de la porte.<\/p>\n<p>Il ne r\u00e9duit la visibilit\u00e9 du coffre que de 28 cm.<\/p>\n<p>Il est possible de fermer le rideau sans retirer le sac.<\/p>\n","protected":false},"excerpt":{"rendered":"<p>Fabriqu\u00e9 avec un tissu automobile de premi\u00e8re qualit\u00e9.<\/p>\n<p>Id\u00e9al pour ranger les pare-soleil thermiques, les v\u00eatements de ski, les gants, les \u00e9charpes, les bonnets, etc.<\/p>\n","protected":false},"featured_media":12167,"template":"","meta":[],"etheme_brands":[],"product_brand":[],"product_cat":[123],"product_tag":[],"class_list":{"0":"post-13688","1":"product","2":"type-product","3":"status-publish","4":"has-post-thumbnail","6":"product_cat-accessoires-pour-fourgons-camper","7":"product_shipping_class-standard-c4-fr","9":"first","10":"instock","11":"taxable","12":"shipping-taxable","13":"purchasable","14":"product-type-variable"},"_links":{"self":[{"href":"https:\/\/thaissl.com\/fr\/wp-json\/wp\/v2\/product\/13688","targetHints":{"allow":["GET"]}}],"collection":[{"href":"https:\/\/thaissl.com\/fr\/wp-json\/wp\/v2\/product"}],"about":[{"href":"https:\/\/thaissl.com\/fr\/wp-json\/wp\/v2\/types\/product"}],"version-history":[{"count":1,"href":"https:\/\/thaissl.com\/fr\/wp-json\/wp\/v2\/product\/13688\/revisions"}],"predecessor-version":[{"id":16740,"href":"https:\/\/thaissl.com\/fr\/wp-json\/wp\/v2\/product\/13688\/revisions\/16740"}],"wp:featuredmedia":[{"embeddable":true,"href":"https:\/\/thaissl.com\/fr\/wp-json\/wp\/v2\/media\/12167"}],"wp:attachment":[{"href":"https:\/\/thaissl.com\/fr\/wp-json\/wp\/v2\/media?parent=13688"}],"wp:term":[{"taxonomy":"brand","embeddable":true,"href":"https:\/\/thaissl.com\/fr\/wp-json\/wp\/v2\/etheme_brands?post=13688"},{"taxonomy":"product_brand","embeddable":true,"href":"https:\/\/thaissl.com\/fr\/wp-json\/wp\/v2\/product_brand?post=13688"},{"taxonomy":"product_cat","embeddable":true,"href":"https:\/\/thaissl.com\/fr\/wp-json\/wp\/v2\/product_cat?post=13688"},{"taxonomy":"product_tag","embeddable":true,"href":"https:\/\/thaissl.com\/fr\/wp-json\/wp\/v2\/product_tag?post=13688"}],"curies":[{"name":"wp","href":"https:\/\/api.w.org\/{rel}","templated":true}]}}