{"id":13685,"date":"2023-05-12T14:13:26","date_gmt":"2023-05-12T14:13:26","guid":{"rendered":"https:\/\/thais.miempresa.online\/producto\/meuble-evier-pour-porte-arriere\/"},"modified":"2024-02-19T14:29:02","modified_gmt":"2024-02-19T14:29:02","slug":"meuble-evier-porte-arriere","status":"publish","type":"product","link":"https:\/\/thaissl.com\/fr\/boutique\/accessoires-pour-fourgons-camper\/meuble-evier-porte-arriere\/","title":{"rendered":"Meuble-\u00e9vier pour porte arri\u00e8re"},"content":{"rendered":"<p>Le Multiflex doit \u00eatre retir\u00e9.<\/p>\n<p>Le tiroir du milieu a des dimensions utiles de 70*39*44 cm de hauteur. (Le r\u00e9frig\u00e9rateur Mobicool MCF32 et l&rsquo;Indel TB41 s&rsquo;adaptent parfaitement !)<\/p>\n<p>Il est livr\u00e9 sur une palette europ\u00e9enne de 122*80*54 cm et la livraison se fait en bordure de rue sans entrer dans les maisons ni monter les escaliers.<\/p>\n<p><span style=\"color: #800000;\">Optionnel : Flexible de douche adaptable au robinet du meuble.<\/span><\/p>\n<p>Poids : 65 kg<\/p>\n<p>Possibilit\u00e9 de fabrication sur mesure et sur commande dans diff\u00e9rentes configurations.<\/p>\n<p><iframe loading=\"lazy\" title=\"MEUBLE \u00c9VIER\" src=\"https:\/\/www.youtube.com\/embed\/um4yn6lPu8E\" width=\"917\" height=\"516\" frameborder=\"0\" allowfullscreen=\"allowfullscreen\"><\/iframe><\/p>\n","protected":false},"excerpt":{"rendered":"<p>Meuble con\u00e7u sur mesure pour le VW California Beach (banquette \u00e0 trois places) ou Multivan.<br \/>\nIl dispose de six tiroirs extensibles, dont quatre de 70 cm et deux de 45 cm, avec des guides de haute qualit\u00e9.<br \/>\nFabriqu\u00e9 avec du contreplaqu\u00e9 de peuplier lamin\u00e9 ph\u00e9nolique de 15 mm.<br \/>\nInclus : Robinet avec pompe \u00e0 eau, \u00e9vier, drain, r\u00e9servoirs d&rsquo;eau propre et us\u00e9e de 13 L et connecteur 12 V.<br \/>\nIl est fix\u00e9 au v\u00e9hicule avec quatre vis viss\u00e9es aux rails du sol.<\/p>\n","protected":false},"featured_media":12207,"template":"","meta":[],"etheme_brands":[],"product_brand":[],"product_cat":[123],"product_tag":[],"class_list":{"0":"post-13685","1":"product","2":"type-product","3":"status-publish","4":"has-post-thumbnail","6":"product_cat-accessoires-pour-fourgons-camper","7":"product_shipping_class-palet-fr","9":"first","10":"instock","11":"taxable","12":"shipping-taxable","13":"purchasable","14":"product-type-variable"},"_links":{"self":[{"href":"https:\/\/thaissl.com\/fr\/wp-json\/wp\/v2\/product\/13685","targetHints":{"allow":["GET"]}}],"collection":[{"href":"https:\/\/thaissl.com\/fr\/wp-json\/wp\/v2\/product"}],"about":[{"href":"https:\/\/thaissl.com\/fr\/wp-json\/wp\/v2\/types\/product"}],"version-history":[{"count":1,"href":"https:\/\/thaissl.com\/fr\/wp-json\/wp\/v2\/product\/13685\/revisions"}],"predecessor-version":[{"id":16849,"href":"https:\/\/thaissl.com\/fr\/wp-json\/wp\/v2\/product\/13685\/revisions\/16849"}],"wp:featuredmedia":[{"embeddable":true,"href":"https:\/\/thaissl.com\/fr\/wp-json\/wp\/v2\/media\/12207"}],"wp:attachment":[{"href":"https:\/\/thaissl.com\/fr\/wp-json\/wp\/v2\/media?parent=13685"}],"wp:term":[{"taxonomy":"brand","embeddable":true,"href":"https:\/\/thaissl.com\/fr\/wp-json\/wp\/v2\/etheme_brands?post=13685"},{"taxonomy":"product_brand","embeddable":true,"href":"https:\/\/thaissl.com\/fr\/wp-json\/wp\/v2\/product_brand?post=13685"},{"taxonomy":"product_cat","embeddable":true,"href":"https:\/\/thaissl.com\/fr\/wp-json\/wp\/v2\/product_cat?post=13685"},{"taxonomy":"product_tag","embeddable":true,"href":"https:\/\/thaissl.com\/fr\/wp-json\/wp\/v2\/product_tag?post=13685"}],"curies":[{"name":"wp","href":"https:\/\/api.w.org\/{rel}","templated":true}]}}