{"id":13683,"date":"2023-05-12T14:19:33","date_gmt":"2023-05-12T14:19:33","guid":{"rendered":"https:\/\/thais.miempresa.online\/producto\/pochette-arriere-double\/"},"modified":"2024-02-19T14:17:01","modified_gmt":"2024-02-19T14:17:01","slug":"pochette-arriere-double","status":"publish","type":"product","link":"https:\/\/thaissl.com\/fr\/boutique\/accessoires-pour-fourgons-camper\/pochette-arriere-double\/","title":{"rendered":"Pochette arri\u00e8re double"},"content":{"rendered":"<p><span style=\"color: #ff0000;\">IMPORTANT : Il ne peut \u00eatre install\u00e9 que du c\u00f4t\u00e9 passager.<\/span><\/p>\n<p><iframe loading=\"lazy\" title=\"Installation du double pochette arri\u00e8re\" src=\"https:\/\/www.youtube.com\/embed\/DW_6bwDVypM\" width=\"949\" height=\"534\" frameborder=\"0\" allowfullscreen=\"allowfullscreen\"><\/iframe><\/p>\n","protected":false},"excerpt":{"rendered":"<p>Le double pochette est fabriqu\u00e9 avec un tissu automobile d&rsquo;origine et est tr\u00e8s facile \u00e0 installer avec du velcro adh\u00e9sif et des crochets. Les crochets ne sont pas n\u00e9cessaires car le velcro est suffisant, ils sont inclus au cas o\u00f9 l&rsquo;adh\u00e9sif ne r\u00e9sisterait pas assez longtemps.<\/p>\n","protected":false},"featured_media":12264,"template":"","meta":[],"etheme_brands":[],"product_brand":[],"product_cat":[123],"product_tag":[],"class_list":{"0":"post-13683","1":"product","2":"type-product","3":"status-publish","4":"has-post-thumbnail","6":"product_cat-accessoires-pour-fourgons-camper","7":"product_shipping_class-standard-c1-fr","9":"first","10":"instock","11":"taxable","12":"shipping-taxable","13":"purchasable","14":"product-type-variable"},"_links":{"self":[{"href":"https:\/\/thaissl.com\/fr\/wp-json\/wp\/v2\/product\/13683","targetHints":{"allow":["GET"]}}],"collection":[{"href":"https:\/\/thaissl.com\/fr\/wp-json\/wp\/v2\/product"}],"about":[{"href":"https:\/\/thaissl.com\/fr\/wp-json\/wp\/v2\/types\/product"}],"version-history":[{"count":1,"href":"https:\/\/thaissl.com\/fr\/wp-json\/wp\/v2\/product\/13683\/revisions"}],"predecessor-version":[{"id":16746,"href":"https:\/\/thaissl.com\/fr\/wp-json\/wp\/v2\/product\/13683\/revisions\/16746"}],"wp:featuredmedia":[{"embeddable":true,"href":"https:\/\/thaissl.com\/fr\/wp-json\/wp\/v2\/media\/12264"}],"wp:attachment":[{"href":"https:\/\/thaissl.com\/fr\/wp-json\/wp\/v2\/media?parent=13683"}],"wp:term":[{"taxonomy":"brand","embeddable":true,"href":"https:\/\/thaissl.com\/fr\/wp-json\/wp\/v2\/etheme_brands?post=13683"},{"taxonomy":"product_brand","embeddable":true,"href":"https:\/\/thaissl.com\/fr\/wp-json\/wp\/v2\/product_brand?post=13683"},{"taxonomy":"product_cat","embeddable":true,"href":"https:\/\/thaissl.com\/fr\/wp-json\/wp\/v2\/product_cat?post=13683"},{"taxonomy":"product_tag","embeddable":true,"href":"https:\/\/thaissl.com\/fr\/wp-json\/wp\/v2\/product_tag?post=13683"}],"curies":[{"name":"wp","href":"https:\/\/api.w.org\/{rel}","templated":true}]}}