{"id":13676,"date":"2023-05-12T14:31:51","date_gmt":"2023-05-12T14:31:51","guid":{"rendered":"https:\/\/thais.miempresa.online\/producto\/protecteur-thermique-de-cabine-a-9-couches\/"},"modified":"2024-02-19T14:28:24","modified_gmt":"2024-02-19T14:28:24","slug":"protecteur-thermique-cabine-9-couches","status":"publish","type":"product","link":"https:\/\/thaissl.com\/fr\/boutique\/accessoires-pour-fourgons-camper\/protecteur-thermique-cabine-9-couches\/","title":{"rendered":"Protecteur thermique de cabine \u00e0 9 couches"},"content":{"rendered":"","protected":false},"excerpt":{"rendered":"<p>Gr\u00e2ce \u00e0 sa composition en 9 couches, il prot\u00e8ge la cabine contre les variations de temp\u00e9rature<\/p>\n<p>Le tissu r\u00e9fl\u00e9chissant en contact avec la vitre emp\u00eache les rayons UV de p\u00e9n\u00e9trer dans la cabine<\/p>\n<p>Le kit est compos\u00e9 de 3 pi\u00e8ces: une pour l&rsquo;avant et deux pour les c\u00f4t\u00e9s des portes.<\/p>\n<p>Il est fix\u00e9 \u00e0 la vitre \u00e0 l&rsquo;aide de ventouses.<\/p>\n","protected":false},"featured_media":12343,"template":"","meta":[],"etheme_brands":[],"product_brand":[],"product_cat":[123],"product_tag":[],"class_list":{"0":"post-13676","1":"product","2":"type-product","3":"status-publish","4":"has-post-thumbnail","6":"product_cat-accessoires-pour-fourgons-camper","7":"product_shipping_class-standard-c4-fr","9":"first","10":"instock","11":"taxable","12":"shipping-taxable","13":"purchasable","14":"product-type-variable"},"_links":{"self":[{"href":"https:\/\/thaissl.com\/fr\/wp-json\/wp\/v2\/product\/13676","targetHints":{"allow":["GET"]}}],"collection":[{"href":"https:\/\/thaissl.com\/fr\/wp-json\/wp\/v2\/product"}],"about":[{"href":"https:\/\/thaissl.com\/fr\/wp-json\/wp\/v2\/types\/product"}],"version-history":[{"count":1,"href":"https:\/\/thaissl.com\/fr\/wp-json\/wp\/v2\/product\/13676\/revisions"}],"predecessor-version":[{"id":16844,"href":"https:\/\/thaissl.com\/fr\/wp-json\/wp\/v2\/product\/13676\/revisions\/16844"}],"wp:featuredmedia":[{"embeddable":true,"href":"https:\/\/thaissl.com\/fr\/wp-json\/wp\/v2\/media\/12343"}],"wp:attachment":[{"href":"https:\/\/thaissl.com\/fr\/wp-json\/wp\/v2\/media?parent=13676"}],"wp:term":[{"taxonomy":"brand","embeddable":true,"href":"https:\/\/thaissl.com\/fr\/wp-json\/wp\/v2\/etheme_brands?post=13676"},{"taxonomy":"product_brand","embeddable":true,"href":"https:\/\/thaissl.com\/fr\/wp-json\/wp\/v2\/product_brand?post=13676"},{"taxonomy":"product_cat","embeddable":true,"href":"https:\/\/thaissl.com\/fr\/wp-json\/wp\/v2\/product_cat?post=13676"},{"taxonomy":"product_tag","embeddable":true,"href":"https:\/\/thaissl.com\/fr\/wp-json\/wp\/v2\/product_tag?post=13676"}],"curies":[{"name":"wp","href":"https:\/\/api.w.org\/{rel}","templated":true}]}}