{"id":13673,"date":"2023-05-12T14:37:45","date_gmt":"2023-05-12T14:37:45","guid":{"rendered":"https:\/\/thais.miempresa.online\/producto\/meuble-de-rangement-en-hauteur\/"},"modified":"2024-10-15T09:12:12","modified_gmt":"2024-10-15T09:12:12","slug":"meuble-rangement-hauteur","status":"publish","type":"product","link":"https:\/\/thaissl.com\/fr\/boutique\/accessoires-pour-fourgons-camper\/meuble-rangement-hauteur\/","title":{"rendered":"Meuble de rangement en hauteur"},"content":{"rendered":"<p>Deux portes coulissantes.<\/p>\n<p><span style=\"color: #800000;\">Accessoires : \u00c9tag\u00e8re avec des bandes antid\u00e9rapantes, id\u00e9ale pour ranger du papier essuie-tout, des chiffons, du sel, de l&rsquo;huile, du gel, etc. Elle ne r\u00e9duit la visibilit\u00e9 que de 2 cm suppl\u00e9mentaires. Elle s&rsquo;installe avec trois vis et \u00e9crous fournis dans le pack. Capacit\u00e9 : 12 litres.<\/span><\/p>\n<p><span style=\"color: #800000;\">Couleur : Gris clair.<\/span><\/p>\n<p><a href=\"https:\/\/thaissl.com\/wp-content\/uploads\/\/2024\/05\/AltilloInstruccionesOK.pdf\" target=\"_blank\" rel=\"noopener\"><img loading=\"lazy\" loading=\"lazy\" decoding=\"async\" class=\"\" src=\"\/wp-content\/uploads\/2023\/05\/kisspng-pdf-computer-icons-vector-graphics-clip-art-adobe-deputycop-software-features-opg-form-completion-5b74f3b1754248.0526403715343912174803-300x300.png\" alt=\"https:\/\/thaissl.com\/wp-content\/uploads\/\/2024\/05\/AltilloInstruccionesOK.pdf\" width=\"45\" height=\"45\" title=\"|\"><\/a><a href=\"https:\/\/thaissl.com\/wp-content\/uploads\/\/2024\/05\/AltilloInstruccionesOK.pdf\" target=\"_blank\" rel=\"noopener\">\u00a0<\/a><strong style=\"vertical-align: -webkit-baseline-middle;\"><a>Assembly plan<\/a><\/strong><\/p>\n","protected":false},"excerpt":{"rendered":"<p>Con\u00e7u sur mesure en MDF laqu\u00e9 gris. Son installation est tr\u00e8s facile en suivant les instructions et il offre une capacit\u00e9 de stockage pouvant atteindre 65 litres.<\/p>\n<p>Id\u00e9al pour le rangement de serviettes, v\u00eatements, oreillers, chaussures, livres, etc.<\/p>\n","protected":false},"featured_media":12365,"template":"","meta":[],"etheme_brands":[],"product_brand":[],"product_cat":[123],"product_tag":[],"class_list":{"0":"post-13673","1":"product","2":"type-product","3":"status-publish","4":"has-post-thumbnail","6":"product_cat-accessoires-pour-fourgons-camper","7":"product_shipping_class-standard-c11-fr","9":"first","10":"instock","11":"taxable","12":"shipping-taxable","13":"purchasable","14":"product-type-variable"},"_links":{"self":[{"href":"https:\/\/thaissl.com\/fr\/wp-json\/wp\/v2\/product\/13673","targetHints":{"allow":["GET"]}}],"collection":[{"href":"https:\/\/thaissl.com\/fr\/wp-json\/wp\/v2\/product"}],"about":[{"href":"https:\/\/thaissl.com\/fr\/wp-json\/wp\/v2\/types\/product"}],"version-history":[{"count":6,"href":"https:\/\/thaissl.com\/fr\/wp-json\/wp\/v2\/product\/13673\/revisions"}],"predecessor-version":[{"id":18256,"href":"https:\/\/thaissl.com\/fr\/wp-json\/wp\/v2\/product\/13673\/revisions\/18256"}],"wp:featuredmedia":[{"embeddable":true,"href":"https:\/\/thaissl.com\/fr\/wp-json\/wp\/v2\/media\/12365"}],"wp:attachment":[{"href":"https:\/\/thaissl.com\/fr\/wp-json\/wp\/v2\/media?parent=13673"}],"wp:term":[{"taxonomy":"brand","embeddable":true,"href":"https:\/\/thaissl.com\/fr\/wp-json\/wp\/v2\/etheme_brands?post=13673"},{"taxonomy":"product_brand","embeddable":true,"href":"https:\/\/thaissl.com\/fr\/wp-json\/wp\/v2\/product_brand?post=13673"},{"taxonomy":"product_cat","embeddable":true,"href":"https:\/\/thaissl.com\/fr\/wp-json\/wp\/v2\/product_cat?post=13673"},{"taxonomy":"product_tag","embeddable":true,"href":"https:\/\/thaissl.com\/fr\/wp-json\/wp\/v2\/product_tag?post=13673"}],"curies":[{"name":"wp","href":"https:\/\/api.w.org\/{rel}","templated":true}]}}