{"id":13671,"date":"2023-05-12T14:57:58","date_gmt":"2023-05-12T14:57:58","guid":{"rendered":"https:\/\/thais.miempresa.online\/producto\/moustiquaire-pour-fenetre-laterale\/"},"modified":"2024-02-19T14:25:46","modified_gmt":"2024-02-19T14:25:46","slug":"moustiquaire-fenetre-laterale","status":"publish","type":"product","link":"https:\/\/thaissl.com\/fr\/boutique\/accessoires-pour-fourgons-camper\/moustiquaire-fenetre-laterale\/","title":{"rendered":"Moustiquaire pour fen\u00eatre lat\u00e9rale"},"content":{"rendered":"<p><iframe loading=\"lazy\" title=\"Installation de la moustiquaire pour fen\u00eatre lat\u00e9rale sur VW California Beach\" src=\"https:\/\/www.youtube.com\/embed\/taRX45-OJEs\" width=\"949\" height=\"534\" frameborder=\"0\" allowfullscreen=\"allowfullscreen\"><\/iframe><\/p>\n","protected":false},"excerpt":{"rendered":"<p>Moustiquaire avec cadre en aluminium laqu\u00e9 noir.<br \/>\nIl est recommand\u00e9 de ne pas laisser la moustiquaire pendant la conduite.<\/p>\n<p>Peut \u00eatre install\u00e9 sur les deux fen\u00eatres.<\/p>\n<p>Elle peut \u00eatre rang\u00e9e entre les si\u00e8ges Multiflex.<\/p>\n","protected":false},"featured_media":12428,"template":"","meta":[],"etheme_brands":[],"product_brand":[],"product_cat":[123],"product_tag":[],"class_list":{"0":"post-13671","1":"product","2":"type-product","3":"status-publish","4":"has-post-thumbnail","6":"product_cat-accessoires-pour-fourgons-camper","7":"product_shipping_class-standard-c3-fr","9":"first","10":"instock","11":"taxable","12":"shipping-taxable","13":"purchasable","14":"product-type-variable"},"_links":{"self":[{"href":"https:\/\/thaissl.com\/fr\/wp-json\/wp\/v2\/product\/13671","targetHints":{"allow":["GET"]}}],"collection":[{"href":"https:\/\/thaissl.com\/fr\/wp-json\/wp\/v2\/product"}],"about":[{"href":"https:\/\/thaissl.com\/fr\/wp-json\/wp\/v2\/types\/product"}],"version-history":[{"count":1,"href":"https:\/\/thaissl.com\/fr\/wp-json\/wp\/v2\/product\/13671\/revisions"}],"predecessor-version":[{"id":16839,"href":"https:\/\/thaissl.com\/fr\/wp-json\/wp\/v2\/product\/13671\/revisions\/16839"}],"wp:featuredmedia":[{"embeddable":true,"href":"https:\/\/thaissl.com\/fr\/wp-json\/wp\/v2\/media\/12428"}],"wp:attachment":[{"href":"https:\/\/thaissl.com\/fr\/wp-json\/wp\/v2\/media?parent=13671"}],"wp:term":[{"taxonomy":"brand","embeddable":true,"href":"https:\/\/thaissl.com\/fr\/wp-json\/wp\/v2\/etheme_brands?post=13671"},{"taxonomy":"product_brand","embeddable":true,"href":"https:\/\/thaissl.com\/fr\/wp-json\/wp\/v2\/product_brand?post=13671"},{"taxonomy":"product_cat","embeddable":true,"href":"https:\/\/thaissl.com\/fr\/wp-json\/wp\/v2\/product_cat?post=13671"},{"taxonomy":"product_tag","embeddable":true,"href":"https:\/\/thaissl.com\/fr\/wp-json\/wp\/v2\/product_tag?post=13671"}],"curies":[{"name":"wp","href":"https:\/\/api.w.org\/{rel}","templated":true}]}}