{"id":13669,"date":"2023-05-12T15:00:12","date_gmt":"2023-05-12T15:00:12","guid":{"rendered":"https:\/\/thais.miempresa.online\/producto\/occultant-trois-fenetres-ac\/"},"modified":"2024-02-22T12:54:56","modified_gmt":"2024-02-22T12:54:56","slug":"occultant-trois-fenetres-ac","status":"publish","type":"product","link":"https:\/\/thaissl.com\/fr\/boutique\/accessoires-pour-camping-car\/occultant-trois-fenetres-ac\/","title":{"rendered":"Occultant trois fenetres AC"},"content":{"rendered":"","protected":false},"excerpt":{"rendered":"<p>Occultant pour trois fen\u00eatres avec air conditionn\u00e9, facile \u00e0 installer avec des pattes sur les portes et des aimants.<\/p>\n","protected":false},"featured_media":12443,"template":"","meta":[],"etheme_brands":[],"product_brand":[],"product_cat":[122],"product_tag":[],"class_list":{"0":"post-13669","1":"product","2":"type-product","3":"status-publish","4":"has-post-thumbnail","6":"product_cat-accessoires-pour-camping-car","7":"product_shipping_class-standard-c2-fr","9":"first","10":"instock","11":"taxable","12":"shipping-taxable","13":"purchasable","14":"product-type-variable"},"_links":{"self":[{"href":"https:\/\/thaissl.com\/fr\/wp-json\/wp\/v2\/product\/13669","targetHints":{"allow":["GET"]}}],"collection":[{"href":"https:\/\/thaissl.com\/fr\/wp-json\/wp\/v2\/product"}],"about":[{"href":"https:\/\/thaissl.com\/fr\/wp-json\/wp\/v2\/types\/product"}],"version-history":[{"count":1,"href":"https:\/\/thaissl.com\/fr\/wp-json\/wp\/v2\/product\/13669\/revisions"}],"predecessor-version":[{"id":17049,"href":"https:\/\/thaissl.com\/fr\/wp-json\/wp\/v2\/product\/13669\/revisions\/17049"}],"wp:featuredmedia":[{"embeddable":true,"href":"https:\/\/thaissl.com\/fr\/wp-json\/wp\/v2\/media\/12443"}],"wp:attachment":[{"href":"https:\/\/thaissl.com\/fr\/wp-json\/wp\/v2\/media?parent=13669"}],"wp:term":[{"taxonomy":"brand","embeddable":true,"href":"https:\/\/thaissl.com\/fr\/wp-json\/wp\/v2\/etheme_brands?post=13669"},{"taxonomy":"product_brand","embeddable":true,"href":"https:\/\/thaissl.com\/fr\/wp-json\/wp\/v2\/product_brand?post=13669"},{"taxonomy":"product_cat","embeddable":true,"href":"https:\/\/thaissl.com\/fr\/wp-json\/wp\/v2\/product_cat?post=13669"},{"taxonomy":"product_tag","embeddable":true,"href":"https:\/\/thaissl.com\/fr\/wp-json\/wp\/v2\/product_tag?post=13669"}],"curies":[{"name":"wp","href":"https:\/\/api.w.org\/{rel}","templated":true}]}}