{"id":13656,"date":"2023-05-12T15:12:05","date_gmt":"2023-05-12T15:12:05","guid":{"rendered":"https:\/\/thais.miempresa.online\/producto\/valise-pour-fenetre-arriere\/"},"modified":"2024-02-22T12:54:54","modified_gmt":"2024-02-22T12:54:54","slug":"valise-fenetre-arriere","status":"publish","type":"product","link":"https:\/\/thaissl.com\/fr\/boutique\/accessoires-pour-fourgons-camper\/valise-fenetre-arriere\/","title":{"rendered":"Valise pour fen\u00eatre arri\u00e8re"},"content":{"rendered":"<p><span style=\"color: #ff0000;\">STRUCTURE INTERNE :<\/span><\/p>\n<p><span style=\"color: #993300;\">BOIS<\/span><\/p>\n<p>Structure en panneau de fibres de densit\u00e9 moyenne (DM) de 5 mm laqu\u00e9e en gris (partie int\u00e9rieure) et en noir (partie ext\u00e9rieure). Supporte jusqu&rsquo;\u00e0 15 kg.<\/p>\n<p>Elle se place dans le cadre de la fen\u00eatre et est fix\u00e9e avec deux vis pour la maintenir en place, aucun rivet ni velcro adh\u00e9sif n&rsquo;est n\u00e9cessaire.<\/p>\n<p>Dimensions : 77 * 42 * 15 cm de profondeur (48 litres par valise)<\/p>\n<p><span style=\"color: #993300;\">POLYPROPYL\u00c8NE<\/span><\/p>\n<p>Ce mat\u00e9riau supporte jusqu&rsquo;\u00e0 6 kg et ressemble \u00e0 du carton en plastique, id\u00e9al pour ranger suffisamment de v\u00eatements. Dans ce mod\u00e8le, les deux compartiments sont \u00e9galement s\u00e9par\u00e9s par une \u00e9tag\u00e8re verticale, ce qui offre quatre espaces distincts.<\/p>\n<p>Elle se place dans le cadre de la fen\u00eatre et est fix\u00e9e avec deux morceaux de velcro adh\u00e9sif sur le cadre inf\u00e9rieur.<\/p>\n<p>Dimensions : 77 * 42 * 15 cm de profondeur (48 litres par valise)<\/p>\n<hr>\n<p><span style=\"color: #ff0000;\">IMPORTANT:<\/span> Pour les fourgons VW California Beach avec une banquette de deux si\u00e8ges ou California Ocean\/Comfortline, la valise droite aura une profondeur de 9 cm <span style=\"color: #993300;\">(seule la structure en bois est disponible).<\/span><\/p>\n<hr>\n<p><span style=\"color: #ff0000;\">ALUMINIS\u00c9 :<\/span><\/p>\n<p>Parasol \u00e0 bulles lamin\u00e9 des deux c\u00f4t\u00e9s avec de l&rsquo;aluminium pour \u00e9viter les temp\u00e9ratures \u00e9lev\u00e9es, il est fix\u00e9 avec quatre points adh\u00e9sifs \u00e0 l&rsquo;arri\u00e8re.<\/p>\n<hr>\n<p><span style=\"color: #ff0000;\">VW TRANSPORTER COMBI T5\/T6\/T6.1 : Dans ces fourgonnettes, la valise s&rsquo;installe entre la t\u00f4le et la vitre de la fen\u00eatre. Pour que la valise puisse \u00eatre ins\u00e9r\u00e9e, il doit y avoir un espace de 3 mm entre la t\u00f4le et la vitre.<\/span> Disponible uniquement avec une structure interne en BOIS. <em>L&rsquo;aluminium<\/em> n&rsquo;est pas compatible avec ce mod\u00e8le. Voir la vid\u00e9o d&rsquo;installation. <a href=\"https:\/\/youtu.be\/mauQZmCf-8M\" target=\"_blank\" rel=\"noopener\"><strong><\/strong><\/a><\/p>\n<p><span style=\"color: #ff0000;\">VW CARAVELLE T5\/T6\/T6.1<\/span><\/p>\n<p>Il ne peut \u00eatre install\u00e9 qu&rsquo;en retirant les supports de la ceinture de s\u00e9curit\u00e9.<\/p>\n<p>Dimensions : 77 * 42 * 15 cm de profondeur (48 litres par valise)<\/p>\n<hr>\n<p><span style=\"color: #800000;\">Non compatible avec le California Beach 1\u00e8re g\u00e9n\u00e9ration.<\/span><\/p>\n<p>Les valises pour Beach et Multivan sont uniquement valables si les fen\u00eatres sont rev\u00eatues \u00e0 l&rsquo;int\u00e9rieur, comme on peut le voir sur les images (aucune t\u00f4le m\u00e9tallique visible).<\/p>\n<hr>\n<p>&nbsp;<\/p>\n<p><strong>C\u00f4t\u00e9 gauche conducteur<\/strong><\/p>\n<p><strong>C\u00f4t\u00e9 droit passager<\/strong><\/p>\n<p>&nbsp;<\/p>\n<p><span style=\"color: #800000;\">Ford Transit Custom COMBI(avec vitres): Aluminium non disponible<\/span><\/p>\n<p><span style=\"color: #800000;\">Ford Transit Custom COMBI avec climatisation arri\u00e8re UNIQUEMENT valise droite disponible.<\/span><\/p>\n<p><iframe loading=\"lazy\" title=\"Installation de la valise pour fen\u00eatre arri\u00e8re T6 Beach\" src=\"https:\/\/www.youtube.com\/embed\/IkULxUG9wYE\" width=\"949\" height=\"534\" frameborder=\"0\" allowfullscreen=\"allowfullscreen\"><\/iframe><\/p>\n<p><iframe loading=\"lazy\" title=\"Ajustement de la valise de fen\u00eatre pour fourgon\" src=\"https:\/\/www.youtube.com\/embed\/lvAwZdFtY0o\" width=\"949\" height=\"534\" frameborder=\"0\" allowfullscreen=\"allowfullscreen\"><\/iframe><\/p>\n<p><iframe loading=\"lazy\" title=\"Structure en polypropyl\u00e8ne\" src=\"https:\/\/www.youtube.com\/embed\/MhFj06NV-5g\" width=\"949\" height=\"534\" frameborder=\"0\" allowfullscreen=\"allowfullscreen\"><\/iframe><\/p>\n","protected":false},"excerpt":{"rendered":"<p><strong><span style=\"color: #800000;\">NE SE FABRIQUE PAS SUR MESURE POUR D&rsquo;AUTRES MOD\u00c8LES<\/span><\/strong><\/p>\n","protected":false},"featured_media":12448,"template":"","meta":[],"etheme_brands":[],"product_brand":[],"product_cat":[123],"product_tag":[],"class_list":{"0":"post-13656","1":"product","2":"type-product","3":"status-publish","4":"has-post-thumbnail","6":"product_cat-accessoires-pour-fourgons-camper","7":"product_shipping_class-standard-c10-fr","9":"first","10":"instock","11":"taxable","12":"shipping-taxable","13":"purchasable","14":"product-type-variable"},"_links":{"self":[{"href":"https:\/\/thaissl.com\/fr\/wp-json\/wp\/v2\/product\/13656","targetHints":{"allow":["GET"]}}],"collection":[{"href":"https:\/\/thaissl.com\/fr\/wp-json\/wp\/v2\/product"}],"about":[{"href":"https:\/\/thaissl.com\/fr\/wp-json\/wp\/v2\/types\/product"}],"version-history":[{"count":1,"href":"https:\/\/thaissl.com\/fr\/wp-json\/wp\/v2\/product\/13656\/revisions"}],"predecessor-version":[{"id":16720,"href":"https:\/\/thaissl.com\/fr\/wp-json\/wp\/v2\/product\/13656\/revisions\/16720"}],"wp:featuredmedia":[{"embeddable":true,"href":"https:\/\/thaissl.com\/fr\/wp-json\/wp\/v2\/media\/12448"}],"wp:attachment":[{"href":"https:\/\/thaissl.com\/fr\/wp-json\/wp\/v2\/media?parent=13656"}],"wp:term":[{"taxonomy":"brand","embeddable":true,"href":"https:\/\/thaissl.com\/fr\/wp-json\/wp\/v2\/etheme_brands?post=13656"},{"taxonomy":"product_brand","embeddable":true,"href":"https:\/\/thaissl.com\/fr\/wp-json\/wp\/v2\/product_brand?post=13656"},{"taxonomy":"product_cat","embeddable":true,"href":"https:\/\/thaissl.com\/fr\/wp-json\/wp\/v2\/product_cat?post=13656"},{"taxonomy":"product_tag","embeddable":true,"href":"https:\/\/thaissl.com\/fr\/wp-json\/wp\/v2\/product_tag?post=13656"}],"curies":[{"name":"wp","href":"https:\/\/api.w.org\/{rel}","templated":true}]}}