{"id":13653,"date":"2023-05-12T15:14:18","date_gmt":"2023-05-12T15:14:18","guid":{"rendered":"https:\/\/thais.miempresa.online\/producto\/housses-pour-moto-et-quad\/"},"modified":"2024-02-22T12:52:06","modified_gmt":"2024-02-22T12:52:06","slug":"housses-moto-et-quad","status":"publish","type":"product","link":"https:\/\/thaissl.com\/fr\/boutique\/housses-pour-voitures-et-motos\/housses-moto-et-quad\/","title":{"rendered":"Housses pour moto et quad"},"content":{"rendered":"","protected":false},"excerpt":{"rendered":"<p style=\"text-align: justify;\">Housses fabriqu\u00e9es en PVC avec support int\u00e9rieur.<\/p>\n<p style=\"text-align: justify;\">Les housses sont \u00e9quip\u00e9es d&rsquo;attaches et d&rsquo;\u00e9lastiques \u00e0 l&rsquo;avant et \u00e0 l&rsquo;arri\u00e8re.<\/p>\n","protected":false},"featured_media":12513,"template":"","meta":[],"etheme_brands":[],"product_brand":[],"product_cat":[124],"product_tag":[],"class_list":{"0":"post-13653","1":"product","2":"type-product","3":"status-publish","4":"has-post-thumbnail","6":"product_cat-housses-pour-voitures-et-motos","7":"product_shipping_class-standard-c4-fr","9":"first","10":"instock","11":"taxable","12":"shipping-taxable","13":"purchasable","14":"product-type-variable"},"_links":{"self":[{"href":"https:\/\/thaissl.com\/fr\/wp-json\/wp\/v2\/product\/13653","targetHints":{"allow":["GET"]}}],"collection":[{"href":"https:\/\/thaissl.com\/fr\/wp-json\/wp\/v2\/product"}],"about":[{"href":"https:\/\/thaissl.com\/fr\/wp-json\/wp\/v2\/types\/product"}],"version-history":[{"count":1,"href":"https:\/\/thaissl.com\/fr\/wp-json\/wp\/v2\/product\/13653\/revisions"}],"predecessor-version":[{"id":17044,"href":"https:\/\/thaissl.com\/fr\/wp-json\/wp\/v2\/product\/13653\/revisions\/17044"}],"wp:featuredmedia":[{"embeddable":true,"href":"https:\/\/thaissl.com\/fr\/wp-json\/wp\/v2\/media\/12513"}],"wp:attachment":[{"href":"https:\/\/thaissl.com\/fr\/wp-json\/wp\/v2\/media?parent=13653"}],"wp:term":[{"taxonomy":"brand","embeddable":true,"href":"https:\/\/thaissl.com\/fr\/wp-json\/wp\/v2\/etheme_brands?post=13653"},{"taxonomy":"product_brand","embeddable":true,"href":"https:\/\/thaissl.com\/fr\/wp-json\/wp\/v2\/product_brand?post=13653"},{"taxonomy":"product_cat","embeddable":true,"href":"https:\/\/thaissl.com\/fr\/wp-json\/wp\/v2\/product_cat?post=13653"},{"taxonomy":"product_tag","embeddable":true,"href":"https:\/\/thaissl.com\/fr\/wp-json\/wp\/v2\/product_tag?post=13653"}],"curies":[{"name":"wp","href":"https:\/\/api.w.org\/{rel}","templated":true}]}}