{"id":13652,"date":"2023-05-12T15:15:47","date_gmt":"2023-05-12T15:15:47","guid":{"rendered":"https:\/\/thais.miempresa.online\/producto\/housses-de-voiture-pour-concessionnaires\/"},"modified":"2023-05-12T15:15:47","modified_gmt":"2023-05-12T15:15:47","slug":"housses-voiture-concessionnaires","status":"publish","type":"product","link":"https:\/\/thaissl.com\/fr\/boutique\/housses-pour-voitures-et-motos\/housses-voiture-concessionnaires\/","title":{"rendered":"Housses de voiture pour concessionnaires"},"content":{"rendered":"","protected":false},"excerpt":{"rendered":"<p style=\"text-align: justify;\">Housses sur mesure confectionn\u00e9es en polyur\u00e9thane plastifi\u00e9 avec des \u00e9lastiques \u00e0 l&rsquo;avant et \u00e0 l&rsquo;arri\u00e8re.<\/p>\n<p style=\"text-align: justify;\">Avec une pochette cousue \u00e0 la housse pour le rangement.<\/p>\n<p style=\"text-align: justify;\">Possibilit\u00e9 de s\u00e9rigraphie.<\/p>\n","protected":false},"featured_media":12518,"template":"","meta":[],"etheme_brands":[],"product_brand":[],"product_cat":[124],"product_tag":[],"class_list":{"0":"post-13652","1":"product","2":"type-product","3":"status-publish","4":"has-post-thumbnail","6":"product_cat-housses-pour-voitures-et-motos","7":"product_shipping_class-standard-c5-fr","9":"first","10":"instock","11":"taxable","12":"shipping-taxable","13":"product-type-simple"},"_links":{"self":[{"href":"https:\/\/thaissl.com\/fr\/wp-json\/wp\/v2\/product\/13652","targetHints":{"allow":["GET"]}}],"collection":[{"href":"https:\/\/thaissl.com\/fr\/wp-json\/wp\/v2\/product"}],"about":[{"href":"https:\/\/thaissl.com\/fr\/wp-json\/wp\/v2\/types\/product"}],"version-history":[{"count":0,"href":"https:\/\/thaissl.com\/fr\/wp-json\/wp\/v2\/product\/13652\/revisions"}],"wp:featuredmedia":[{"embeddable":true,"href":"https:\/\/thaissl.com\/fr\/wp-json\/wp\/v2\/media\/12518"}],"wp:attachment":[{"href":"https:\/\/thaissl.com\/fr\/wp-json\/wp\/v2\/media?parent=13652"}],"wp:term":[{"taxonomy":"brand","embeddable":true,"href":"https:\/\/thaissl.com\/fr\/wp-json\/wp\/v2\/etheme_brands?post=13652"},{"taxonomy":"product_brand","embeddable":true,"href":"https:\/\/thaissl.com\/fr\/wp-json\/wp\/v2\/product_brand?post=13652"},{"taxonomy":"product_cat","embeddable":true,"href":"https:\/\/thaissl.com\/fr\/wp-json\/wp\/v2\/product_cat?post=13652"},{"taxonomy":"product_tag","embeddable":true,"href":"https:\/\/thaissl.com\/fr\/wp-json\/wp\/v2\/product_tag?post=13652"}],"curies":[{"name":"wp","href":"https:\/\/api.w.org\/{rel}","templated":true}]}}