{"id":13647,"date":"2023-05-12T15:20:08","date_gmt":"2023-05-12T15:20:08","guid":{"rendered":"https:\/\/thais.miempresa.online\/producto\/housses-dinterieur-pour-4x4-et-monospaces\/"},"modified":"2024-02-22T12:51:01","modified_gmt":"2024-02-22T12:51:01","slug":"housses-interieur-4x4-monospaces","status":"publish","type":"product","link":"https:\/\/thaissl.com\/fr\/boutique\/housses-pour-voitures-et-motos\/housses-interieur-4x4-monospaces\/","title":{"rendered":"Housses d&rsquo;int\u00e9rieur pour 4&#215;4 et monospaces"},"content":{"rendered":"","protected":false},"excerpt":{"rendered":"<p style=\"text-align: justify;\">Housses fabriqu\u00e9es en non-tiss\u00e9 tricouche, un tissu respirant et r\u00e9sistant \u00e0 l&rsquo;eau, UTILISATION INT\u00c9RIEURE.<\/p>\n<p style=\"text-align: justify;\">Des housses sur mesure sont \u00e9galement confectionn\u00e9es en DuPont\u2122 Tyvek\u00ae pour une utilisation en ext\u00e9rieur.<\/p>\n<p style=\"text-align: justify;\">Toutes les housses sont \u00e9quip\u00e9es d&rsquo;une sangle en nylon avec une fermeture rapide et \u00e9lastique \u00e0 l&rsquo;avant et \u00e0 l&rsquo;arri\u00e8re.<\/p>\n","protected":false},"featured_media":12526,"template":"","meta":[],"etheme_brands":[],"product_brand":[],"product_cat":[124],"product_tag":[],"class_list":{"0":"post-13647","1":"product","2":"type-product","3":"status-publish","4":"has-post-thumbnail","6":"product_cat-housses-pour-voitures-et-motos","7":"product_shipping_class-standard-c5-fr","9":"first","10":"instock","11":"taxable","12":"shipping-taxable","13":"purchasable","14":"product-type-variable"},"_links":{"self":[{"href":"https:\/\/thaissl.com\/fr\/wp-json\/wp\/v2\/product\/13647","targetHints":{"allow":["GET"]}}],"collection":[{"href":"https:\/\/thaissl.com\/fr\/wp-json\/wp\/v2\/product"}],"about":[{"href":"https:\/\/thaissl.com\/fr\/wp-json\/wp\/v2\/types\/product"}],"version-history":[{"count":1,"href":"https:\/\/thaissl.com\/fr\/wp-json\/wp\/v2\/product\/13647\/revisions"}],"predecessor-version":[{"id":17037,"href":"https:\/\/thaissl.com\/fr\/wp-json\/wp\/v2\/product\/13647\/revisions\/17037"}],"wp:featuredmedia":[{"embeddable":true,"href":"https:\/\/thaissl.com\/fr\/wp-json\/wp\/v2\/media\/12526"}],"wp:attachment":[{"href":"https:\/\/thaissl.com\/fr\/wp-json\/wp\/v2\/media?parent=13647"}],"wp:term":[{"taxonomy":"brand","embeddable":true,"href":"https:\/\/thaissl.com\/fr\/wp-json\/wp\/v2\/etheme_brands?post=13647"},{"taxonomy":"product_brand","embeddable":true,"href":"https:\/\/thaissl.com\/fr\/wp-json\/wp\/v2\/product_brand?post=13647"},{"taxonomy":"product_cat","embeddable":true,"href":"https:\/\/thaissl.com\/fr\/wp-json\/wp\/v2\/product_cat?post=13647"},{"taxonomy":"product_tag","embeddable":true,"href":"https:\/\/thaissl.com\/fr\/wp-json\/wp\/v2\/product_tag?post=13647"}],"curies":[{"name":"wp","href":"https:\/\/api.w.org\/{rel}","templated":true}]}}