{"id":13643,"date":"2023-05-12T15:22:10","date_gmt":"2023-05-12T15:22:10","guid":{"rendered":"https:\/\/thais.miempresa.online\/producto\/housse-de-voiture-en-dupont-tyvek\/"},"modified":"2024-02-22T12:48:03","modified_gmt":"2024-02-22T12:48:03","slug":"housse-voiture-dupont-tyvek","status":"publish","type":"product","link":"https:\/\/thaissl.com\/fr\/boutique\/housses-pour-voitures-et-motos\/housse-voiture-dupont-tyvek\/","title":{"rendered":"Housse de voiture en DuPont\u2122 Tyvek\u00ae"},"content":{"rendered":"<p style=\"text-align: justify;\"><strong>Caract\u00e9ristiques du<\/strong> <strong>DuPont\u2122<\/strong> <strong>Tyvek<\/strong><strong>\u00ae<\/strong> <strong>:<\/strong><\/p>\n<p style=\"text-align: justify;\">\u2022 Produit respirant qui \u00e9vite la condensation et le risque de formation de moisissures<\/p>\n<p style=\"text-align: justify;\">\u2022 Traitement contre les rayons UV<\/p>\n<p style=\"text-align: justify;\">\u2022 Prot\u00e8ge contre les intemp\u00e9ries<\/p>\n<p style=\"text-align: justify;\">\u2022 Excellente r\u00e9sistance \u00e0 l&rsquo;eau<\/p>\n<p style=\"text-align: justify;\">\u2022 Maintient l&rsquo;int\u00e9rieur plus frais<\/p>\n<p style=\"text-align: justify;\">Toutes les housses sont \u00e9quip\u00e9es de sangles en nylon avec des fermetures \u00e9lastiques rapides \u00e0 l&rsquo;avant et \u00e0 l&rsquo;arri\u00e8re.<\/p>\n<p style=\"text-align: justify;\">Tailles disponibles : A &#8211; Jusqu&rsquo;\u00e0 4,15 m, B &#8211; Jusqu&rsquo;\u00e0 4,65 m, C &#8211; Jusqu&rsquo;\u00e0 5,12 m<\/p>\n","protected":false},"excerpt":{"rendered":"<p>Caract\u00e9ristiques du DuPont\u2122 Tyvek\u00ae : \u2022 Produit respirant qui \u00e9vite la condensation et le risque de formation de moisissures \u2022 Traitement contre les rayons UV&#8230;<\/p>\n","protected":false},"featured_media":12535,"template":"","meta":[],"etheme_brands":[],"product_brand":[],"product_cat":[124],"product_tag":[],"class_list":{"0":"post-13643","1":"product","2":"type-product","3":"status-publish","4":"has-post-thumbnail","6":"product_cat-housses-pour-voitures-et-motos","7":"product_shipping_class-standard-c5-fr","9":"first","10":"instock","11":"taxable","12":"shipping-taxable","13":"purchasable","14":"product-type-variable"},"_links":{"self":[{"href":"https:\/\/thaissl.com\/fr\/wp-json\/wp\/v2\/product\/13643","targetHints":{"allow":["GET"]}}],"collection":[{"href":"https:\/\/thaissl.com\/fr\/wp-json\/wp\/v2\/product"}],"about":[{"href":"https:\/\/thaissl.com\/fr\/wp-json\/wp\/v2\/types\/product"}],"version-history":[{"count":1,"href":"https:\/\/thaissl.com\/fr\/wp-json\/wp\/v2\/product\/13643\/revisions"}],"predecessor-version":[{"id":17032,"href":"https:\/\/thaissl.com\/fr\/wp-json\/wp\/v2\/product\/13643\/revisions\/17032"}],"wp:featuredmedia":[{"embeddable":true,"href":"https:\/\/thaissl.com\/fr\/wp-json\/wp\/v2\/media\/12535"}],"wp:attachment":[{"href":"https:\/\/thaissl.com\/fr\/wp-json\/wp\/v2\/media?parent=13643"}],"wp:term":[{"taxonomy":"brand","embeddable":true,"href":"https:\/\/thaissl.com\/fr\/wp-json\/wp\/v2\/etheme_brands?post=13643"},{"taxonomy":"product_brand","embeddable":true,"href":"https:\/\/thaissl.com\/fr\/wp-json\/wp\/v2\/product_brand?post=13643"},{"taxonomy":"product_cat","embeddable":true,"href":"https:\/\/thaissl.com\/fr\/wp-json\/wp\/v2\/product_cat?post=13643"},{"taxonomy":"product_tag","embeddable":true,"href":"https:\/\/thaissl.com\/fr\/wp-json\/wp\/v2\/product_tag?post=13643"}],"curies":[{"name":"wp","href":"https:\/\/api.w.org\/{rel}","templated":true}]}}