{"id":13642,"date":"2023-05-12T15:30:15","date_gmt":"2023-05-12T15:30:15","guid":{"rendered":"https:\/\/thais.miempresa.online\/producto\/auvent-pour-fenetre\/"},"modified":"2023-05-12T15:30:15","modified_gmt":"2023-05-12T15:30:15","slug":"auvent-fenetre","status":"publish","type":"product","link":"https:\/\/thaissl.com\/fr\/boutique\/accessoires-pour-camping-car\/auvent-fenetre\/","title":{"rendered":"Auvent pour fen\u00eatre."},"content":{"rendered":"","protected":false},"excerpt":{"rendered":"<p>Auvent sur mesure pour chaque type de fen\u00eatre avec ou sans guide. Fabriqu\u00e9 sur mesure. Veuillez nous consulter pour l&rsquo;achat.<\/p>\n","protected":false},"featured_media":12539,"template":"","meta":[],"etheme_brands":[],"product_brand":[],"product_cat":[122],"product_tag":[],"class_list":{"0":"post-13642","1":"product","2":"type-product","3":"status-publish","4":"has-post-thumbnail","6":"product_cat-accessoires-pour-camping-car","7":"product_shipping_class-standard-c5-fr","9":"first","10":"instock","11":"taxable","12":"shipping-taxable","13":"product-type-simple"},"_links":{"self":[{"href":"https:\/\/thaissl.com\/fr\/wp-json\/wp\/v2\/product\/13642","targetHints":{"allow":["GET"]}}],"collection":[{"href":"https:\/\/thaissl.com\/fr\/wp-json\/wp\/v2\/product"}],"about":[{"href":"https:\/\/thaissl.com\/fr\/wp-json\/wp\/v2\/types\/product"}],"version-history":[{"count":0,"href":"https:\/\/thaissl.com\/fr\/wp-json\/wp\/v2\/product\/13642\/revisions"}],"wp:featuredmedia":[{"embeddable":true,"href":"https:\/\/thaissl.com\/fr\/wp-json\/wp\/v2\/media\/12539"}],"wp:attachment":[{"href":"https:\/\/thaissl.com\/fr\/wp-json\/wp\/v2\/media?parent=13642"}],"wp:term":[{"taxonomy":"brand","embeddable":true,"href":"https:\/\/thaissl.com\/fr\/wp-json\/wp\/v2\/etheme_brands?post=13642"},{"taxonomy":"product_brand","embeddable":true,"href":"https:\/\/thaissl.com\/fr\/wp-json\/wp\/v2\/product_brand?post=13642"},{"taxonomy":"product_cat","embeddable":true,"href":"https:\/\/thaissl.com\/fr\/wp-json\/wp\/v2\/product_cat?post=13642"},{"taxonomy":"product_tag","embeddable":true,"href":"https:\/\/thaissl.com\/fr\/wp-json\/wp\/v2\/product_tag?post=13642"}],"curies":[{"name":"wp","href":"https:\/\/api.w.org\/{rel}","templated":true}]}}