{"id":13636,"date":"2023-05-12T15:34:02","date_gmt":"2023-05-12T15:34:02","guid":{"rendered":"https:\/\/thais.miempresa.online\/producto\/auvent-pour-lanterneaux\/"},"modified":"2024-02-22T12:47:30","modified_gmt":"2024-02-22T12:47:30","slug":"auvent-lanterneaux","status":"publish","type":"product","link":"https:\/\/thaissl.com\/fr\/boutique\/accessoires-pour-camping-car\/auvent-lanterneaux\/","title":{"rendered":"Auvent pour lanterneaux"},"content":{"rendered":"","protected":false},"excerpt":{"rendered":"<p>Auvent sur mesure pour tous types de lanterneaux.<\/p>\n<p>Partie sup\u00e9rieure ANTI-GR\u00caLE avec une mousse de 5 mm d&rsquo;\u00e9paisseur.<\/p>\n<p>Fabriqu\u00e9 en Tyvek\u00ae DuPont.<\/p>\n<p>Couleur: BLANC<\/p>\n<p>Si nous n&rsquo;avons pas de mod\u00e8le pr\u00e9con\u00e7u, nous le fabriquons sur mesure.<\/p>\n","protected":false},"featured_media":12555,"template":"","meta":[],"etheme_brands":[],"product_brand":[],"product_cat":[122],"product_tag":[],"class_list":{"0":"post-13636","1":"product","2":"type-product","3":"status-publish","4":"has-post-thumbnail","6":"product_cat-accessoires-pour-camping-car","7":"product_shipping_class-standard-c2-fr","9":"first","10":"instock","11":"taxable","12":"shipping-taxable","13":"purchasable","14":"product-type-variable"},"_links":{"self":[{"href":"https:\/\/thaissl.com\/fr\/wp-json\/wp\/v2\/product\/13636","targetHints":{"allow":["GET"]}}],"collection":[{"href":"https:\/\/thaissl.com\/fr\/wp-json\/wp\/v2\/product"}],"about":[{"href":"https:\/\/thaissl.com\/fr\/wp-json\/wp\/v2\/types\/product"}],"version-history":[{"count":1,"href":"https:\/\/thaissl.com\/fr\/wp-json\/wp\/v2\/product\/13636\/revisions"}],"predecessor-version":[{"id":17025,"href":"https:\/\/thaissl.com\/fr\/wp-json\/wp\/v2\/product\/13636\/revisions\/17025"}],"wp:featuredmedia":[{"embeddable":true,"href":"https:\/\/thaissl.com\/fr\/wp-json\/wp\/v2\/media\/12555"}],"wp:attachment":[{"href":"https:\/\/thaissl.com\/fr\/wp-json\/wp\/v2\/media?parent=13636"}],"wp:term":[{"taxonomy":"brand","embeddable":true,"href":"https:\/\/thaissl.com\/fr\/wp-json\/wp\/v2\/etheme_brands?post=13636"},{"taxonomy":"product_brand","embeddable":true,"href":"https:\/\/thaissl.com\/fr\/wp-json\/wp\/v2\/product_brand?post=13636"},{"taxonomy":"product_cat","embeddable":true,"href":"https:\/\/thaissl.com\/fr\/wp-json\/wp\/v2\/product_cat?post=13636"},{"taxonomy":"product_tag","embeddable":true,"href":"https:\/\/thaissl.com\/fr\/wp-json\/wp\/v2\/product_tag?post=13636"}],"curies":[{"name":"wp","href":"https:\/\/api.w.org\/{rel}","templated":true}]}}