{"id":13634,"date":"2023-05-15T08:36:31","date_gmt":"2023-05-15T08:36:31","guid":{"rendered":"https:\/\/thais.miempresa.online\/producto\/protege-front-pour-caravane\/"},"modified":"2023-05-15T08:36:31","modified_gmt":"2023-05-15T08:36:31","slug":"protege-front-pour-caravane","status":"publish","type":"product","link":"https:\/\/thaissl.com\/fr\/boutique\/accessoires-pour-camping-car\/protege-front-pour-caravane\/","title":{"rendered":"Prot\u00e8ge-front pour caravane"},"content":{"rendered":"<p style=\"text-align: justify;\">La partie sup\u00e9rieure est fix\u00e9e \u00e0 l&rsquo;aide d&rsquo;un cordon dans le rail et les c\u00f4t\u00e9s sont attach\u00e9s avec un cordon et du velcro. Tr\u00e8s facile \u00e0 installer. Permet l&rsquo;acc\u00e8s \u00e0 la soute.<\/p>\n<p style=\"text-align: justify;\">Prot\u00e8ge la caravane des intemp\u00e9ries, des insectes et des \u00e9clats de cailloux provenant des roues du v\u00e9hicule. En m\u00eame temps, il isole l&rsquo;int\u00e9rieur de la caravane du froid et de la chaleur.<\/p>\n<p style=\"text-align: justify;\">Disponible pour les mod\u00e8les Knaus Sport.<\/p>\n","protected":false},"excerpt":{"rendered":"<p>Ce prot\u00e8ge-front est sp\u00e9cialement con\u00e7u pour s&rsquo;adapter parfaitement \u00e0 l&rsquo;avant de la caravane.<\/p>\n","protected":false},"featured_media":12568,"template":"","meta":[],"etheme_brands":[],"product_brand":[],"product_cat":[122],"product_tag":[],"class_list":{"0":"post-13634","1":"product","2":"type-product","3":"status-publish","4":"has-post-thumbnail","6":"product_cat-accessoires-pour-camping-car","8":"first","9":"instock","10":"taxable","11":"shipping-taxable","12":"purchasable","13":"product-type-simple"},"_links":{"self":[{"href":"https:\/\/thaissl.com\/fr\/wp-json\/wp\/v2\/product\/13634","targetHints":{"allow":["GET"]}}],"collection":[{"href":"https:\/\/thaissl.com\/fr\/wp-json\/wp\/v2\/product"}],"about":[{"href":"https:\/\/thaissl.com\/fr\/wp-json\/wp\/v2\/types\/product"}],"version-history":[{"count":0,"href":"https:\/\/thaissl.com\/fr\/wp-json\/wp\/v2\/product\/13634\/revisions"}],"wp:featuredmedia":[{"embeddable":true,"href":"https:\/\/thaissl.com\/fr\/wp-json\/wp\/v2\/media\/12568"}],"wp:attachment":[{"href":"https:\/\/thaissl.com\/fr\/wp-json\/wp\/v2\/media?parent=13634"}],"wp:term":[{"taxonomy":"brand","embeddable":true,"href":"https:\/\/thaissl.com\/fr\/wp-json\/wp\/v2\/etheme_brands?post=13634"},{"taxonomy":"product_brand","embeddable":true,"href":"https:\/\/thaissl.com\/fr\/wp-json\/wp\/v2\/product_brand?post=13634"},{"taxonomy":"product_cat","embeddable":true,"href":"https:\/\/thaissl.com\/fr\/wp-json\/wp\/v2\/product_cat?post=13634"},{"taxonomy":"product_tag","embeddable":true,"href":"https:\/\/thaissl.com\/fr\/wp-json\/wp\/v2\/product_tag?post=13634"}],"curies":[{"name":"wp","href":"https:\/\/api.w.org\/{rel}","templated":true}]}}