{"id":13629,"date":"2023-05-15T08:43:34","date_gmt":"2023-05-15T08:43:34","guid":{"rendered":"https:\/\/thais.miempresa.online\/producto\/toile-de-toit-dorigine-pour-le-toit-relevable\/"},"modified":"2024-02-22T13:48:07","modified_gmt":"2024-02-22T13:48:07","slug":"toile-toit-origine-toit-relevable","status":"publish","type":"product","link":"https:\/\/thaissl.com\/fr\/boutique\/accessoires-pour-fourgons-camper\/toile-toit-origine-toit-relevable\/","title":{"rendered":"Toile de toit d&rsquo;origine pour le toit relevable"},"content":{"rendered":"<p><span style=\"color: #ff0000;\">Nous disposons de quelques mod\u00e8les pr\u00e9-coup\u00e9s, mais dans le cas o\u00f9 votre mod\u00e8le ne figure pas dans la liste, nous pouvons toujours le fabriquer \u00e0 condition que vous conserviez la toile d&rsquo;origine. Nous nous chargeons de r\u00e9cup\u00e9rer l&rsquo;ancienne !<\/span><\/p>\n<p>-VW California T4 (92-98) \u00e0 condition qu&rsquo;ils disposent d&rsquo;une structure de toit relevable en forme de \u00ab\u00a0H\u00a0\u00bb.<\/p>\n<p>-VW California T4 (97-03) \u00e0 condition qu&rsquo;ils disposent de ressorts lat\u00e9raux.<\/p>\n<p>-VW California T5 Beach (sans parties en plastique dur dans le soufflet).<\/p>\n","protected":false},"excerpt":{"rendered":"<p style=\"text-align: justify;\">Ces toiles sont fabriqu\u00e9es sur mesure avec un mat\u00e9riau hydrofuge et ininflammable de couleur gris fonc\u00e9.<\/p>\n<p>Toutes les fen\u00eatres sont \u00e9quip\u00e9es d&rsquo;une moustiquaire fixe et d&rsquo;un couvercle int\u00e9rieur \u00e0 double curseur.<\/p>\n","protected":false},"featured_media":12583,"template":"","meta":[],"etheme_brands":[],"product_brand":[],"product_cat":[123],"product_tag":[],"class_list":{"0":"post-13629","1":"product","2":"type-product","3":"status-publish","4":"has-post-thumbnail","6":"product_cat-accessoires-pour-fourgons-camper","7":"product_shipping_class-standard-c4-fr","9":"first","10":"instock","11":"taxable","12":"shipping-taxable","13":"purchasable","14":"product-type-variable"},"_links":{"self":[{"href":"https:\/\/thaissl.com\/fr\/wp-json\/wp\/v2\/product\/13629","targetHints":{"allow":["GET"]}}],"collection":[{"href":"https:\/\/thaissl.com\/fr\/wp-json\/wp\/v2\/product"}],"about":[{"href":"https:\/\/thaissl.com\/fr\/wp-json\/wp\/v2\/types\/product"}],"version-history":[{"count":1,"href":"https:\/\/thaissl.com\/fr\/wp-json\/wp\/v2\/product\/13629\/revisions"}],"predecessor-version":[{"id":16760,"href":"https:\/\/thaissl.com\/fr\/wp-json\/wp\/v2\/product\/13629\/revisions\/16760"}],"wp:featuredmedia":[{"embeddable":true,"href":"https:\/\/thaissl.com\/fr\/wp-json\/wp\/v2\/media\/12583"}],"wp:attachment":[{"href":"https:\/\/thaissl.com\/fr\/wp-json\/wp\/v2\/media?parent=13629"}],"wp:term":[{"taxonomy":"brand","embeddable":true,"href":"https:\/\/thaissl.com\/fr\/wp-json\/wp\/v2\/etheme_brands?post=13629"},{"taxonomy":"product_brand","embeddable":true,"href":"https:\/\/thaissl.com\/fr\/wp-json\/wp\/v2\/product_brand?post=13629"},{"taxonomy":"product_cat","embeddable":true,"href":"https:\/\/thaissl.com\/fr\/wp-json\/wp\/v2\/product_cat?post=13629"},{"taxonomy":"product_tag","embeddable":true,"href":"https:\/\/thaissl.com\/fr\/wp-json\/wp\/v2\/product_tag?post=13629"}],"curies":[{"name":"wp","href":"https:\/\/api.w.org\/{rel}","templated":true}]}}