{"id":13617,"date":"2023-05-15T08:51:00","date_gmt":"2023-05-15T08:51:00","guid":{"rendered":"https:\/\/thais.miempresa.online\/producto\/moustiquaire-arriere\/"},"modified":"2024-02-19T14:24:45","modified_gmt":"2024-02-19T14:24:45","slug":"moustiquaire-arriere","status":"publish","type":"product","link":"https:\/\/thaissl.com\/fr\/boutique\/accessoires-pour-fourgons-camper\/moustiquaire-arriere\/","title":{"rendered":"Moustiquaire arri\u00e8re"},"content":{"rendered":"<p style=\"text-align: justify;\">Toutes les moustiquaires sont \u00e9quip\u00e9es de fermetures \u00e9clair. Dans certains mod\u00e8les, elle est fix\u00e9e au v\u00e9hicule gr\u00e2ce \u00e0 un \u00e9lastique cousu tout autour de la moustiquaire, tandis que dans d&rsquo;autres, des aimants sont incorpor\u00e9s \u00e0 la moustiquaire. Dans les deux cas, il n&rsquo;est pas possible de fermer la porte arri\u00e8re avec la moustiquaire en place. Installation rapide en 15 secondes. Aimants avec fermeture \u00e9clair centrale pour Viano Viano, aimants et velcro adh\u00e9sif pour T5 et T6, contour en caoutchouc avec fermeture \u00e9clair en forme de U pour T4, Caddy et Michelangelo.<\/p>\n<p style=\"text-align: justify;\">Seul le Ford Transit Nugget 2015 permet de fermer la porte arri\u00e8re avec la moustiquaire install\u00e9e.<\/p>\n","protected":false},"excerpt":{"rendered":"<p>Moustiquaires con\u00e7ues sur mesure pour chaque mod\u00e8le.<\/p>\n","protected":false},"featured_media":12623,"template":"","meta":[],"etheme_brands":[],"product_brand":[],"product_cat":[123],"product_tag":[],"class_list":{"0":"post-13617","1":"product","2":"type-product","3":"status-publish","4":"has-post-thumbnail","6":"product_cat-accessoires-pour-fourgons-camper","7":"product_shipping_class-standard-c3-fr","9":"first","10":"instock","11":"taxable","12":"shipping-taxable","13":"purchasable","14":"product-type-variable"},"_links":{"self":[{"href":"https:\/\/thaissl.com\/fr\/wp-json\/wp\/v2\/product\/13617","targetHints":{"allow":["GET"]}}],"collection":[{"href":"https:\/\/thaissl.com\/fr\/wp-json\/wp\/v2\/product"}],"about":[{"href":"https:\/\/thaissl.com\/fr\/wp-json\/wp\/v2\/types\/product"}],"version-history":[{"count":1,"href":"https:\/\/thaissl.com\/fr\/wp-json\/wp\/v2\/product\/13617\/revisions"}],"predecessor-version":[{"id":16826,"href":"https:\/\/thaissl.com\/fr\/wp-json\/wp\/v2\/product\/13617\/revisions\/16826"}],"wp:featuredmedia":[{"embeddable":true,"href":"https:\/\/thaissl.com\/fr\/wp-json\/wp\/v2\/media\/12623"}],"wp:attachment":[{"href":"https:\/\/thaissl.com\/fr\/wp-json\/wp\/v2\/media?parent=13617"}],"wp:term":[{"taxonomy":"brand","embeddable":true,"href":"https:\/\/thaissl.com\/fr\/wp-json\/wp\/v2\/etheme_brands?post=13617"},{"taxonomy":"product_brand","embeddable":true,"href":"https:\/\/thaissl.com\/fr\/wp-json\/wp\/v2\/product_brand?post=13617"},{"taxonomy":"product_cat","embeddable":true,"href":"https:\/\/thaissl.com\/fr\/wp-json\/wp\/v2\/product_cat?post=13617"},{"taxonomy":"product_tag","embeddable":true,"href":"https:\/\/thaissl.com\/fr\/wp-json\/wp\/v2\/product_tag?post=13617"}],"curies":[{"name":"wp","href":"https:\/\/api.w.org\/{rel}","templated":true}]}}