{"id":13616,"date":"2023-05-15T08:52:14","date_gmt":"2023-05-15T08:52:14","guid":{"rendered":"https:\/\/thais.miempresa.online\/producto\/auvent-lateral\/"},"modified":"2023-05-15T08:52:14","modified_gmt":"2023-05-15T08:52:14","slug":"auvent-lateral","status":"publish","type":"product","link":"https:\/\/thaissl.com\/fr\/boutique\/accessoires-pour-fourgons-camper\/auvent-lateral\/","title":{"rendered":"Auvent lat\u00e9ral"},"content":{"rendered":"","protected":false},"excerpt":{"rendered":"<p>Auvent lat\u00e9ral de 200 x 250 cm (250 cm \u00e9tant la longueur du rail) en DuPont\u2122 Tyvek\u00ae avec ourlet pour ins\u00e9rer dans le rail des California T5\/T6 et Viano\/Classe V Marco Polo. Livr\u00e9 avec deux poteaux extensibles de 1,10 m \u00e0 2,00 m, tendeurs, sardines et sac de rangement.<\/p>\n","protected":false},"featured_media":12643,"template":"","meta":[],"etheme_brands":[],"product_brand":[],"product_cat":[123],"product_tag":[],"class_list":{"0":"post-13616","1":"product","2":"type-product","3":"status-publish","4":"has-post-thumbnail","6":"product_cat-accessoires-pour-fourgons-camper","7":"product_shipping_class-standard-c5-fr","9":"first","10":"instock","11":"taxable","12":"shipping-taxable","13":"purchasable","14":"product-type-simple"},"_links":{"self":[{"href":"https:\/\/thaissl.com\/fr\/wp-json\/wp\/v2\/product\/13616","targetHints":{"allow":["GET"]}}],"collection":[{"href":"https:\/\/thaissl.com\/fr\/wp-json\/wp\/v2\/product"}],"about":[{"href":"https:\/\/thaissl.com\/fr\/wp-json\/wp\/v2\/types\/product"}],"version-history":[{"count":0,"href":"https:\/\/thaissl.com\/fr\/wp-json\/wp\/v2\/product\/13616\/revisions"}],"wp:featuredmedia":[{"embeddable":true,"href":"https:\/\/thaissl.com\/fr\/wp-json\/wp\/v2\/media\/12643"}],"wp:attachment":[{"href":"https:\/\/thaissl.com\/fr\/wp-json\/wp\/v2\/media?parent=13616"}],"wp:term":[{"taxonomy":"brand","embeddable":true,"href":"https:\/\/thaissl.com\/fr\/wp-json\/wp\/v2\/etheme_brands?post=13616"},{"taxonomy":"product_brand","embeddable":true,"href":"https:\/\/thaissl.com\/fr\/wp-json\/wp\/v2\/product_brand?post=13616"},{"taxonomy":"product_cat","embeddable":true,"href":"https:\/\/thaissl.com\/fr\/wp-json\/wp\/v2\/product_cat?post=13616"},{"taxonomy":"product_tag","embeddable":true,"href":"https:\/\/thaissl.com\/fr\/wp-json\/wp\/v2\/product_tag?post=13616"}],"curies":[{"name":"wp","href":"https:\/\/api.w.org\/{rel}","templated":true}]}}