{"id":13613,"date":"2023-05-15T08:57:17","date_gmt":"2023-05-15T08:57:17","guid":{"rendered":"https:\/\/thais.miempresa.online\/producto\/draps-housse-impermeables-et-en-microfibre\/"},"modified":"2024-02-22T13:51:50","modified_gmt":"2024-02-22T13:51:50","slug":"draps-housse-impermeables-et-en-microfibre","status":"publish","type":"product","link":"https:\/\/thaissl.com\/fr\/boutique\/accessoires-pour-fourgons-camper\/draps-housse-impermeables-et-en-microfibre\/","title":{"rendered":"Draps housse imperm\u00e9ables et en microfibre"},"content":{"rendered":"<p><strong>Tailles et v\u00e9hicules disponibles<\/strong>:<\/p>\n<p>California T5\/T6: 198 x 120 x 5 cm.(lit sup\u00e9rieur de toit)<\/p>\n<p>California T5\/T6: 115 x 115 x 5 cm. (pour matelas de 2 pi\u00e8ces)<\/p>\n<p>California T5\/T6: 198 x 115 x 7 cm.<\/p>\n<p>California Beach: 185 x 150 x 7 cm.<\/p>\n<p>California T4: 198 x 115 x 7 cm.<\/p>\n<p>Viano Marco Polo\/ Clase V: 198 x 115 x 7cm.<\/p>\n<p>Viano Activity 3 pi\u00e9ces: 185 x 135 x 7 cm.<\/p>\n<p><span style=\"color: #800000;\">POSSIBILIT\u00c9 DE R\u00c9ALISER DES DRAPS HOUSSES IMPERM\u00c9ABLES.<\/span><\/p>\n","protected":false},"excerpt":{"rendered":"<p>Tailles et v\u00e9hicules disponibles: California T5\/T6: 198 x 120 x 5 cm.(lit sup\u00e9rieur de toit) California T5\/T6: 115 x 115 x 5 cm. (pour matelas&#8230;<\/p>\n","protected":false},"featured_media":12650,"template":"","meta":[],"etheme_brands":[],"product_brand":[],"product_cat":[123],"product_tag":[],"class_list":{"0":"post-13613","1":"product","2":"type-product","3":"status-publish","4":"has-post-thumbnail","6":"product_cat-accessoires-pour-fourgons-camper","7":"product_shipping_class-standard-c2-fr","9":"first","10":"instock","11":"taxable","12":"shipping-taxable","13":"purchasable","14":"product-type-variable"},"_links":{"self":[{"href":"https:\/\/thaissl.com\/fr\/wp-json\/wp\/v2\/product\/13613","targetHints":{"allow":["GET"]}}],"collection":[{"href":"https:\/\/thaissl.com\/fr\/wp-json\/wp\/v2\/product"}],"about":[{"href":"https:\/\/thaissl.com\/fr\/wp-json\/wp\/v2\/types\/product"}],"version-history":[{"count":1,"href":"https:\/\/thaissl.com\/fr\/wp-json\/wp\/v2\/product\/13613\/revisions"}],"predecessor-version":[{"id":17062,"href":"https:\/\/thaissl.com\/fr\/wp-json\/wp\/v2\/product\/13613\/revisions\/17062"}],"wp:featuredmedia":[{"embeddable":true,"href":"https:\/\/thaissl.com\/fr\/wp-json\/wp\/v2\/media\/12650"}],"wp:attachment":[{"href":"https:\/\/thaissl.com\/fr\/wp-json\/wp\/v2\/media?parent=13613"}],"wp:term":[{"taxonomy":"brand","embeddable":true,"href":"https:\/\/thaissl.com\/fr\/wp-json\/wp\/v2\/etheme_brands?post=13613"},{"taxonomy":"product_brand","embeddable":true,"href":"https:\/\/thaissl.com\/fr\/wp-json\/wp\/v2\/product_brand?post=13613"},{"taxonomy":"product_cat","embeddable":true,"href":"https:\/\/thaissl.com\/fr\/wp-json\/wp\/v2\/product_cat?post=13613"},{"taxonomy":"product_tag","embeddable":true,"href":"https:\/\/thaissl.com\/fr\/wp-json\/wp\/v2\/product_tag?post=13613"}],"curies":[{"name":"wp","href":"https:\/\/api.w.org\/{rel}","templated":true}]}}