{"id":13604,"date":"2023-05-15T09:03:53","date_gmt":"2023-05-15T09:03:53","guid":{"rendered":"https:\/\/thais.miempresa.online\/producto\/protecteur-anti-gel\/"},"modified":"2024-02-19T14:22:52","modified_gmt":"2024-02-19T14:22:52","slug":"protecteur-anti-gel","status":"publish","type":"product","link":"https:\/\/thaissl.com\/fr\/boutique\/accessoires-pour-fourgons-camper\/protecteur-anti-gel\/","title":{"rendered":"Protecteur anti-gel"},"content":{"rendered":"","protected":false},"excerpt":{"rendered":"<p style=\"text-align: justify;\">Protection fabriqu\u00e9e en DuPont\u2122 Tyvek\u00ae pour \u00e9viter les gel\u00e9es sur le pare-brise des fourgonnettes. Il dispose de deux rabats aux extr\u00e9mit\u00e9s pour les fixer aux portes avant et de velcro sur le dessus s&rsquo;il est achet\u00e9 avec la housse de toit relevable.<\/p>\n<p style=\"text-align: justify;\">\n","protected":false},"featured_media":12672,"template":"","meta":[],"etheme_brands":[],"product_brand":[],"product_cat":[123],"product_tag":[],"class_list":{"0":"post-13604","1":"product","2":"type-product","3":"status-publish","4":"has-post-thumbnail","6":"product_cat-accessoires-pour-fourgons-camper","7":"product_shipping_class-standard-c1-fr","9":"first","10":"instock","11":"taxable","12":"shipping-taxable","13":"purchasable","14":"product-type-variable"},"_links":{"self":[{"href":"https:\/\/thaissl.com\/fr\/wp-json\/wp\/v2\/product\/13604","targetHints":{"allow":["GET"]}}],"collection":[{"href":"https:\/\/thaissl.com\/fr\/wp-json\/wp\/v2\/product"}],"about":[{"href":"https:\/\/thaissl.com\/fr\/wp-json\/wp\/v2\/types\/product"}],"version-history":[{"count":1,"href":"https:\/\/thaissl.com\/fr\/wp-json\/wp\/v2\/product\/13604\/revisions"}],"predecessor-version":[{"id":16813,"href":"https:\/\/thaissl.com\/fr\/wp-json\/wp\/v2\/product\/13604\/revisions\/16813"}],"wp:featuredmedia":[{"embeddable":true,"href":"https:\/\/thaissl.com\/fr\/wp-json\/wp\/v2\/media\/12672"}],"wp:attachment":[{"href":"https:\/\/thaissl.com\/fr\/wp-json\/wp\/v2\/media?parent=13604"}],"wp:term":[{"taxonomy":"brand","embeddable":true,"href":"https:\/\/thaissl.com\/fr\/wp-json\/wp\/v2\/etheme_brands?post=13604"},{"taxonomy":"product_brand","embeddable":true,"href":"https:\/\/thaissl.com\/fr\/wp-json\/wp\/v2\/product_brand?post=13604"},{"taxonomy":"product_cat","embeddable":true,"href":"https:\/\/thaissl.com\/fr\/wp-json\/wp\/v2\/product_cat?post=13604"},{"taxonomy":"product_tag","embeddable":true,"href":"https:\/\/thaissl.com\/fr\/wp-json\/wp\/v2\/product_tag?post=13604"}],"curies":[{"name":"wp","href":"https:\/\/api.w.org\/{rel}","templated":true}]}}