{"id":13598,"date":"2023-05-15T09:17:54","date_gmt":"2023-05-15T09:17:54","guid":{"rendered":"https:\/\/thais.miempresa.online\/producto\/housse-exterieure-pour-camping-car\/"},"modified":"2024-02-19T14:22:27","modified_gmt":"2024-02-19T14:22:27","slug":"housse-exterieure-camping-car","status":"publish","type":"product","link":"https:\/\/thaissl.com\/fr\/boutique\/accessoires-pour-fourgons-camper\/housse-exterieure-camping-car\/","title":{"rendered":"Housse ext\u00e9rieure pour camping-car"},"content":{"rendered":"<p style=\"text-align: justify;\">Couleur: Blanc<\/p>\n<p><span style=\"color: #800000;\">Grand California<\/span><\/p>\n<p>Optionnel : PVC transparent pour panneau solaire frontal<\/p>\n","protected":false},"excerpt":{"rendered":"<p>Housses sur mesure fabriqu\u00e9es en <strong>DuPont\u2122 Tyvek\u00ae<\/strong> pour chaque mod\u00e8le, un mat\u00e9riau respirant, trait\u00e9 contre les rayons ultraviolets et r\u00e9sistant \u00e0 l&rsquo;eau. Toutes les housses sont \u00e9quip\u00e9es d&rsquo;une fermeture \u00e9clair d&rsquo;acc\u00e8s \u00e0 l&rsquo;int\u00e9rieur ainsi que d&rsquo;attaches \u00e0 d\u00e9gagement rapide au bas pour une meilleure fixation. Comprend un sac de rangement.<\/p>\n","protected":false},"featured_media":12729,"template":"","meta":[],"etheme_brands":[],"product_brand":[],"product_cat":[123],"product_tag":[],"class_list":{"0":"post-13598","1":"product","2":"type-product","3":"status-publish","4":"has-post-thumbnail","6":"product_cat-accessoires-pour-fourgons-camper","7":"product_shipping_class-standard-c4-fr","9":"first","10":"instock","11":"taxable","12":"shipping-taxable","13":"purchasable","14":"product-type-variable"},"_links":{"self":[{"href":"https:\/\/thaissl.com\/fr\/wp-json\/wp\/v2\/product\/13598","targetHints":{"allow":["GET"]}}],"collection":[{"href":"https:\/\/thaissl.com\/fr\/wp-json\/wp\/v2\/product"}],"about":[{"href":"https:\/\/thaissl.com\/fr\/wp-json\/wp\/v2\/types\/product"}],"version-history":[{"count":1,"href":"https:\/\/thaissl.com\/fr\/wp-json\/wp\/v2\/product\/13598\/revisions"}],"predecessor-version":[{"id":16811,"href":"https:\/\/thaissl.com\/fr\/wp-json\/wp\/v2\/product\/13598\/revisions\/16811"}],"wp:featuredmedia":[{"embeddable":true,"href":"https:\/\/thaissl.com\/fr\/wp-json\/wp\/v2\/media\/12729"}],"wp:attachment":[{"href":"https:\/\/thaissl.com\/fr\/wp-json\/wp\/v2\/media?parent=13598"}],"wp:term":[{"taxonomy":"brand","embeddable":true,"href":"https:\/\/thaissl.com\/fr\/wp-json\/wp\/v2\/etheme_brands?post=13598"},{"taxonomy":"product_brand","embeddable":true,"href":"https:\/\/thaissl.com\/fr\/wp-json\/wp\/v2\/product_brand?post=13598"},{"taxonomy":"product_cat","embeddable":true,"href":"https:\/\/thaissl.com\/fr\/wp-json\/wp\/v2\/product_cat?post=13598"},{"taxonomy":"product_tag","embeddable":true,"href":"https:\/\/thaissl.com\/fr\/wp-json\/wp\/v2\/product_tag?post=13598"}],"curies":[{"name":"wp","href":"https:\/\/api.w.org\/{rel}","templated":true}]}}