{"id":13591,"date":"2023-05-15T09:22:54","date_gmt":"2023-05-15T09:22:54","guid":{"rendered":"https:\/\/thais.miempresa.online\/producto\/matelas-en-mousse-a-memoire-de-forme-pour-toit-relevable\/"},"modified":"2024-02-19T14:19:36","modified_gmt":"2024-02-19T14:19:36","slug":"matelas-mousse-memoire-forme-toit-relevable","status":"publish","type":"product","link":"https:\/\/thaissl.com\/fr\/boutique\/accessoires-pour-fourgons-camper\/matelas-mousse-memoire-forme-toit-relevable\/","title":{"rendered":"Matelas en mousse \u00e0 m\u00e9moire de forme pour toit relevable"},"content":{"rendered":"<p style=\"text-align: justify;\"><strong>California T4 : Compos\u00e9 de deux pi\u00e8ces reli\u00e9es par une sangle cousue pour \u00e9viter qu&rsquo;elles ne se s\u00e9parent.<\/strong> D\u00e9pli\u00e9, il a des dimensions de 2,001,10 m et une \u00e9paisseur totale de 6 cm (3 cm de mousse densit\u00e9 30 kg + 3 cm de mousse \u00e0 m\u00e9moire de forme).<\/p>\n<p style=\"text-align: justify;\"><strong>California Beach T5\/T6 : Une pi\u00e8ce de 166120 cm et une autre pi\u00e8ce triangulaire de 110 cm.<\/strong> Les deux ont une \u00e9paisseur totale de 6 cm (3 cm de mousse densit\u00e9 30 kg + 3 cm de mousse \u00e0 m\u00e9moire de forme).<\/p>\n<p><strong>California T6.1 (NON DISPONIBLE) <span style=\"color: #800000;\"><\/span><\/strong><\/p>\n<p style=\"text-align: justify;\"><strong>Optionnel : Draps-housses sur mesure.<\/strong><\/p>\n<p style=\"text-align: justify;\">Il est possible de fermer le toit avec le matelas en place.<\/p>\n<p><span style=\"color: #800000;\">POSSIBILIT\u00c9 DE R\u00c9ALISER DES DRAPS HOUSSES IMPERM\u00c9ABLES.<\/span><\/p>\n","protected":false},"excerpt":{"rendered":"<p style=\"text-align: justify;\">Matelas pour lit de toit relevable.<\/p>\n<p style=\"text-align: justify;\">Option si vous souhaitez dormir plus confortablement sur le lit sup\u00e9rieur.<\/p>\n","protected":false},"featured_media":12746,"template":"","meta":[],"etheme_brands":[],"product_brand":[],"product_cat":[123],"product_tag":[],"class_list":{"0":"post-13591","1":"product","2":"type-product","3":"status-publish","4":"has-post-thumbnail","6":"product_cat-accessoires-pour-fourgons-camper","7":"product_shipping_class-standard-c11-fr","9":"first","10":"instock","11":"taxable","12":"shipping-taxable","13":"purchasable","14":"product-type-variable"},"_links":{"self":[{"href":"https:\/\/thaissl.com\/fr\/wp-json\/wp\/v2\/product\/13591","targetHints":{"allow":["GET"]}}],"collection":[{"href":"https:\/\/thaissl.com\/fr\/wp-json\/wp\/v2\/product"}],"about":[{"href":"https:\/\/thaissl.com\/fr\/wp-json\/wp\/v2\/types\/product"}],"version-history":[{"count":1,"href":"https:\/\/thaissl.com\/fr\/wp-json\/wp\/v2\/product\/13591\/revisions"}],"predecessor-version":[{"id":16788,"href":"https:\/\/thaissl.com\/fr\/wp-json\/wp\/v2\/product\/13591\/revisions\/16788"}],"wp:featuredmedia":[{"embeddable":true,"href":"https:\/\/thaissl.com\/fr\/wp-json\/wp\/v2\/media\/12746"}],"wp:attachment":[{"href":"https:\/\/thaissl.com\/fr\/wp-json\/wp\/v2\/media?parent=13591"}],"wp:term":[{"taxonomy":"brand","embeddable":true,"href":"https:\/\/thaissl.com\/fr\/wp-json\/wp\/v2\/etheme_brands?post=13591"},{"taxonomy":"product_brand","embeddable":true,"href":"https:\/\/thaissl.com\/fr\/wp-json\/wp\/v2\/product_brand?post=13591"},{"taxonomy":"product_cat","embeddable":true,"href":"https:\/\/thaissl.com\/fr\/wp-json\/wp\/v2\/product_cat?post=13591"},{"taxonomy":"product_tag","embeddable":true,"href":"https:\/\/thaissl.com\/fr\/wp-json\/wp\/v2\/product_tag?post=13591"}],"curies":[{"name":"wp","href":"https:\/\/api.w.org\/{rel}","templated":true}]}}