{"id":13589,"date":"2023-05-15T09:29:48","date_gmt":"2023-05-15T09:29:48","guid":{"rendered":"https:\/\/thais.miempresa.online\/producto\/sac-de-rangement-pour-siege\/"},"modified":"2024-02-19T14:15:29","modified_gmt":"2024-02-19T14:15:29","slug":"sac-rangement-siege","status":"publish","type":"product","link":"https:\/\/thaissl.com\/fr\/boutique\/accessoires-pour-fourgons-camper\/sac-rangement-siege\/","title":{"rendered":"Sac de rangement pour si\u00e8ge"},"content":{"rendered":"<p style=\"text-align: justify;\">Facile \u00e0 installer, peut \u00eatre install\u00e9 horizontalement ou verticalement selon les pr\u00e9f\u00e9rences.<\/p>\n<p>VW T5\/T6 Banquette trois places : Dimensions de 135*70*18 cm en triangle.<\/p>\n<p>Les sangles passent sous les supports des appuie-t\u00eate pour les fixer en place.<\/p>\n<p>&nbsp;<\/p>\n","protected":false},"excerpt":{"rendered":"<p>Ce sac \u00e0 fermeture \u00e9clair double curseur est principalement con\u00e7u pour ranger du linge de lit, des couettes, des \u00e9dredons, etc.<\/p>\n","protected":false},"featured_media":12758,"template":"","meta":[],"etheme_brands":[],"product_brand":[],"product_cat":[123],"product_tag":[],"class_list":{"0":"post-13589","1":"product","2":"type-product","3":"status-publish","4":"has-post-thumbnail","6":"product_cat-accessoires-pour-fourgons-camper","7":"product_shipping_class-standard-c3-fr","9":"first","10":"instock","11":"taxable","12":"shipping-taxable","13":"purchasable","14":"product-type-variable"},"_links":{"self":[{"href":"https:\/\/thaissl.com\/fr\/wp-json\/wp\/v2\/product\/13589","targetHints":{"allow":["GET"]}}],"collection":[{"href":"https:\/\/thaissl.com\/fr\/wp-json\/wp\/v2\/product"}],"about":[{"href":"https:\/\/thaissl.com\/fr\/wp-json\/wp\/v2\/types\/product"}],"version-history":[{"count":1,"href":"https:\/\/thaissl.com\/fr\/wp-json\/wp\/v2\/product\/13589\/revisions"}],"predecessor-version":[{"id":16738,"href":"https:\/\/thaissl.com\/fr\/wp-json\/wp\/v2\/product\/13589\/revisions\/16738"}],"wp:featuredmedia":[{"embeddable":true,"href":"https:\/\/thaissl.com\/fr\/wp-json\/wp\/v2\/media\/12758"}],"wp:attachment":[{"href":"https:\/\/thaissl.com\/fr\/wp-json\/wp\/v2\/media?parent=13589"}],"wp:term":[{"taxonomy":"brand","embeddable":true,"href":"https:\/\/thaissl.com\/fr\/wp-json\/wp\/v2\/etheme_brands?post=13589"},{"taxonomy":"product_brand","embeddable":true,"href":"https:\/\/thaissl.com\/fr\/wp-json\/wp\/v2\/product_brand?post=13589"},{"taxonomy":"product_cat","embeddable":true,"href":"https:\/\/thaissl.com\/fr\/wp-json\/wp\/v2\/product_cat?post=13589"},{"taxonomy":"product_tag","embeddable":true,"href":"https:\/\/thaissl.com\/fr\/wp-json\/wp\/v2\/product_tag?post=13589"}],"curies":[{"name":"wp","href":"https:\/\/api.w.org\/{rel}","templated":true}]}}