{"id":13576,"date":"2023-05-15T09:39:59","date_gmt":"2023-05-15T09:39:59","guid":{"rendered":"https:\/\/thais.miempresa.online\/producto\/enceinte-modulaire-pour-auvent\/"},"modified":"2023-05-15T09:39:59","modified_gmt":"2023-05-15T09:39:59","slug":"enceinte-modulaire-auvent","status":"publish","type":"product","link":"https:\/\/thaissl.com\/fr\/boutique\/accessoires-pour-fourgons-camper\/enceinte-modulaire-auvent\/","title":{"rendered":"Enceinte modulaire pour auvent"},"content":{"rendered":"<p><span style=\"color: #800000;\">OPTIONNEL : Sol d&rsquo;avanc\u00e9e de 300*250 cm en GRIS<\/span><\/p>\n<p style=\"text-align: justify;\">Disponible pour: Fiamma F35 220, 250 y 270. Original VW. Original Mercedes.<\/p>\n<p style=\"text-align: justify;\">Vid\u00e9o<\/p>\n<p>&nbsp;<\/p>\n<p><iframe loading=\"lazy\" title=\"Copie de l'ENCEINTE F35\" src=\"https:\/\/www.youtube.com\/embed\/1wVTfnV7Pm4\" width=\"917\" height=\"516\" frameborder=\"0\" allowfullscreen=\"allowfullscreen\"><\/iframe><\/p>\n","protected":false},"excerpt":{"rendered":"<p style=\"text-align: justify;\">Enceinte modulaire fabriqu\u00e9e en Tyvek Dupont, comprenant deux fen\u00eatres en PVC transparent anti-UV avec rideau int\u00e9rieur et une porte d&rsquo;acc\u00e8s avec fermeture \u00e9clair.<\/p>\n<p style=\"text-align: justify;\">Fixation \u00e0 la carrosserie du v\u00e9hicule par un syst\u00e8me de fermetures \u00e9clair et d&rsquo;aimants.<\/p>\n<p style=\"text-align: justify;\">Les trois parties peuvent \u00eatre install\u00e9es ind\u00e9pendamment selon les besoins.<\/p>\n","protected":false},"featured_media":12796,"template":"","meta":[],"etheme_brands":[],"product_brand":[],"product_cat":[123],"product_tag":[],"class_list":{"0":"post-13576","1":"product","2":"type-product","3":"status-publish","4":"has-post-thumbnail","6":"product_cat-accessoires-pour-fourgons-camper","8":"first","9":"instock","10":"taxable","11":"shipping-taxable","12":"purchasable","13":"product-type-variable"},"_links":{"self":[{"href":"https:\/\/thaissl.com\/fr\/wp-json\/wp\/v2\/product\/13576","targetHints":{"allow":["GET"]}}],"collection":[{"href":"https:\/\/thaissl.com\/fr\/wp-json\/wp\/v2\/product"}],"about":[{"href":"https:\/\/thaissl.com\/fr\/wp-json\/wp\/v2\/types\/product"}],"version-history":[{"count":0,"href":"https:\/\/thaissl.com\/fr\/wp-json\/wp\/v2\/product\/13576\/revisions"}],"wp:featuredmedia":[{"embeddable":true,"href":"https:\/\/thaissl.com\/fr\/wp-json\/wp\/v2\/media\/12796"}],"wp:attachment":[{"href":"https:\/\/thaissl.com\/fr\/wp-json\/wp\/v2\/media?parent=13576"}],"wp:term":[{"taxonomy":"brand","embeddable":true,"href":"https:\/\/thaissl.com\/fr\/wp-json\/wp\/v2\/etheme_brands?post=13576"},{"taxonomy":"product_brand","embeddable":true,"href":"https:\/\/thaissl.com\/fr\/wp-json\/wp\/v2\/product_brand?post=13576"},{"taxonomy":"product_cat","embeddable":true,"href":"https:\/\/thaissl.com\/fr\/wp-json\/wp\/v2\/product_cat?post=13576"},{"taxonomy":"product_tag","embeddable":true,"href":"https:\/\/thaissl.com\/fr\/wp-json\/wp\/v2\/product_tag?post=13576"}],"curies":[{"name":"wp","href":"https:\/\/api.w.org\/{rel}","templated":true}]}}