{"id":13574,"date":"2023-05-15T09:48:23","date_gmt":"2023-05-15T09:48:23","guid":{"rendered":"https:\/\/thais.miempresa.online\/producto\/moustiquaire-laterale\/"},"modified":"2025-11-27T11:08:17","modified_gmt":"2025-11-27T11:08:17","slug":"moustiquaire-laterale","status":"publish","type":"product","link":"https:\/\/thaissl.com\/fr\/boutique\/accessoires-pour-fourgons-camper\/moustiquaire-laterale\/","title":{"rendered":"Moustiquaire lat\u00e9rale"},"content":{"rendered":"<p>Disponible pour: T4, T5, T6, Viano \/ Clase V, Michelangelo, Vito y Trafic,etc..<\/p>\n<p><iframe loading=\"lazy\" title=\"Moustiquaire lat\u00e9rale avec aimants\" src=\"https:\/\/www.youtube.com\/embed\/ANPlmXTFYGI\" width=\"100%\" height=\"600\" frameborder=\"0\" allowfullscreen=\"allowfullscreen\"><\/iframe><\/p>\n","protected":false},"excerpt":{"rendered":"<p style=\"text-align: justify;\">Moustiquaires con\u00e7ues sur mesure pour chaque mod\u00e8le. Toutes les moustiquaires sont \u00e9quip\u00e9es de fermetures \u00e9clair. Elles se fixent au v\u00e9hicule \u00e0 l&rsquo;aide d&rsquo;aimants soud\u00e9s \u00e0 la moustiquaire.<\/p>\n<p>Pour la porte lat\u00e9rale du c\u00f4t\u00e9 passager.<\/p>\n<p style=\"text-align: justify;\">Comprend un sac de rangement.<\/p>\n","protected":false},"featured_media":12843,"template":"","meta":[],"etheme_brands":[],"product_brand":[],"product_cat":[123],"product_tag":[1136],"class_list":{"0":"post-13574","1":"product","2":"type-product","3":"status-publish","4":"has-post-thumbnail","6":"product_cat-accessoires-pour-fourgons-camper","7":"product_tag-eueu","8":"product_shipping_class-standard-c3-fr","10":"first","11":"instock","12":"taxable","13":"shipping-taxable","14":"purchasable","15":"product-type-variable"},"_links":{"self":[{"href":"https:\/\/thaissl.com\/fr\/wp-json\/wp\/v2\/product\/13574","targetHints":{"allow":["GET"]}}],"collection":[{"href":"https:\/\/thaissl.com\/fr\/wp-json\/wp\/v2\/product"}],"about":[{"href":"https:\/\/thaissl.com\/fr\/wp-json\/wp\/v2\/types\/product"}],"version-history":[{"count":1,"href":"https:\/\/thaissl.com\/fr\/wp-json\/wp\/v2\/product\/13574\/revisions"}],"predecessor-version":[{"id":16808,"href":"https:\/\/thaissl.com\/fr\/wp-json\/wp\/v2\/product\/13574\/revisions\/16808"}],"wp:featuredmedia":[{"embeddable":true,"href":"https:\/\/thaissl.com\/fr\/wp-json\/wp\/v2\/media\/12843"}],"wp:attachment":[{"href":"https:\/\/thaissl.com\/fr\/wp-json\/wp\/v2\/media?parent=13574"}],"wp:term":[{"taxonomy":"brand","embeddable":true,"href":"https:\/\/thaissl.com\/fr\/wp-json\/wp\/v2\/etheme_brands?post=13574"},{"taxonomy":"product_brand","embeddable":true,"href":"https:\/\/thaissl.com\/fr\/wp-json\/wp\/v2\/product_brand?post=13574"},{"taxonomy":"product_cat","embeddable":true,"href":"https:\/\/thaissl.com\/fr\/wp-json\/wp\/v2\/product_cat?post=13574"},{"taxonomy":"product_tag","embeddable":true,"href":"https:\/\/thaissl.com\/fr\/wp-json\/wp\/v2\/product_tag?post=13574"}],"curies":[{"name":"wp","href":"https:\/\/api.w.org\/{rel}","templated":true}]}}