{"id":13569,"date":"2023-05-15T09:57:59","date_gmt":"2023-05-15T09:57:59","guid":{"rendered":"https:\/\/thais.miempresa.online\/producto\/polyvalent-pour-hayon-arriere\/"},"modified":"2024-02-19T14:21:27","modified_gmt":"2024-02-19T14:21:27","slug":"toile-arriere-multi-usages","status":"publish","type":"product","link":"https:\/\/thaissl.com\/fr\/boutique\/accessoires-pour-fourgons-camper\/toile-arriere-multi-usages\/","title":{"rendered":"Polyvalent pour hayon arri\u00e8re"},"content":{"rendered":"<p style=\"text-align: justify;\">S&rsquo;il est utilis\u00e9 comme espace pour une douche, une b\u00e2che est fournie s\u00e9par\u00e9ment pour \u00e9viter d&rsquo;humidifier l&rsquo;int\u00e9rieur du v\u00e9hicule (protecteur de douche).<\/p>\n<p style=\"text-align: justify;\">Comprend un sac de rangement, des piquets et des \u00e9lastiques avec mousquetons.<\/p>\n<p style=\"text-align: justify;\">Disponible pour VW California T6,T5, WV Beach, WV California T4, Mercedes Viano, Vito, Renault Trafic, Citroen Berlingo XTR, Peugeot Partner Tepee Outdoor, Ford Nugget 2008-2014, Nugget nouveau 2015 et Caddy.<\/p>\n<p><iframe loading=\"lazy\" title=\"Colocaci\u00f3n Toldo port\u00f3n trasero Camper multiusos\" width=\"1170\" height=\"878\" src=\"https:\/\/www.youtube.com\/embed\/ddjm7UVKTPo?feature=oembed\" frameborder=\"0\" allow=\"accelerometer; autoplay; clipboard-write; encrypted-media; gyroscope; picture-in-picture; web-share\" allowfullscreen><\/iframe><\/p>\n","protected":false},"excerpt":{"rendered":"<p>Ce nouveau polyvalent pour hayon arri\u00e8re a \u00e9t\u00e9 modifi\u00e9 afin d&rsquo;\u00eatre encore plus facile \u00e0 installer gr\u00e2ce au capot avant int\u00e9gr\u00e9 et \u00e0 l&rsquo;\u00e9lastique \u00e0 l&rsquo;arri\u00e8re avec mousqueton en plastique.<\/p>\n<p>B\u00e2che confectionn\u00e9e en Tyvek Dupont.<\/p>\n","protected":false},"featured_media":12883,"template":"","meta":[],"etheme_brands":[],"product_brand":[],"product_cat":[123],"product_tag":[],"class_list":{"0":"post-13569","1":"product","2":"type-product","3":"status-publish","4":"has-post-thumbnail","6":"product_cat-accessoires-pour-fourgons-camper","7":"product_shipping_class-standard-c3-fr","9":"first","10":"instock","11":"taxable","12":"shipping-taxable","13":"purchasable","14":"product-type-variable"},"_links":{"self":[{"href":"https:\/\/thaissl.com\/fr\/wp-json\/wp\/v2\/product\/13569","targetHints":{"allow":["GET"]}}],"collection":[{"href":"https:\/\/thaissl.com\/fr\/wp-json\/wp\/v2\/product"}],"about":[{"href":"https:\/\/thaissl.com\/fr\/wp-json\/wp\/v2\/types\/product"}],"version-history":[{"count":1,"href":"https:\/\/thaissl.com\/fr\/wp-json\/wp\/v2\/product\/13569\/revisions"}],"predecessor-version":[{"id":16803,"href":"https:\/\/thaissl.com\/fr\/wp-json\/wp\/v2\/product\/13569\/revisions\/16803"}],"wp:featuredmedia":[{"embeddable":true,"href":"https:\/\/thaissl.com\/fr\/wp-json\/wp\/v2\/media\/12883"}],"wp:attachment":[{"href":"https:\/\/thaissl.com\/fr\/wp-json\/wp\/v2\/media?parent=13569"}],"wp:term":[{"taxonomy":"brand","embeddable":true,"href":"https:\/\/thaissl.com\/fr\/wp-json\/wp\/v2\/etheme_brands?post=13569"},{"taxonomy":"product_brand","embeddable":true,"href":"https:\/\/thaissl.com\/fr\/wp-json\/wp\/v2\/product_brand?post=13569"},{"taxonomy":"product_cat","embeddable":true,"href":"https:\/\/thaissl.com\/fr\/wp-json\/wp\/v2\/product_cat?post=13569"},{"taxonomy":"product_tag","embeddable":true,"href":"https:\/\/thaissl.com\/fr\/wp-json\/wp\/v2\/product_tag?post=13569"}],"curies":[{"name":"wp","href":"https:\/\/api.w.org\/{rel}","templated":true}]}}