{"id":13567,"date":"2023-05-15T10:12:27","date_gmt":"2023-05-15T10:12:27","guid":{"rendered":"https:\/\/thais.miempresa.online\/producto\/isolant-thermique-interieur-pour-toit-relevable\/"},"modified":"2025-12-04T07:59:45","modified_gmt":"2025-12-04T07:59:45","slug":"isolant-thermique-interieur-toit-relevable","status":"publish","type":"product","link":"https:\/\/thaissl.com\/fr\/boutique\/accessoires-pour-fourgons-camper\/isolant-thermique-interieur-toit-relevable\/","title":{"rendered":"Isolant thermique int\u00e9rieur pour toit relevable"},"content":{"rendered":"<p>California T6.1, T6, T5 et Beach : Facile \u00e0 installer gr\u00e2ce aux <strong>pi\u00e8ces en plaquen\u00e9-velcro<\/strong> <strong>et aux rivets.<\/strong><\/p>\n<p>California T4\/Viano MarcoPolo\/SCA 190\/Michelangelo\/Trafic\/Vivaro\/Primastar Sinter et Westfalia Nugget : <strong>Installation \u00e0 l&rsquo;aide de velcros adh\u00e9sifs<\/strong> <strong>et de rivets.<\/strong><\/p>\n<p><a href=\"\/wp-content\/uploads\/2023\/06\/Aislante-Viano-Marco-Polo.pdf\"><img loading=\"lazy\" loading=\"lazy\" decoding=\"async\" class=\"\" src=\"\/wp-content\/uploads\/2023\/05\/kisspng-pdf-computer-icons-vector-graphics-clip-art-adobe-deputycop-software-features-opg-form-completion-5b74f3b1754248.0526403715343912174803-300x300.png\" alt=\"\" width=\"45\" height=\"45\" title=\"|\"><\/a> <strong style=\"vertical-align: -webkit-baseline-middle;\"><a href=\"\/wp-content\/uploads\/2023\/06\/Aislante-Viano-Marco-Polo.pdf\"> Instrucciones de instalaci\u00f3n del aislante t\u00e9rmico de techo elevable Viano Marco Polo<\/a><\/strong><\/p>\n<p><a href=\"\/wp-content\/uploads\/2023\/06\/Aislante-T4.pdf\"><img loading=\"lazy\" loading=\"lazy\" decoding=\"async\" class=\"\" src=\"\/wp-content\/uploads\/2023\/05\/kisspng-pdf-computer-icons-vector-graphics-clip-art-adobe-deputycop-software-features-opg-form-completion-5b74f3b1754248.0526403715343912174803-300x300.png\" alt=\"\" width=\"45\" height=\"45\" title=\"|\"><\/a> <strong style=\"vertical-align: -webkit-baseline-middle;\"><a href=\"\/wp-content\/uploads\/2023\/06\/Aislante-T4.pdf\"> Instructions d&rsquo;installation de l&rsquo;isolant thermique pour toit relevable VW T4.<\/a><\/strong><\/p>\n<p><a href=\"\/wp-content\/uploads\/2024\/02\/aislante-termico-instruccionesb.pdf\"><img loading=\"lazy\" loading=\"lazy\" decoding=\"async\" class=\"\" src=\"\/wp-content\/uploads\/2023\/05\/kisspng-pdf-computer-icons-vector-graphics-clip-art-adobe-deputycop-software-features-opg-form-completion-5b74f3b1754248.0526403715343912174803-300x300.png\" alt=\"\" width=\"45\" height=\"45\" title=\"|\"><\/a> <strong style=\"vertical-align: -webkit-baseline-middle;\"><a href=\"\/wp-content\/uploads\/2024\/02\/aislante-termico-instruccionesb.pdf\"> Instructions d&rsquo;installation de l&rsquo;isolant thermique pour toit relevable VW T5\/T6.<\/a><\/strong><\/p>\n<p><iframe loading=\"lazy\" title=\"Isolant thermique pour toit relevable VW California.\" src=\"https:\/\/www.youtube.com\/embed\/UBriQI0jajA\" width=\"100%\" height=\"600\" frameborder=\"0\" allowfullscreen=\"allowfullscreen\"><\/iframe><\/p>\n","protected":false},"excerpt":{"rendered":"<p>Mat\u00e9riau isotherme trait\u00e9 contre les bact\u00e9ries, les champignons, les acariens et respirant \u00e0 la vapeur d&rsquo;eau. Housses con\u00e7ues sur mesure pour chaque mod\u00e8le.<\/p>\n<p>Les housses sont \u00e9quip\u00e9es de s\u00e9rie de deux fen\u00eatres lat\u00e9rales avec fermeture \u00e9clair, et en option, vous pouvez s\u00e9lectionner une fen\u00eatre frontale suppl\u00e9mentaire, bien que certains mod\u00e8les soient fabriqu\u00e9s d&rsquo;office avec les trois fen\u00eatres.<\/p>\n<p>Facile \u00e0 installer et tr\u00e8s pratique car vous pouvez abaisser le toit sans retirer l&rsquo;isolant.<\/p>\n","protected":false},"featured_media":12895,"template":"","meta":[],"etheme_brands":[],"product_brand":[],"product_cat":[123],"product_tag":[1136],"class_list":{"0":"post-13567","1":"product","2":"type-product","3":"status-publish","4":"has-post-thumbnail","6":"product_cat-accessoires-pour-fourgons-camper","7":"product_tag-eueu","8":"product_shipping_class-standard-c3-fr","10":"first","11":"instock","12":"taxable","13":"shipping-taxable","14":"purchasable","15":"product-type-variable"},"_links":{"self":[{"href":"https:\/\/thaissl.com\/fr\/wp-json\/wp\/v2\/product\/13567","targetHints":{"allow":["GET"]}}],"collection":[{"href":"https:\/\/thaissl.com\/fr\/wp-json\/wp\/v2\/product"}],"about":[{"href":"https:\/\/thaissl.com\/fr\/wp-json\/wp\/v2\/types\/product"}],"version-history":[{"count":4,"href":"https:\/\/thaissl.com\/fr\/wp-json\/wp\/v2\/product\/13567\/revisions"}],"predecessor-version":[{"id":25083,"href":"https:\/\/thaissl.com\/fr\/wp-json\/wp\/v2\/product\/13567\/revisions\/25083"}],"wp:featuredmedia":[{"embeddable":true,"href":"https:\/\/thaissl.com\/fr\/wp-json\/wp\/v2\/media\/12895"}],"wp:attachment":[{"href":"https:\/\/thaissl.com\/fr\/wp-json\/wp\/v2\/media?parent=13567"}],"wp:term":[{"taxonomy":"brand","embeddable":true,"href":"https:\/\/thaissl.com\/fr\/wp-json\/wp\/v2\/etheme_brands?post=13567"},{"taxonomy":"product_brand","embeddable":true,"href":"https:\/\/thaissl.com\/fr\/wp-json\/wp\/v2\/product_brand?post=13567"},{"taxonomy":"product_cat","embeddable":true,"href":"https:\/\/thaissl.com\/fr\/wp-json\/wp\/v2\/product_cat?post=13567"},{"taxonomy":"product_tag","embeddable":true,"href":"https:\/\/thaissl.com\/fr\/wp-json\/wp\/v2\/product_tag?post=13567"}],"curies":[{"name":"wp","href":"https:\/\/api.w.org\/{rel}","templated":true}]}}