{"id":13565,"date":"2023-05-15T10:19:43","date_gmt":"2023-05-15T10:19:43","guid":{"rendered":"https:\/\/thais.miempresa.online\/producto\/matelas-pliable\/"},"modified":"2024-02-19T14:19:12","modified_gmt":"2024-02-19T14:19:12","slug":"matelas-pliable","status":"publish","type":"product","link":"https:\/\/thaissl.com\/fr\/boutique\/accessoires-pour-fourgons-camper\/matelas-pliable\/","title":{"rendered":"Matelas pliable"},"content":{"rendered":"<p>Couleur: NOIR<\/p>\n<p><span style=\"color: #ff0000;\">OPTIONNEL VISCO\u00c9LASTIQUE : Lorsque vous choisissez l&rsquo;option visco\u00e9lastique, l&rsquo;\u00e9paisseur des matelas est de 7 cm (3 cm de visco\u00e9lastique + 4 cm de mousse 30 kg), sauf pour le mod\u00e8le deux pi\u00e8ces pour le California Comfortline qui doit \u00eatre de 5 cm (2 cm de visco\u00e9lastique + 3 cm de mousse).<\/span><\/p>\n<p><span style=\"color: #ff0000;\">Des matelas sur mesure sont confectionn\u00e9s.<\/span><\/p>\n<p>California Comfortline\/Ocean T5\/T6: 115 x 115cm. (2 pi\u00e8ces)<\/p>\n<p style=\"text-align: justify;\">California Comfortline\/Ocean T5\/T6: 198 x 115cm. (3 pi\u00e8ces)<\/p>\n<p style=\"text-align: justify;\">California BEACH\/MULTIVAN: 185 x 150cm. (3 pi\u00e8ces)<\/p>\n<p style=\"text-align: justify;\">California T4: 198 x 115cm. (3 pi\u00e8ces)<\/p>\n<p style=\"text-align: justify;\">Viano Marco Polo\/ Clase V: 198 x 115cm. (3 pi\u00e8ces)<\/p>\n<p style=\"text-align: justify;\">Viano Activity 3 piezas: 185 x 135cm. (3 pi\u00e8ces)<\/p>\n<p><span style=\"color: #800000;\">POSSIBILIT\u00c9 DE R\u00c9ALISER DES DRAPS HOUSSES IMPERM\u00c9ABLES.<\/span><\/p>\n<p>&nbsp;<\/p>\n<p>&nbsp;<\/p>\n<p><iframe loading=\"lazy\" title=\"MATELAS PLIABLE VISCO POUR VW CALIFORNIA BEACH\" src=\"https:\/\/www.youtube.com\/embed\/RM6ZHKGnxiQ\" width=\"100%\" height=\"600\" frameborder=\"0\" allowfullscreen=\"allowfullscreen\"><\/iframe><\/p>\n","protected":false},"excerpt":{"rendered":"<p style=\"text-align: justify;\">Con\u00e7us sur mesure pour chaque mod\u00e8le avec de la mousse de polyur\u00e9thane d&rsquo;une densit\u00e9 de 30 kg avec option visco\u00e9lastique. Chaque matelas pliable a les dimensions exactes du lit avec ses formes.<\/p>\n<p style=\"text-align: justify;\">Il ne reste que 10 cm de profondeur dans le coffre pour le mod\u00e8le deux pi\u00e8ces et 21 cm pour le mod\u00e8le trois pi\u00e8ces, car ils ont une \u00e9paisseur de 7 cm chacun.<\/p>\n","protected":false},"featured_media":12919,"template":"","meta":[],"etheme_brands":[],"product_brand":[],"product_cat":[123],"product_tag":[],"class_list":{"0":"post-13565","1":"product","2":"type-product","3":"status-publish","4":"has-post-thumbnail","6":"product_cat-accessoires-pour-fourgons-camper","7":"product_shipping_class-standard-c11-fr","9":"first","10":"instock","11":"taxable","12":"shipping-taxable","13":"purchasable","14":"product-type-variable"},"_links":{"self":[{"href":"https:\/\/thaissl.com\/fr\/wp-json\/wp\/v2\/product\/13565","targetHints":{"allow":["GET"]}}],"collection":[{"href":"https:\/\/thaissl.com\/fr\/wp-json\/wp\/v2\/product"}],"about":[{"href":"https:\/\/thaissl.com\/fr\/wp-json\/wp\/v2\/types\/product"}],"version-history":[{"count":1,"href":"https:\/\/thaissl.com\/fr\/wp-json\/wp\/v2\/product\/13565\/revisions"}],"predecessor-version":[{"id":16780,"href":"https:\/\/thaissl.com\/fr\/wp-json\/wp\/v2\/product\/13565\/revisions\/16780"}],"wp:featuredmedia":[{"embeddable":true,"href":"https:\/\/thaissl.com\/fr\/wp-json\/wp\/v2\/media\/12919"}],"wp:attachment":[{"href":"https:\/\/thaissl.com\/fr\/wp-json\/wp\/v2\/media?parent=13565"}],"wp:term":[{"taxonomy":"brand","embeddable":true,"href":"https:\/\/thaissl.com\/fr\/wp-json\/wp\/v2\/etheme_brands?post=13565"},{"taxonomy":"product_brand","embeddable":true,"href":"https:\/\/thaissl.com\/fr\/wp-json\/wp\/v2\/product_brand?post=13565"},{"taxonomy":"product_cat","embeddable":true,"href":"https:\/\/thaissl.com\/fr\/wp-json\/wp\/v2\/product_cat?post=13565"},{"taxonomy":"product_tag","embeddable":true,"href":"https:\/\/thaissl.com\/fr\/wp-json\/wp\/v2\/product_tag?post=13565"}],"curies":[{"name":"wp","href":"https:\/\/api.w.org\/{rel}","templated":true}]}}