{"id":13560,"date":"2023-05-15T10:26:17","date_gmt":"2023-05-15T10:26:17","guid":{"rendered":"https:\/\/thais.miempresa.online\/producto\/douche-portable-standard\/"},"modified":"2026-04-02T06:35:03","modified_gmt":"2026-04-02T06:35:03","slug":"douche-portable-standard","status":"publish","type":"product","link":"https:\/\/thaissl.com\/fr\/boutique\/accessoires-pour-fourgons-camper\/douche-portable-standard\/","title":{"rendered":"Douche portable standard"},"content":{"rendered":"<p style=\"text-align: justify;\">La base de douche est fabriqu\u00e9e en PVC et soud\u00e9e par haute fr\u00e9quence, sa surface mesure 60 cm x 60 cm et est \u00e9tanche.<\/p>\n<p style=\"text-align: justify;\">Elle peut \u00eatre pli\u00e9e en deux pour atteindre une hauteur de 1 m\u00e8tre, ce qui la rend adapt\u00e9e aux fourgons sans toit relevable ou pour les douches pour enfants.<\/p>\n<p>Pour le s\u00e9chage, il est conseill\u00e9 de la retourner et de la suspendre au soleil pendant quelques minutes.<\/p>\n<p style=\"text-align: justify;\">Comprend un sac de rangement.<\/p>\n<p>Bidon non inclus.<\/p>\n<p><span style=\"color: #ff0000;\">OPTIONNEL :<\/span><\/p>\n<p>Avec kit d&rsquo;\u00e9vacuation : Kit compos\u00e9 d&rsquo;1,2 m\u00e8tre de tuyau en caoutchouc + raccord de drainage.<\/p>\n<p>Sans kit d&rsquo;\u00e9vacuation : <strong>Il n&rsquo;y a ni raccord rapide ni tuyau de vidange, base \u00e9tanche.<\/strong><\/p>\n<p>Sangles de fixation : 4 sangles \u00e9lastiques de 60 cm avec mousquetons aux deux extr\u00e9mit\u00e9s.<\/p>\n<p>&nbsp;<\/p>\n<p><iframe loading=\"lazy\" title=\"DOUCHE\" src=\"https:\/\/www.youtube.com\/embed\/ZI_Gw3A_HiE\" width=\"1423\" height=\"620\" frameborder=\"0\" allowfullscreen=\"allowfullscreen\"><\/iframe><\/p>\n","protected":false},"excerpt":{"rendered":"<p>Cette douche portable est fabriqu\u00e9e en PVC. Elle est \u00e9quip\u00e9e d&rsquo;un rideau de 1,8 m\u00e8tre de hauteur avec une structure sup\u00e9rieure \u00e0 attacher aux diff\u00e9rents points d&rsquo;attache pr\u00e9sents sur le toit du v\u00e9hicule, ainsi que de quatre tiges de 60 cm \u00e0 mi-hauteur pour lui donner forme et \u00e9viter le contact avec le rideau. Avec fermeture \u00e9clair pour l&rsquo;acc\u00e8s.<\/p>\n","protected":false},"featured_media":12961,"template":"","meta":[],"etheme_brands":[],"product_brand":[],"product_cat":[123],"product_tag":[],"class_list":{"0":"post-13560","1":"product","2":"type-product","3":"status-publish","4":"has-post-thumbnail","6":"product_cat-accessoires-pour-fourgons-camper","7":"product_shipping_class-standard-c4-fr","9":"first","10":"instock","11":"taxable","12":"shipping-taxable","13":"purchasable","14":"product-type-variable"},"_links":{"self":[{"href":"https:\/\/thaissl.com\/fr\/wp-json\/wp\/v2\/product\/13560","targetHints":{"allow":["GET"]}}],"collection":[{"href":"https:\/\/thaissl.com\/fr\/wp-json\/wp\/v2\/product"}],"about":[{"href":"https:\/\/thaissl.com\/fr\/wp-json\/wp\/v2\/types\/product"}],"version-history":[{"count":3,"href":"https:\/\/thaissl.com\/fr\/wp-json\/wp\/v2\/product\/13560\/revisions"}],"predecessor-version":[{"id":25356,"href":"https:\/\/thaissl.com\/fr\/wp-json\/wp\/v2\/product\/13560\/revisions\/25356"}],"wp:featuredmedia":[{"embeddable":true,"href":"https:\/\/thaissl.com\/fr\/wp-json\/wp\/v2\/media\/12961"}],"wp:attachment":[{"href":"https:\/\/thaissl.com\/fr\/wp-json\/wp\/v2\/media?parent=13560"}],"wp:term":[{"taxonomy":"brand","embeddable":true,"href":"https:\/\/thaissl.com\/fr\/wp-json\/wp\/v2\/etheme_brands?post=13560"},{"taxonomy":"product_brand","embeddable":true,"href":"https:\/\/thaissl.com\/fr\/wp-json\/wp\/v2\/product_brand?post=13560"},{"taxonomy":"product_cat","embeddable":true,"href":"https:\/\/thaissl.com\/fr\/wp-json\/wp\/v2\/product_cat?post=13560"},{"taxonomy":"product_tag","embeddable":true,"href":"https:\/\/thaissl.com\/fr\/wp-json\/wp\/v2\/product_tag?post=13560"}],"curies":[{"name":"wp","href":"https:\/\/api.w.org\/{rel}","templated":true}]}}