{"id":13558,"date":"2023-05-15T10:31:21","date_gmt":"2023-05-15T10:31:21","guid":{"rendered":"https:\/\/thais.miempresa.online\/producto\/assombrissant-exterieur-pour-3-fenetres\/"},"modified":"2024-02-19T14:20:49","modified_gmt":"2024-02-19T14:20:49","slug":"assombrissant-exterieur-3-fenetres","status":"publish","type":"product","link":"https:\/\/thaissl.com\/fr\/boutique\/accessoires-pour-fourgons-camper\/assombrissant-exterieur-3-fenetres\/","title":{"rendered":"Assombrissant ext\u00e9rieur pour 3 fen\u00eatres"},"content":{"rendered":"","protected":false},"excerpt":{"rendered":"<p style=\"text-align: justify;\">Assombrissant ext\u00e9rieur pour les trois vitres avant. Il s&rsquo;installe tr\u00e8s facilement gr\u00e2ce aux rabats situ\u00e9s sur le dessus de chaque porte ainsi qu&rsquo;aux aimants dans les coins inf\u00e9rieurs.<\/p>\n<p style=\"text-align: justify;\">S&rsquo;il est achet\u00e9 avec la housse de toit, il peut \u00eatre attach\u00e9 avec du velcro.<\/p>\n","protected":false},"featured_media":13000,"template":"","meta":[],"etheme_brands":[],"product_brand":[],"product_cat":[123],"product_tag":[],"class_list":{"0":"post-13558","1":"product","2":"type-product","3":"status-publish","4":"has-post-thumbnail","6":"product_cat-accessoires-pour-fourgons-camper","7":"product_shipping_class-standard-c3-fr","9":"first","10":"instock","11":"taxable","12":"shipping-taxable","13":"purchasable","14":"product-type-variable"},"_links":{"self":[{"href":"https:\/\/thaissl.com\/fr\/wp-json\/wp\/v2\/product\/13558","targetHints":{"allow":["GET"]}}],"collection":[{"href":"https:\/\/thaissl.com\/fr\/wp-json\/wp\/v2\/product"}],"about":[{"href":"https:\/\/thaissl.com\/fr\/wp-json\/wp\/v2\/types\/product"}],"version-history":[{"count":1,"href":"https:\/\/thaissl.com\/fr\/wp-json\/wp\/v2\/product\/13558\/revisions"}],"predecessor-version":[{"id":16797,"href":"https:\/\/thaissl.com\/fr\/wp-json\/wp\/v2\/product\/13558\/revisions\/16797"}],"wp:featuredmedia":[{"embeddable":true,"href":"https:\/\/thaissl.com\/fr\/wp-json\/wp\/v2\/media\/13000"}],"wp:attachment":[{"href":"https:\/\/thaissl.com\/fr\/wp-json\/wp\/v2\/media?parent=13558"}],"wp:term":[{"taxonomy":"brand","embeddable":true,"href":"https:\/\/thaissl.com\/fr\/wp-json\/wp\/v2\/etheme_brands?post=13558"},{"taxonomy":"product_brand","embeddable":true,"href":"https:\/\/thaissl.com\/fr\/wp-json\/wp\/v2\/product_brand?post=13558"},{"taxonomy":"product_cat","embeddable":true,"href":"https:\/\/thaissl.com\/fr\/wp-json\/wp\/v2\/product_cat?post=13558"},{"taxonomy":"product_tag","embeddable":true,"href":"https:\/\/thaissl.com\/fr\/wp-json\/wp\/v2\/product_tag?post=13558"}],"curies":[{"name":"wp","href":"https:\/\/api.w.org\/{rel}","templated":true}]}}