{"id":13556,"date":"2023-05-15T10:37:12","date_gmt":"2023-05-15T10:37:12","guid":{"rendered":"https:\/\/thais.miempresa.online\/producto\/housse-de-toit-relevable-basique\/"},"modified":"2025-06-17T08:15:55","modified_gmt":"2025-06-17T08:15:55","slug":"housse-toit-relevable-basique","status":"publish","type":"product","link":"https:\/\/thaissl.com\/fr\/boutique\/accessoires-pour-fourgons-camper\/housse-toit-relevable-basique\/","title":{"rendered":"Housse de toit relevable BASIQUE"},"content":{"rendered":"<p style=\"text-align: justify;\">Les ventouses et tendeurs ne sont pas fournis.<\/p>\n<p style=\"text-align: justify;\">Comprend un sac de rangement.<\/p>\n<p style=\"text-align: justify;\"><strong>Vous pouvez ajouter \u00e0 la housse :<\/strong><\/p>\n<p style=\"text-align: justify;\"><strong>Fen\u00eatres : fen\u00eatre en PVC transparent avec fermeture \u00e9clair.<\/strong><\/p>\n<p style=\"text-align: justify;\"><strong>Passage pour panneau solaire : Ajout d&rsquo;un passage en PVC transparent pour l&rsquo;installation d&rsquo;un panneau solaire (un croquis avec les mesures de l&#8217;emplacement du panneau est n\u00e9cessaire).<\/strong><\/p>\n<p style=\"text-align: justify;\"><strong>Anti-givre : Pare-brise occultant, tr\u00e8s facile \u00e0 installer.<\/strong> Elle est \u00e9quip\u00e9e de velcro qui se fixe \u00e0 la partie avant inf\u00e9rieure de la housse, emp\u00eachant ainsi l&rsquo;entr\u00e9e d&rsquo;air, servant d&rsquo;obscurcissant et d&rsquo;antigel.<\/p>\n<p style=\"text-align: justify;\"><strong>Sac \u00e0 skis : Sac interne en Tyvek avec acc\u00e8s par une fermeture \u00e9clair frontale, sp\u00e9cialement con\u00e7u pour le rangement des skis, des chaussures et du mat\u00e9riel sportif.<\/strong><\/p>\n<p style=\"text-align: justify;\"><strong>Kit d&rsquo;\u00e9lastiques : \u00e9lastiques avec mousquetons en plastique pour attacher la housse \u00e0 l&rsquo;avant et \u00e0 l&rsquo;arri\u00e8re.<\/strong><\/p>\n<p><span style=\"color: #ff0000;\"><span style=\"color: #993300;\">IMPORTANT : Toutes les options d\u00e9roulantes doivent avoir une s\u00e9lection.<\/span><\/span><\/p>\n","protected":false},"excerpt":{"rendered":"<p style=\"text-align: justify;\">Housses sur mesure pour chaque mod\u00e8le en DuPont\u2122 Tyvek\u00ae, un mat\u00e9riau respirant, trait\u00e9 contre les rayons ultraviolets et r\u00e9sistant \u00e0 l&rsquo;eau.<\/p>\n<p style=\"text-align: justify;\">Con\u00e7ues pour prot\u00e9ger la b\u00e2che d&rsquo;origine de la pluie tout en isolant du froid et de la chaleur. Les housses sont dot\u00e9es de 14 points d&rsquo;attache. Elles peuvent \u00eatre fix\u00e9es \u00e0 l&rsquo;aide de ventouses, d&rsquo;\u00e9lastiques ou d&rsquo;autres m\u00e9thodes similaires.<\/p>\n","protected":false},"featured_media":13026,"template":"","meta":[],"etheme_brands":[],"product_brand":[],"product_cat":[123],"product_tag":[1136],"class_list":{"0":"post-13556","1":"product","2":"type-product","3":"status-publish","4":"has-post-thumbnail","6":"product_cat-accessoires-pour-fourgons-camper","7":"product_tag-eueu","8":"product_shipping_class-standard-c3-fr","10":"first","11":"instock","12":"taxable","13":"shipping-taxable","14":"purchasable","15":"product-type-variable"},"_links":{"self":[{"href":"https:\/\/thaissl.com\/fr\/wp-json\/wp\/v2\/product\/13556","targetHints":{"allow":["GET"]}}],"collection":[{"href":"https:\/\/thaissl.com\/fr\/wp-json\/wp\/v2\/product"}],"about":[{"href":"https:\/\/thaissl.com\/fr\/wp-json\/wp\/v2\/types\/product"}],"version-history":[{"count":1,"href":"https:\/\/thaissl.com\/fr\/wp-json\/wp\/v2\/product\/13556\/revisions"}],"predecessor-version":[{"id":16676,"href":"https:\/\/thaissl.com\/fr\/wp-json\/wp\/v2\/product\/13556\/revisions\/16676"}],"wp:featuredmedia":[{"embeddable":true,"href":"https:\/\/thaissl.com\/fr\/wp-json\/wp\/v2\/media\/13026"}],"wp:attachment":[{"href":"https:\/\/thaissl.com\/fr\/wp-json\/wp\/v2\/media?parent=13556"}],"wp:term":[{"taxonomy":"brand","embeddable":true,"href":"https:\/\/thaissl.com\/fr\/wp-json\/wp\/v2\/etheme_brands?post=13556"},{"taxonomy":"product_brand","embeddable":true,"href":"https:\/\/thaissl.com\/fr\/wp-json\/wp\/v2\/product_brand?post=13556"},{"taxonomy":"product_cat","embeddable":true,"href":"https:\/\/thaissl.com\/fr\/wp-json\/wp\/v2\/product_cat?post=13556"},{"taxonomy":"product_tag","embeddable":true,"href":"https:\/\/thaissl.com\/fr\/wp-json\/wp\/v2\/product_tag?post=13556"}],"curies":[{"name":"wp","href":"https:\/\/api.w.org\/{rel}","templated":true}]}}