{"id":13507,"date":"2023-05-15T10:47:11","date_gmt":"2023-05-15T10:47:11","guid":{"rendered":"https:\/\/thais.miempresa.online\/producto\/housse-pour-toit-relevable-premium\/"},"modified":"2024-02-22T13:21:15","modified_gmt":"2024-02-22T13:21:15","slug":"housse-pour-toit-relevable-premium","status":"publish","type":"product","link":"https:\/\/thaissl.com\/fr\/boutique\/accessoires-pour-fourgons-camper\/housse-pour-toit-relevable-premium\/","title":{"rendered":"Housse pour toit relevable PREMIUM"},"content":{"rendered":"<p style=\"text-align: justify;\">La housse est livr\u00e9e avec un sac de rangement et deux \u00e9lastiques avec mousquetons en plastique pour la fixation. Le plus court est utilis\u00e9 \u00e0 l&rsquo;arri\u00e8re et le plus long \u00e0 l&rsquo;avant, ce qui \u00e9vite l&rsquo;utilisation de ventouses !<\/p>\n<p style=\"text-align: justify;\">La housse Premium est \u00e9quip\u00e9e de deux fen\u00eatres lat\u00e9rales avec fermeture \u00e9clair pour une ventilation en \u00e9t\u00e9. Elles sont scell\u00e9es \u00e0 l&rsquo;int\u00e9rieur avec du ruban adh\u00e9sif DuPont\u2122 Tyvek\u00ae. Le PVC utilis\u00e9 pour les fen\u00eatres est trait\u00e9 contre les rayons UV.<\/p>\n<p style=\"text-align: justify;\">La housse Premium est con\u00e7ue pour prot\u00e9ger la toile d&rsquo;origine de la pluie tout en isolant du bruit, du froid et de la chaleur.<\/p>\n<p style=\"text-align: justify;\">Elle est fabriqu\u00e9e avec DuPont\u2122 Tyvek\u00ae, un mat\u00e9riau compos\u00e9 de fibres de poly\u00e9thyl\u00e8ne \u00e0 haute densit\u00e9, r\u00e9sistant, l\u00e9ger, imperm\u00e9able et permettant la circulation de l&rsquo;air (respirant), ce qui permet l&rsquo;\u00e9vaporation de la condensation et \u00e9vite les probl\u00e8mes d&rsquo;humidit\u00e9, de moisissure, de corrosion, etc. Ses propri\u00e9t\u00e9s garantissent une conservation parfaite de votre v\u00e9hicule.<\/p>\n<p style=\"text-align: justify;\"><em>Options disponibles :<\/em><\/p>\n<p style=\"text-align: justify;\"><strong>Fen\u00eatre avant : Fen\u00eatre suppl\u00e9mentaire en PVC transparent avec fermeture \u00e9clair r\u00e9versible. Deux fen\u00eatres lat\u00e9rales sont incluses en standard.<\/strong><\/p>\n<p style=\"text-align: justify;\"><strong>Passage pour panneau solaire : Ajout d&rsquo;un passage en PVC transparent pour l&rsquo;installation d&rsquo;un panneau solaire (un croquis avec les mesures de l&#8217;emplacement du panneau est n\u00e9cessaire).<\/strong><\/p>\n<p style=\"text-align: justify;\"><strong>Anti-givre : Pare-brise occultant, tr\u00e8s facile \u00e0 installer.<\/strong> Il est muni de velcro qui se fixe \u00e0 la partie inf\u00e9rieure avant de la housse, \u00e9vitant ainsi les courants d&rsquo;air. Il sert \u00e9galement de pare-soleil et d&rsquo;anti-givre.<\/p>\n<p style=\"text-align: justify;\"><strong>Sac \u00e0 skis : Sac interne en Tyvek avec acc\u00e8s par une fermeture \u00e9clair frontale, sp\u00e9cialement con\u00e7u pour le rangement des skis, des chaussures et du mat\u00e9riel sportif.<\/strong><\/p>\n<p style=\"text-align: justify;\"><strong>Accessoires<\/strong> : Si vous avez un auvent lat\u00e9ral, seules deux pi\u00e8ces de cordon avec velcro seront n\u00e9cessaires pour la fixation sur le c\u00f4t\u00e9 droit <strong>(kit de 2 pi\u00e8ces)<\/strong>. Si vous n&rsquo;avez pas d&rsquo;auvent lat\u00e9ral, une pi\u00e8ce de 265 cm sera n\u00e9cessaire <strong>(kit de 1 pi\u00e8ce).<\/strong> Les deux options peuvent \u00eatre choisies si vous retirez occasionnellement l&rsquo;auvent (kit de 3 pi\u00e8ces).<strong><\/strong><\/p>\n<p style=\"text-align: justify;\"><strong>Mod\u00e8les n\u00e9cessitant des guides :<\/strong><\/p>\n<p>SCA 190 (doit avoir des guides)<\/p>\n<p>SCA 194 (doit avoir des guides)<\/p>\n<p>Reimo easyfit 2115001C (doit avoir des guides)<\/p>\n<p><span style=\"color: #ff0000;\"><span style=\"color: #993300;\">IMPORTANT : Toutes les options d\u00e9roulantes doivent avoir une s\u00e9lection.<\/span><\/span><\/p>\n<p style=\"text-align: justify;\">Vid\u00e9os<\/p>\n<p><iframe loading=\"lazy\" title=\"Installation de la housse pour toit relevable Premium\" src=\"https:\/\/www.youtube.com\/embed\/8DGC4aV5Hv4\" width=\"100%\" height=\"600\" frameborder=\"0\" allowfullscreen=\"allowfullscreen\"><\/iframe><\/p>\n<p><iframe loading=\"lazy\" title=\"Retrait de la housse pour toit relevable Premium\" src=\"https:\/\/www.youtube.com\/embed\/L0yjKXqjHRw\" width=\"100%\" height=\"600\" frameborder=\"0\" allowfullscreen=\"allowfullscreen\"><\/iframe><\/p>\n","protected":false},"excerpt":{"rendered":"<p>La housse pour toit relevable Premium est cousue avec un cordon sur le c\u00f4t\u00e9 gauche qui est ins\u00e9r\u00e9 dans le guide d&rsquo;origine du v\u00e9hicule, de l&rsquo;autre c\u00f4t\u00e9, il y a du velcro cousu pour fixer les cordons avec du velcro fournis. Pour les v\u00e9hicules \u00e9quip\u00e9s d&rsquo;un auvent lat\u00e9ral, un tron\u00e7on de cordon d&rsquo;environ 40 cm sera utilis\u00e9 \u00e0 l&rsquo;avant et un autre de 7 cm \u00e0 l&rsquo;arri\u00e8re, car c&rsquo;est le seul espace libre du guide. Pour les v\u00e9hicules qui n&rsquo;ont pas d&rsquo;auvent lat\u00e9ral, un tron\u00e7on de cordon avec du velcro de 2,65 cm sera utilis\u00e9.<\/p>\n","protected":false},"featured_media":13053,"template":"","meta":[],"etheme_brands":[],"product_brand":[],"product_cat":[123],"product_tag":[1136],"class_list":{"0":"post-13507","1":"product","2":"type-product","3":"status-publish","4":"has-post-thumbnail","6":"product_cat-accessoires-pour-fourgons-camper","7":"product_tag-eueu","8":"product_shipping_class-standard-c3-fr","10":"first","11":"instock","12":"taxable","13":"shipping-taxable","14":"purchasable","15":"product-type-variable"},"_links":{"self":[{"href":"https:\/\/thaissl.com\/fr\/wp-json\/wp\/v2\/product\/13507","targetHints":{"allow":["GET"]}}],"collection":[{"href":"https:\/\/thaissl.com\/fr\/wp-json\/wp\/v2\/product"}],"about":[{"href":"https:\/\/thaissl.com\/fr\/wp-json\/wp\/v2\/types\/product"}],"version-history":[{"count":1,"href":"https:\/\/thaissl.com\/fr\/wp-json\/wp\/v2\/product\/13507\/revisions"}],"predecessor-version":[{"id":16584,"href":"https:\/\/thaissl.com\/fr\/wp-json\/wp\/v2\/product\/13507\/revisions\/16584"}],"wp:featuredmedia":[{"embeddable":true,"href":"https:\/\/thaissl.com\/fr\/wp-json\/wp\/v2\/media\/13053"}],"wp:attachment":[{"href":"https:\/\/thaissl.com\/fr\/wp-json\/wp\/v2\/media?parent=13507"}],"wp:term":[{"taxonomy":"brand","embeddable":true,"href":"https:\/\/thaissl.com\/fr\/wp-json\/wp\/v2\/etheme_brands?post=13507"},{"taxonomy":"product_brand","embeddable":true,"href":"https:\/\/thaissl.com\/fr\/wp-json\/wp\/v2\/product_brand?post=13507"},{"taxonomy":"product_cat","embeddable":true,"href":"https:\/\/thaissl.com\/fr\/wp-json\/wp\/v2\/product_cat?post=13507"},{"taxonomy":"product_tag","embeddable":true,"href":"https:\/\/thaissl.com\/fr\/wp-json\/wp\/v2\/product_tag?post=13507"}],"curies":[{"name":"wp","href":"https:\/\/api.w.org\/{rel}","templated":true}]}}