{"id":13505,"date":"2023-05-15T10:52:59","date_gmt":"2023-05-15T10:52:59","guid":{"rendered":"https:\/\/thais.miempresa.online\/producto\/housses-pour-caravane-et-camping-car\/"},"modified":"2024-02-22T13:21:59","modified_gmt":"2024-02-22T13:21:59","slug":"housse-caravane-et-camping-car","status":"publish","type":"product","link":"https:\/\/thaissl.com\/fr\/boutique\/accessoires-pour-camping-car\/housse-caravane-et-camping-car\/","title":{"rendered":"Housses pour Caravane et Camping-car"},"content":{"rendered":"<p style=\"text-align: justify;\">Housses sur mesure, avec une fermeture \u00e9clair sur la porte d&rsquo;acc\u00e8s pour faciliter l&rsquo;entr\u00e9e dans le v\u00e9hicule sans devoir retirer la housse enti\u00e8re.<\/p>\n<p style=\"text-align: justify;\">Des \u00e9lastiques sont pr\u00e9sents \u00e0 l&rsquo;avant et \u00e0 l&rsquo;arri\u00e8re, ainsi que des sangles en nylon sur les c\u00f4t\u00e9s qui passent sous le v\u00e9hicule et se fixent de l&rsquo;autre c\u00f4t\u00e9 avec une attache rapide.<\/p>\n<p style=\"text-align: justify;\">Un prot\u00e8ge-attache est inclus avec la housse.<\/p>\n<p style=\"text-align: justify;\">-Les frais de livraison sont gratuits jusqu&rsquo;\u00e0 votre domicile.<\/p>\n<p style=\"text-align: justify;\">-Le co\u00fbt d\u00e9pend de la longueur du v\u00e9hicule, \u00e0 80 \u20ac par m\u00e8tre lin\u00e9aire pour les caravanes et \u00e0 88 \u20ac par m\u00e8tre lin\u00e9aire pour les camping-cars.<\/p>\n<p style=\"text-align: justify;\"><a href=\"mailto:thais@thaissl.com\"><span id=\"result_box\" class=\"short_text\" lang=\"fr\"><span class=\"hps atn\">Contactez-nous.<\/span><\/span><\/a><\/p>\n<p><iframe loading=\"lazy\" title=\"Housse pour caravane\" src=\"https:\/\/www.youtube.com\/embed\/yVcPR1w2wvs\" width=\"100%\" height=\"600\" frameborder=\"0\" allowfullscreen=\"allowfullscreen\"><\/iframe><\/p>\n","protected":false},"excerpt":{"rendered":"<p>Le DuPont\u2122 Tyvek\u00ae est un mat\u00e9riau fabriqu\u00e9 \u00e0 partir de fibres de poly\u00e9thyl\u00e8ne \u00e0 haute densit\u00e9, r\u00e9sistant, l\u00e9ger, imperm\u00e9able et respirant, ce qui permet l&rsquo;\u00e9vaporation de la condensation et \u00e9vite les probl\u00e8mes d&rsquo;humidit\u00e9, de moisissure, de corrosion, etc. Ces propri\u00e9t\u00e9s garantissent la parfaite conservation de votre v\u00e9hicule.<\/p>\n<p style=\"text-align: justify;\"><a href=\"mailto:thais@thaissl.com\"><span id=\"result_box\" class=\"short_text\" lang=\"fr\"><span class=\"hps atn\">Contactez-nous.<\/span><\/span><\/a><\/p>\n","protected":false},"featured_media":13120,"template":"","meta":[],"etheme_brands":[],"product_brand":[],"product_cat":[122],"product_tag":[],"class_list":{"0":"post-13505","1":"product","2":"type-product","3":"status-publish","4":"has-post-thumbnail","6":"product_cat-accessoires-pour-camping-car","7":"product_shipping_class-standard-c3-fr","9":"first","10":"instock","11":"taxable","12":"shipping-taxable","13":"product-type-simple"},"_links":{"self":[{"href":"https:\/\/thaissl.com\/fr\/wp-json\/wp\/v2\/product\/13505","targetHints":{"allow":["GET"]}}],"collection":[{"href":"https:\/\/thaissl.com\/fr\/wp-json\/wp\/v2\/product"}],"about":[{"href":"https:\/\/thaissl.com\/fr\/wp-json\/wp\/v2\/types\/product"}],"version-history":[{"count":2,"href":"https:\/\/thaissl.com\/fr\/wp-json\/wp\/v2\/product\/13505\/revisions"}],"predecessor-version":[{"id":17053,"href":"https:\/\/thaissl.com\/fr\/wp-json\/wp\/v2\/product\/13505\/revisions\/17053"}],"wp:featuredmedia":[{"embeddable":true,"href":"https:\/\/thaissl.com\/fr\/wp-json\/wp\/v2\/media\/13120"}],"wp:attachment":[{"href":"https:\/\/thaissl.com\/fr\/wp-json\/wp\/v2\/media?parent=13505"}],"wp:term":[{"taxonomy":"brand","embeddable":true,"href":"https:\/\/thaissl.com\/fr\/wp-json\/wp\/v2\/etheme_brands?post=13505"},{"taxonomy":"product_brand","embeddable":true,"href":"https:\/\/thaissl.com\/fr\/wp-json\/wp\/v2\/product_brand?post=13505"},{"taxonomy":"product_cat","embeddable":true,"href":"https:\/\/thaissl.com\/fr\/wp-json\/wp\/v2\/product_cat?post=13505"},{"taxonomy":"product_tag","embeddable":true,"href":"https:\/\/thaissl.com\/fr\/wp-json\/wp\/v2\/product_tag?post=13505"}],"curies":[{"name":"wp","href":"https:\/\/api.w.org\/{rel}","templated":true}]}}