{"id":15377,"date":"2023-05-11T05:49:24","date_gmt":"2023-05-11T05:49:24","guid":{"rendered":"https:\/\/thais.miempresa.online\/politica-de-privacidad\/"},"modified":"2023-08-31T11:03:16","modified_gmt":"2023-08-31T11:03:16","slug":"politica-de-privacidad","status":"publish","type":"page","link":"https:\/\/thaissl.com\/fr\/politica-de-privacidad\/","title":{"rendered":"Pol\u00edtica de privacidad"},"content":{"rendered":"\t\t<div data-elementor-type=\"wp-page\" data-elementor-id=\"15377\" class=\"elementor elementor-15377 elementor-3\" data-elementor-post-type=\"page\">\n\t\t\t\t\t\t<section class=\"elementor-section elementor-top-section elementor-element elementor-element-51cfb39c elementor-section-boxed elementor-section-height-default elementor-section-height-default\" data-id=\"51cfb39c\" data-element_type=\"section\">\n\t\t\t\t\t\t<div class=\"elementor-container elementor-column-gap-default\">\n\t\t\t\t\t<div class=\"elementor-column elementor-col-100 elementor-top-column elementor-element elementor-element-40cf77ba\" data-id=\"40cf77ba\" data-element_type=\"column\">\n\t\t\t<div class=\"elementor-widget-wrap elementor-element-populated\">\n\t\t\t\t\t\t<div class=\"elementor-element elementor-element-15adbd8f elementor-widget elementor-widget-text-editor\" data-id=\"15adbd8f\" data-element_type=\"widget\" data-widget_type=\"text-editor.default\">\n\t\t\t\t<div class=\"elementor-widget-container\">\n\t\t\t\t\t\t\t\t\t<h1><strong>Politique de confidentialit\u00e9<\/strong><\/h1>\n<p>En acc\u00e9dant \u00e0 ce service et en l&rsquo;utilisant, vous acceptez d&rsquo;\u00eatre li\u00e9 par les termes et dispositions de cet accord. De plus, en utilisant ces services sp\u00e9cifiques, vous serez soumis \u00e0 toutes les r\u00e8gles ou directives d&rsquo;utilisation correspondantes qui ont \u00e9t\u00e9 publi\u00e9es pour ces services. Toute participation \u00e0 ce service constitue l&rsquo;acceptation de cet accord. Si vous n&rsquo;acceptez pas de vous conformer \u00e0 ce qui pr\u00e9c\u00e8de, veuillez ne pas utiliser ce service.<\/p>\n<p>Selon l&rsquo;article 10 de la Loi sur les Services de la Soci\u00e9t\u00e9 de l&rsquo;Information et du Commerce \u00c9lectronique (ci-apr\u00e8s d\u00e9nomm\u00e9e LSSI), de mani\u00e8re obligatoire, permanente, facile, directe et gratuite, NOUS VOUS INFORMONS :<\/p>\n<ol>\n<li>\n<ul>\n<li><b>Responsable du traitement de vos donn\u00e9es :<\/b><\/li>\n<\/ul>\n<\/li>\n<\/ol>\n<p>Identit\u00e9 : Thais D&amp;J Productos SL NIF : B96645718 Adresse postale : C \/ Torners, 4. Pol. Ind. Els Mollons. 46970. Valence. Espagne T\u00e9l\u00e9phone : 961 515 720 Courrier \u00e9lectronique : <a href=\"mailto:thais@thaissl.com\" target=\"_new\">thais@thaissl.com<\/a> D\u00e9l\u00e9gu\u00e9 \u00e0 la protection des donn\u00e9es : Thais D&amp;J Productos SL Contact DPD : <a href=\"http:\/\/www.thaissl.com\/\" target=\"_new\">www.thaissl.com<\/a> <a href=\"https:\/\/www.thaissl.com\/aviso-legal\/\" target=\"_new\">https:\/\/www.thaissl.com\/aviso-legal\/<\/a> Soci\u00e9t\u00e9 inscrite au Registre du Commerce de Valence, \u2026 et NIF B96645718.<\/p>\n<ol start=\"2\">\n<li>\n<ul>\n<li><b>Quelle est la finalit\u00e9 du traitement de vos donn\u00e9es personnelles ?<\/b><\/li>\n<\/ul>\n<\/li>\n<\/ol>\n<p>Sur <a href=\"http:\/\/www.www.thaissl.com\/\" target=\"_new\">www.www.thaissl.com<\/a>, nous traitons les informations fournies par les personnes int\u00e9ress\u00e9es dans les buts suivants : Dans le but de g\u00e9rer l&rsquo;envoi des informations demand\u00e9es. Fournir aux int\u00e9ress\u00e9s des offres de produits et services de leur int\u00e9r\u00eat. \u00catre en mesure de vous offrir nos produits et de les livrer apr\u00e8s l&rsquo;achat, que nous les vendions directement ou que la livraison soit effectu\u00e9e par un fournisseur tiers. Am\u00e9liorer votre exp\u00e9rience utilisateur. Pour atteindre ces objectifs, nous cr\u00e9erons un profil commercial sur la base des informations fournies.<\/p>\n<p>Aucune d\u00e9cision automatis\u00e9e ne sera prise en fonction des profils de la base de donn\u00e9es.<\/p>\n<p>Des e-mails automatis\u00e9s, pr\u00e9alablement programm\u00e9s par le titulaire des donn\u00e9es ou par ses fournisseurs de services ou employ\u00e9s, seront envoy\u00e9s dans le but d&rsquo;envoyer des informations sur les nouveaut\u00e9s du blog et les produits commerciaux qui seront propos\u00e9s via ce site Web, qu&rsquo;ils soient h\u00e9berg\u00e9s sur celui-ci ou sur des plateformes de fournisseurs tiers de ce service.<\/p>\n<p>Nous utiliserons \u00e9galement tous les types de cookies que nous consid\u00e9rons appropri\u00e9s pour notre entreprise.<\/p>\n<ol start=\"3\">\n<li>\n<ul>\n<li><b>Combien de temps conserverons-nous vos donn\u00e9es ?<\/b><\/li>\n<\/ul>\n<\/li>\n<\/ol>\n<p>Les donn\u00e9es personnelles fournies sur le site web <a href=\"http:\/\/www.www.thaissl.com\/\" target=\"_new\">www.www.thaissl.com<\/a> seront conserv\u00e9es pendant une p\u00e9riode de cinq ans \u00e0 partir de la derni\u00e8re confirmation de votre int\u00e9r\u00eat. Elles seront \u00e9galement conserv\u00e9es tant que la relation commerciale sera maintenue. Elles seront supprim\u00e9es lorsque leur suppression ou leur portabilit\u00e9 sera demand\u00e9e par l&rsquo;int\u00e9ress\u00e9.<\/p>\n<ol start=\"4\">\n<li>\n<ul>\n<li><b>L\u00e9gitimit\u00e9<\/b><\/li>\n<\/ul>\n<\/li>\n<\/ol>\n<p>Le traitement de vos donn\u00e9es personnelles est n\u00e9cessaire pour respecter les obligations l\u00e9gales d\u00e9coulant du d\u00e9cret royal 1720\/2001 du 21 d\u00e9cembre, approuvant le r\u00e8glement de d\u00e9veloppement de la loi organique 15\/1999 du 13 d\u00e9cembre sur la protection des donn\u00e9es \u00e0 caract\u00e8re personnel.<\/p>\n<p>La base l\u00e9gale du traitement de vos donn\u00e9es est l&rsquo;ex\u00e9cution de l&rsquo;abonnement en ligne au blog ou au formulaire de contact du site web <a href=\"http:\/\/www.www.thaissl.com\/\" target=\"_new\">www.www.thaissl.com<\/a>, ainsi que l&rsquo;acc\u00e8s \u00e0 tous les produits achet\u00e9s sur ce site.<\/p>\n<p>L&rsquo;offre de produits et services est bas\u00e9e sur le consentement demand\u00e9, sans que le retrait de ce consentement ne conditionne en aucun cas la prestation de services ou la livraison de produits en attente.<\/p>\n<ol start=\"5\">\n<li>\n<ul>\n<li><b>Destinataires auxquels vos donn\u00e9es seront communiqu\u00e9es<\/b><\/li>\n<\/ul>\n<\/li>\n<\/ol>\n<p>Les donn\u00e9es collect\u00e9es aupr\u00e8s des clients ou des employ\u00e9s via ce site web ne seront pas communiqu\u00e9es \u00e0 d&rsquo;autres entreprises.<\/p>\n<p>Thais D&amp;J Productos SL et les destinataires des donn\u00e9es disposeront de r\u00e8gles d&rsquo;entreprise contraignantes approuv\u00e9es par le Comit\u00e9 europ\u00e9en de protection des donn\u00e9es et disponibles sur <a href=\"https:\/\/www.www.thaissl.com\/aviso-legal\" target=\"_new\">https:\/\/www.www.thaissl.com\/aviso-legal<\/a>.<\/p>\n<ol start=\"6\">\n<li>\n<ul>\n<li><b>Quels sont vos droits lorsque vous nous fournissez vos donn\u00e9es ?<\/b><\/li>\n<\/ul>\n<\/li>\n<\/ol>\n<p>Toute personne a le droit d&rsquo;obtenir la confirmation que Thais D&amp;J Productos SL traite ou non des donn\u00e9es personnelles la concernant.<\/p>\n<p>Les personnes concern\u00e9es ont le droit d&rsquo;acc\u00e9der \u00e0 leurs donn\u00e9es personnelles, ainsi que de demander la rectification des donn\u00e9es inexactes ou, le cas \u00e9ch\u00e9ant, de demander leur suppression lorsque, entre autres raisons, les donn\u00e9es ne sont plus n\u00e9cessaires aux fins pour lesquelles elles ont \u00e9t\u00e9 collect\u00e9es.<\/p>\n<p>Dans certaines circonstances, les personnes concern\u00e9es peuvent demander la limitation du traitement de leurs donn\u00e9es, auquel cas nous ne les conserverons que pour l&rsquo;exercice ou la d\u00e9fense de r\u00e9clamations.<\/p>\n<p>Dans certaines circonstances et pour des raisons li\u00e9es \u00e0 leur situation particuli\u00e8re, les personnes concern\u00e9es peuvent s&rsquo;opposer au traitement de leurs donn\u00e9es.<\/p>\n<p>Thais D&amp;J Productos SL cessera de traiter les donn\u00e9es, sauf pour des motifs imp\u00e9rieux et l\u00e9gitimes ou pour l&rsquo;exercice ou la d\u00e9fense de r\u00e9clamations \u00e9ventuelles.<\/p>\n<ol start=\"7\">\n<li>\n<ul>\n<li><b>Comment avons-nous obtenu vos donn\u00e9es ?<\/b><\/li>\n<\/ul>\n<\/li>\n<\/ol>\n<p>Les donn\u00e9es personnelles que nous traitons chez Thais D&amp;J Productos SL proviennent soit du site web lui-m\u00eame, soit de courriels, de messagerie instantan\u00e9e ou de courrier postal de notre entreprise ou de soci\u00e9t\u00e9s du groupe.<\/p>\n<p>Les cat\u00e9gories de donn\u00e9es que nous traitons sont les suivantes :<\/p>\n<p>Donn\u00e9es d&rsquo;identification Codes ou cl\u00e9s d&rsquo;identification Adresses postales ou \u00e9lectroniques Informations commerciales Donn\u00e9es \u00e9conomiques Nous vous informons \u00e9galement que nous n&rsquo;obtenons pas r\u00e9guli\u00e8rement de donn\u00e9es particuli\u00e8rement prot\u00e9g\u00e9es.<\/p>\n<p>Si des donn\u00e9es particuli\u00e8rement prot\u00e9g\u00e9es parviennent \u00e0 notre entreprise, nous les prot\u00e9gerons conform\u00e9ment \u00e0 la r\u00e9glementation en vigueur.<\/p>\n<p>Conditions de souscription Par le biais de ces conditions l\u00e9gales de souscription, nous mettons \u00e0 disposition du consommateur les informations pr\u00e9-contractuelles vis\u00e9es \u00e0 l&rsquo;article 6 de la directive 2011\/83.<\/p>\n<ol>\n<li>\n<ul>\n<li><b>Identification<\/b><\/li>\n<\/ul>\n<\/li>\n<\/ol>\n<p>Les biens vendus via le site web <a href=\"http:\/\/www.www.thaissl.com\/\" target=\"_new\">www.www.thaissl.com<\/a> sont des produits d\u00e9finis comme des v\u00eatements et accessoires de vente au d\u00e9tail. Tous les produits ne sont pas vendus directement, mais parfois nous vendons par l&rsquo;interm\u00e9diaire de fournisseurs tiers.<\/p>\n<ol start=\"2\">\n<li>\n<ul>\n<li><b>L&rsquo;offre<\/b><\/li>\n<\/ul>\n<\/li>\n<\/ol>\n<p>La p\u00e9riode de validit\u00e9 de l&rsquo;offre est indiqu\u00e9e sur la page des produits sp\u00e9cifiques.<\/p>\n<ol start=\"3\">\n<li>\n<ul>\n<li><b>Droits du consommateur et garanties<\/b><\/li>\n<\/ul>\n<\/li>\n<\/ol>\n<p>En tant que consommateur, vous b\u00e9n\u00e9ficiez d&rsquo;une s\u00e9rie de droits et de garanties l\u00e9galement \u00e9tablis pour la vente de biens et de services via ce site web.<\/p>\n<ul>\n<li>\n<p>Droit \u00e0 une information claire et pr\u00e9alable Nous vous avons fourni des informations claires et suffisantes sur les caract\u00e9ristiques du produit ou du service offert, ainsi que sur le prix et les frais suppl\u00e9mentaires \u00e9ventuels.<\/p>\n<\/li>\n<li>\n<p>Droit de r\u00e9tractation En tant que consommateur, vous disposez d&rsquo;un d\u00e9lai de r\u00e9tractation de 14 jours \u00e0 compter de la date de r\u00e9ception des produits pour retourner les produits sans avoir \u00e0 justifier votre d\u00e9cision et sans support \u00e9conomique autre que les frais de retour. Vous devrez assumer les frais directs de renvoi des marchandises.<\/p>\n<\/li>\n<li>\n<p>Droit \u00e0 une garantie de conformit\u00e9 En tant que consommateur, vous avez le droit \u00e0 une garantie de deux ans \u00e0 compter de la date de livraison du produit. Dans les six premiers mois, la preuve d&rsquo;un \u00e9ventuel d\u00e9faut de conformit\u00e9 est \u00e0 la charge de notre entreprise. \u00c0 partir du septi\u00e8me mois, vous devrez prouver que le d\u00e9faut existait d\u00e9j\u00e0 au moment de la livraison.<\/p>\n<\/li>\n<\/ul>\n<ol start=\"4\">\n<li>\n<ul>\n<li><b>Prix et taxes<\/b><\/li>\n<\/ul>\n<\/li>\n<\/ol>\n<p>Le prix des produits est indiqu\u00e9 en euros sur la page de commande du site web. Le prix comprend la TVA et toute autre taxe applicable. Les frais de port, d&#8217;emballage ou d&rsquo;assurance ne sont pas inclus dans le prix.<\/p>\n<ol start=\"5\">\n<li>\n<ul>\n<li><b>Livraison<\/b><\/li>\n<\/ul>\n<\/li>\n<\/ol>\n<p>La date de livraison sera indiqu\u00e9e sur la page de commande sp\u00e9cifique pour chaque produit, bien que la plupart des produits soient livr\u00e9s sous 7 \u00e0 14 jours ouvrables.<\/p>\n<ol start=\"6\">\n<li>\n<ul>\n<li><b>Paiement<\/b><\/li>\n<\/ul>\n<\/li>\n<\/ol>\n<p>Le paiement sera effectu\u00e9 par virement bancaire, PayPal, carte de cr\u00e9dit ou tout autre moyen indiqu\u00e9 sur la page de commande sp\u00e9cifique pour chaque produit.<\/p>\n<ol start=\"7\">\n<li>\n<ul>\n<li><b>Service apr\u00e8s-vente<\/b><\/li>\n<\/ul>\n<\/li>\n<\/ol>\n<p>Nous mettons \u00e0 votre disposition le service apr\u00e8s-vente pour r\u00e9soudre tout probl\u00e8me ou r\u00e9pondre \u00e0 toute question li\u00e9e aux produits ou services offerts sur ce site web. Vous pouvez nous contacter par t\u00e9l\u00e9phone, par courrier \u00e9lectronique ou par le biais du formulaire de contact disponible sur le site web.<\/p>\n<ol start=\"8\">\n<li>\n<ul>\n<li><b>Commentaires, suggestions, plaintes et r\u00e9clamations<\/b><\/li>\n<\/ul>\n<\/li>\n<\/ol>\n<p>Vos commentaires et suggestions sont les bienvenus. Nous vous prions de nous faire part de toute plainte ou r\u00e9clamation par t\u00e9l\u00e9phone, par courrier \u00e9lectronique ou par le biais du formulaire de contact disponible sur le site web.<\/p>\n<ol start=\"9\">\n<li>\n<ul>\n<li><b>Juridiction<\/b><\/li>\n<\/ul>\n<\/li>\n<\/ol>\n<p>En cas de litige, les parties s&rsquo;engagent \u00e0 r\u00e9soudre les conflits \u00e0 l&rsquo;amiable. Si aucune solution amiable n&rsquo;est trouv\u00e9e, les parties se soumettront aux tribunaux comp\u00e9tents conform\u00e9ment \u00e0 la l\u00e9gislation en vigueur.<\/p><p><br><\/p><p>Les conditions g\u00e9n\u00e9rales auxquelles ce contrat est soumis se trouvent sur le site web https:\/\/www.www.thaissl.com\/aviso-legal.<br><\/p>\t\t\t\t\t\t\t\t<\/div>\n\t\t\t\t<\/div>\n\t\t\t\t\t<\/div>\n\t\t<\/div>\n\t\t\t\t\t<\/div>\n\t\t<\/section>\n\t\t\t\t<\/div>\n\t\t","protected":false},"excerpt":{"rendered":"<p>Politique de confidentialit\u00e9 En acc\u00e9dant \u00e0 ce service et en l&rsquo;utilisant, vous acceptez d&rsquo;\u00eatre li\u00e9 par les termes et dispositions de cet accord. De plus,&#8230;<\/p>\n","protected":false},"author":1,"featured_media":0,"parent":0,"menu_order":0,"comment_status":"closed","ping_status":"closed","template":"","meta":{"footnotes":""},"class_list":["post-15377","page","type-page","status-publish","hentry"],"_links":{"self":[{"href":"https:\/\/thaissl.com\/fr\/wp-json\/wp\/v2\/pages\/15377","targetHints":{"allow":["GET"]}}],"collection":[{"href":"https:\/\/thaissl.com\/fr\/wp-json\/wp\/v2\/pages"}],"about":[{"href":"https:\/\/thaissl.com\/fr\/wp-json\/wp\/v2\/types\/page"}],"author":[{"embeddable":true,"href":"https:\/\/thaissl.com\/fr\/wp-json\/wp\/v2\/users\/1"}],"replies":[{"embeddable":true,"href":"https:\/\/thaissl.com\/fr\/wp-json\/wp\/v2\/comments?post=15377"}],"version-history":[{"count":0,"href":"https:\/\/thaissl.com\/fr\/wp-json\/wp\/v2\/pages\/15377\/revisions"}],"wp:attachment":[{"href":"https:\/\/thaissl.com\/fr\/wp-json\/wp\/v2\/media?parent=15377"}],"curies":[{"name":"wp","href":"https:\/\/api.w.org\/{rel}","templated":true}]}}