{"id":11680,"date":"2021-08-11T18:31:21","date_gmt":"2021-08-11T18:31:21","guid":{"rendered":"https:\/\/thais.miempresa.online\/home\/"},"modified":"2024-02-19T13:22:04","modified_gmt":"2024-02-19T13:22:04","slug":"home","status":"publish","type":"page","link":"https:\/\/thaissl.com\/fr\/","title":{"rendered":"Home"},"content":{"rendered":"\t\t<div data-elementor-type=\"wp-page\" data-elementor-id=\"11680\" class=\"elementor elementor-11680 elementor-5342\" data-elementor-post-type=\"page\">\n\t\t\t\t\t\t<section class=\"elementor-section elementor-top-section elementor-element elementor-element-c9a78c6 elementor-section-boxed elementor-section-height-default elementor-section-height-default\" data-id=\"c9a78c6\" data-element_type=\"section\" data-settings=\"{&quot;background_background&quot;:&quot;slideshow&quot;,&quot;background_slideshow_gallery&quot;:[{&quot;id&quot;:11200,&quot;url&quot;:&quot;https:\\\/\\\/thaissl.com\\\/wp-content\\\/uploads\\\/2023\\\/05\\\/accesorios-camper-tienda-online.jpg&quot;},{&quot;id&quot;:11199,&quot;url&quot;:&quot;https:\\\/\\\/thaissl.com\\\/wp-content\\\/uploads\\\/2023\\\/05\\\/accesorios-camper.jpg&quot;}],&quot;background_slideshow_slide_duration&quot;:8000,&quot;background_slideshow_ken_burns&quot;:&quot;yes&quot;,&quot;background_slideshow_loop&quot;:&quot;yes&quot;,&quot;background_slideshow_slide_transition&quot;:&quot;fade&quot;,&quot;background_slideshow_transition_duration&quot;:500,&quot;background_slideshow_ken_burns_zoom_direction&quot;:&quot;in&quot;}\">\n\t\t\t\t\t\t<div class=\"elementor-container elementor-column-gap-default\">\n\t\t\t\t\t<div class=\"elementor-column elementor-col-100 elementor-top-column elementor-element elementor-element-51bee39\" data-id=\"51bee39\" data-element_type=\"column\">\n\t\t\t<div class=\"elementor-widget-wrap\">\n\t\t\t\t\t\t\t<\/div>\n\t\t<\/div>\n\t\t\t\t\t<\/div>\n\t\t<\/section>\n\t\t\t\t<section class=\"elementor-section elementor-top-section elementor-element elementor-element-36f132d elementor-section-boxed elementor-section-height-default elementor-section-height-default\" data-id=\"36f132d\" data-element_type=\"section\">\n\t\t\t\t\t\t<div class=\"elementor-container elementor-column-gap-default\">\n\t\t\t\t\t<div class=\"elementor-column elementor-col-50 elementor-top-column elementor-element elementor-element-b5a4dae\" data-id=\"b5a4dae\" data-element_type=\"column\">\n\t\t\t<div class=\"elementor-widget-wrap elementor-element-populated\">\n\t\t\t\t\t\t<div class=\"elementor-element elementor-element-556bc17 etheme-elementor-widget-loaded elementor-widget elementor-widget-image\" data-id=\"556bc17\" data-element_type=\"widget\" data-widget_type=\"image.default\">\n\t\t\t\t<div class=\"elementor-widget-container\">\n\t\t\t\t\t\t\t\t\t\t\t\t\t\t\t<img loading=\"lazy\" loading=\"lazy\" decoding=\"async\" width=\"768\" height=\"299\" src=\"https:\/\/i0.wp.com\/thaissl.com\/wp-content\/uploads\/\/2023\/05\/accesorios-camper-tienda-online-1.jpg?fit=768%2C299&amp;ssl=1\" class=\"attachment-large size-large wp-image-11455\" alt=\"\" srcset=\"https:\/\/i0.wp.com\/thaissl.com\/wp-content\/uploads\/\/2023\/05\/accesorios-camper-tienda-online-1.jpg?w=768&amp;ssl=1 768w, https:\/\/i0.wp.com\/thaissl.com\/wp-content\/uploads\/\/2023\/05\/accesorios-camper-tienda-online-1.jpg?resize=600%2C234&amp;ssl=1 600w, https:\/\/i0.wp.com\/thaissl.com\/wp-content\/uploads\/\/2023\/05\/accesorios-camper-tienda-online-1.jpg?resize=300%2C117&amp;ssl=1 300w\" sizes=\"auto, (max-width: 768px) 100vw, 768px\" title=\"|\">\t\t\t\t\t\t\t\t\t\t\t\t\t\t\t<\/div>\n\t\t\t\t<\/div>\n\t\t\t\t\t<\/div>\n\t\t<\/div>\n\t\t\t\t<div class=\"elementor-column elementor-col-50 elementor-top-column elementor-element elementor-element-63fcfb8\" data-id=\"63fcfb8\" data-element_type=\"column\">\n\t\t\t<div class=\"elementor-widget-wrap elementor-element-populated\">\n\t\t\t\t\t\t<div class=\"elementor-element elementor-element-6baa18d elementor-widget elementor-widget-text-editor\" data-id=\"6baa18d\" data-element_type=\"widget\" data-widget_type=\"text-editor.default\">\n\t\t\t\t<div class=\"elementor-widget-container\">\n\t\t\t\t\t\t\t\t\t<p>Nous sommes <strong>fabricants d\u2019accessoires pour fourgons<\/strong> et de housses pour <strong>caravanes et camping-cars<\/strong><\/p>\n\t\t\t\t\t\t\t\t<\/div>\n\t\t\t\t<\/div>\n\t\t\t\t<div class=\"elementor-element elementor-element-38b0ad4 elementor-widget elementor-widget-text-editor\" data-id=\"38b0ad4\" data-element_type=\"widget\" data-widget_type=\"text-editor.default\">\n\t\t\t\t<div class=\"elementor-widget-container\">\n\t\t\t\t\t\t\t\t\t<p>Notre entreprise situ\u00e9e \u00e0 Valencia se consacre exclusivement depuis plus de vingt ans \u00e0 la protection de tout type de v\u00e9hicules. <\/p>\n<p>L\u2019incorporation dans nos produits de nouvelles mati\u00e8res premi\u00e8res, suivant les propositions et suggestions de nos clients, nous permet de continuer \u00e0 offrir des solutions aux nouveaux besoins qui se pr\u00e9sentent. Parce que vos souhaits guident notre engagement.<\/p>\n\t\t\t\t\t\t\t\t<\/div>\n\t\t\t\t<\/div>\n\t\t\t\t\t<\/div>\n\t\t<\/div>\n\t\t\t\t\t<\/div>\n\t\t<\/section>\n\t\t\t\t<section class=\"elementor-section elementor-top-section elementor-element elementor-element-fbca960 elementor-section-stretched elementor-section-boxed elementor-section-height-default elementor-section-height-default\" data-id=\"fbca960\" data-element_type=\"section\" data-settings=\"{&quot;stretch_section&quot;:&quot;section-stretched&quot;,&quot;background_background&quot;:&quot;classic&quot;}\">\n\t\t\t\t\t\t<div class=\"elementor-container elementor-column-gap-default\">\n\t\t\t\t\t<div class=\"elementor-column elementor-col-100 elementor-top-column elementor-element elementor-element-df26a82\" data-id=\"df26a82\" data-element_type=\"column\">\n\t\t\t<div class=\"elementor-widget-wrap elementor-element-populated\">\n\t\t\t\t\t\t<section class=\"elementor-section elementor-inner-section elementor-element elementor-element-78178ab elementor-section-boxed elementor-section-height-default elementor-section-height-default\" data-id=\"78178ab\" data-element_type=\"section\">\n\t\t\t\t\t\t<div class=\"elementor-container elementor-column-gap-default\">\n\t\t\t\t\t<div class=\"elementor-column elementor-col-33 elementor-inner-column elementor-element elementor-element-ede9d29\" data-id=\"ede9d29\" data-element_type=\"column\">\n\t\t\t<div class=\"elementor-widget-wrap elementor-element-populated\">\n\t\t\t\t\t\t<div class=\"elementor-element elementor-element-674197e etheme-elementor-widget-loaded elementor-widget elementor-widget-image\" data-id=\"674197e\" data-element_type=\"widget\" data-widget_type=\"image.default\">\n\t\t\t\t<div class=\"elementor-widget-container\">\n\t\t\t\t\t\t\t\t\t\t\t\t<figure class=\"wp-caption\">\n\t\t\t\t\t\t\t\t\t\t\t<a href=\"https:\/\/thaissl.com\/en\/camper-producto\/camper-accessories\/\">\n\t\t\t\t\t\t\t<img loading=\"lazy\" loading=\"lazy\" decoding=\"async\" width=\"640\" height=\"480\" src=\"https:\/\/i0.wp.com\/thaissl.com\/wp-content\/uploads\/\/2024\/02\/BandejaExtraibleCalifornia_1-1.jpg?fit=640%2C480&amp;ssl=1\" class=\"elementor-animation-float attachment-full size-full wp-image-16345\" alt=\"\" srcset=\"https:\/\/i0.wp.com\/thaissl.com\/wp-content\/uploads\/\/2024\/02\/BandejaExtraibleCalifornia_1-1.jpg?w=640&amp;ssl=1 640w, https:\/\/i0.wp.com\/thaissl.com\/wp-content\/uploads\/\/2024\/02\/BandejaExtraibleCalifornia_1-1.jpg?resize=300%2C225&amp;ssl=1 300w, https:\/\/i0.wp.com\/thaissl.com\/wp-content\/uploads\/\/2024\/02\/BandejaExtraibleCalifornia_1-1.jpg?resize=600%2C450&amp;ssl=1 600w, https:\/\/i0.wp.com\/thaissl.com\/wp-content\/uploads\/\/2024\/02\/BandejaExtraibleCalifornia_1-1.jpg?resize=4%2C3&amp;ssl=1 4w, https:\/\/i0.wp.com\/thaissl.com\/wp-content\/uploads\/\/2024\/02\/BandejaExtraibleCalifornia_1-1.jpg?resize=10%2C8&amp;ssl=1 10w\" sizes=\"auto, (max-width: 640px) 100vw, 640px\" title=\"|\">\t\t\t\t\t\t\t\t<\/a>\n\t\t\t\t\t\t\t\t\t\t\t<figcaption class=\"widget-image-caption wp-caption-text\">Camper Accessories<\/figcaption>\n\t\t\t\t\t\t\t\t\t\t<\/figure>\n\t\t\t\t\t\t\t\t\t<\/div>\n\t\t\t\t<\/div>\n\t\t\t\t\t<\/div>\n\t\t<\/div>\n\t\t\t\t<div class=\"elementor-column elementor-col-33 elementor-inner-column elementor-element elementor-element-084e1b0\" data-id=\"084e1b0\" data-element_type=\"column\">\n\t\t\t<div class=\"elementor-widget-wrap elementor-element-populated\">\n\t\t\t\t\t\t<div class=\"elementor-element elementor-element-d880ff6 etheme-elementor-widget-loaded elementor-widget elementor-widget-image\" data-id=\"d880ff6\" data-element_type=\"widget\" data-widget_type=\"image.default\">\n\t\t\t\t<div class=\"elementor-widget-container\">\n\t\t\t\t\t\t\t\t\t\t\t\t<figure class=\"wp-caption\">\n\t\t\t\t\t\t\t\t\t\t\t<a href=\"https:\/\/thaissl.com\/en\/camper-producto\/caravan-covers-and-motorhome-covers\/\">\n\t\t\t\t\t\t\t<img loading=\"lazy\" loading=\"lazy\" decoding=\"async\" width=\"800\" height=\"600\" src=\"https:\/\/i0.wp.com\/thaissl.com\/wp-content\/uploads\/\/2024\/02\/ProtectorFrontalCaravana_1-1.jpg?fit=800%2C600&amp;ssl=1\" class=\"elementor-animation-float attachment-full size-full wp-image-16348\" alt=\"\" srcset=\"https:\/\/i0.wp.com\/thaissl.com\/wp-content\/uploads\/\/2024\/02\/ProtectorFrontalCaravana_1-1.jpg?w=800&amp;ssl=1 800w, https:\/\/i0.wp.com\/thaissl.com\/wp-content\/uploads\/\/2024\/02\/ProtectorFrontalCaravana_1-1.jpg?resize=300%2C225&amp;ssl=1 300w, https:\/\/i0.wp.com\/thaissl.com\/wp-content\/uploads\/\/2024\/02\/ProtectorFrontalCaravana_1-1.jpg?resize=768%2C576&amp;ssl=1 768w, https:\/\/i0.wp.com\/thaissl.com\/wp-content\/uploads\/\/2024\/02\/ProtectorFrontalCaravana_1-1.jpg?resize=600%2C450&amp;ssl=1 600w, https:\/\/i0.wp.com\/thaissl.com\/wp-content\/uploads\/\/2024\/02\/ProtectorFrontalCaravana_1-1.jpg?resize=4%2C3&amp;ssl=1 4w, https:\/\/i0.wp.com\/thaissl.com\/wp-content\/uploads\/\/2024\/02\/ProtectorFrontalCaravana_1-1.jpg?resize=10%2C8&amp;ssl=1 10w\" sizes=\"auto, (max-width: 800px) 100vw, 800px\" title=\"|\">\t\t\t\t\t\t\t\t<\/a>\n\t\t\t\t\t\t\t\t\t\t\t<figcaption class=\"widget-image-caption wp-caption-text\">Caravan and Motorhome Covers<\/figcaption>\n\t\t\t\t\t\t\t\t\t\t<\/figure>\n\t\t\t\t\t\t\t\t\t<\/div>\n\t\t\t\t<\/div>\n\t\t\t\t\t<\/div>\n\t\t<\/div>\n\t\t\t\t<div class=\"elementor-column elementor-col-33 elementor-inner-column elementor-element elementor-element-95bb15e\" data-id=\"95bb15e\" data-element_type=\"column\">\n\t\t\t<div class=\"elementor-widget-wrap elementor-element-populated\">\n\t\t\t\t\t\t<div class=\"elementor-element elementor-element-ad4a533 etheme-elementor-widget-loaded elementor-widget elementor-widget-image\" data-id=\"ad4a533\" data-element_type=\"widget\" data-widget_type=\"image.default\">\n\t\t\t\t<div class=\"elementor-widget-container\">\n\t\t\t\t\t\t\t\t\t\t\t\t<figure class=\"wp-caption\">\n\t\t\t\t\t\t\t\t\t\t\t<a href=\"https:\/\/thaissl.com\/en\/camper-producto\/covers-for-cars-and-motorcycles\/\">\n\t\t\t\t\t\t\t<img loading=\"lazy\" loading=\"lazy\" decoding=\"async\" width=\"400\" height=\"300\" src=\"https:\/\/i0.wp.com\/thaissl.com\/wp-content\/uploads\/\/2024\/02\/funda-para-coche-para-sol.jpg?fit=400%2C300&amp;ssl=1\" class=\"elementor-animation-float attachment-full size-full wp-image-16686\" alt=\"\" srcset=\"https:\/\/i0.wp.com\/thaissl.com\/wp-content\/uploads\/\/2024\/02\/funda-para-coche-para-sol.jpg?w=400&amp;ssl=1 400w, https:\/\/i0.wp.com\/thaissl.com\/wp-content\/uploads\/\/2024\/02\/funda-para-coche-para-sol.jpg?resize=300%2C225&amp;ssl=1 300w, https:\/\/i0.wp.com\/thaissl.com\/wp-content\/uploads\/\/2024\/02\/funda-para-coche-para-sol.jpg?resize=4%2C3&amp;ssl=1 4w, https:\/\/i0.wp.com\/thaissl.com\/wp-content\/uploads\/\/2024\/02\/funda-para-coche-para-sol.jpg?resize=10%2C8&amp;ssl=1 10w\" sizes=\"auto, (max-width: 400px) 100vw, 400px\" title=\"|\">\t\t\t\t\t\t\t\t<\/a>\n\t\t\t\t\t\t\t\t\t\t\t<figcaption class=\"widget-image-caption wp-caption-text\">Caravan and Motorhome Covers<\/figcaption>\n\t\t\t\t\t\t\t\t\t\t<\/figure>\n\t\t\t\t\t\t\t\t\t<\/div>\n\t\t\t\t<\/div>\n\t\t\t\t\t<\/div>\n\t\t<\/div>\n\t\t\t\t\t<\/div>\n\t\t<\/section>\n\t\t\t\t\t<\/div>\n\t\t<\/div>\n\t\t\t\t\t<\/div>\n\t\t<\/section>\n\t\t\t\t<\/div>\n\t\t","protected":false},"excerpt":{"rendered":"<p>Nous sommes fabricants d\u2019accessoires pour fourgons et de housses pour caravanes et camping-cars Notre entreprise situ\u00e9e \u00e0 Valencia se consacre exclusivement depuis plus de vingt&#8230;<\/p>\n","protected":false},"author":1,"featured_media":0,"parent":0,"menu_order":0,"comment_status":"closed","ping_status":"closed","template":"","meta":{"footnotes":""},"class_list":["post-11680","page","type-page","status-publish","hentry"],"_links":{"self":[{"href":"https:\/\/thaissl.com\/fr\/wp-json\/wp\/v2\/pages\/11680","targetHints":{"allow":["GET"]}}],"collection":[{"href":"https:\/\/thaissl.com\/fr\/wp-json\/wp\/v2\/pages"}],"about":[{"href":"https:\/\/thaissl.com\/fr\/wp-json\/wp\/v2\/types\/page"}],"author":[{"embeddable":true,"href":"https:\/\/thaissl.com\/fr\/wp-json\/wp\/v2\/users\/1"}],"replies":[{"embeddable":true,"href":"https:\/\/thaissl.com\/fr\/wp-json\/wp\/v2\/comments?post=11680"}],"version-history":[{"count":4,"href":"https:\/\/thaissl.com\/fr\/wp-json\/wp\/v2\/pages\/11680\/revisions"}],"predecessor-version":[{"id":16692,"href":"https:\/\/thaissl.com\/fr\/wp-json\/wp\/v2\/pages\/11680\/revisions\/16692"}],"wp:attachment":[{"href":"https:\/\/thaissl.com\/fr\/wp-json\/wp\/v2\/media?parent=11680"}],"curies":[{"name":"wp","href":"https:\/\/api.w.org\/{rel}","templated":true}]}}